{"id":1130,"date":"2025-12-17T19:45:03","date_gmt":"2025-12-17T18:45:35","guid":{"rendered":"https:\/\/assembllees-galezes.bzh\/index.php\/le-festival\/devenir-benvouant-2\/"},"modified":"2026-03-07T19:22:04","modified_gmt":"2026-03-07T18:22:04","slug":"devenir-benvouant-2","status":"publish","type":"page","link":"https:\/\/assembllees-galezes.bzh\/index.php\/le-festival\/devenir-benvouant-2\/","title":{"rendered":"Devenir benvoulant"},"content":{"rendered":"\n<h2 class=\"wp-block-heading has-text-align-center\">Devenir benvoulant<\/h2>\n\n\n\n<p>Salut !<\/p>\n\n\n\n<p>Te voil\u00e0 sur la page d&rsquo;inscription pour \u00eatre b\u00e9n\u00e9vole aux Assembll\u00e9e Gal\u00e8zes pendant la semaine du 13 juillet 2026 !<\/p>\n\n\n\n<p>Pour faire partie de cette semaine de folie, rien de plus simple, il te suffit de remplir le questionnaire suivant\u00a0: <a href=\"https:\/\/framaforms.org\/inscriptions-benevoles-assembllees-galezes-2026-1772558793\">https:\/\/framaforms.org\/inscriptions-benevoles-assembllees-galezes-2026-1772558793<\/a><\/p>\n\n\n\n<p><br>Toute l&rsquo;\u00e9quipe des Assembll\u00e9es Gal\u00e8zes a h\u00e2te de vous retrouver cet \u00e9t\u00e9 ! \ud83d\ude42<\/p>\n\n\n\n<p>Au plaisir,<br>C\u00e9lestin Hamon-M\u00e9rand <\/p>\n\n\n\n<p>Responsable B\u00e9n\u00e9vole<\/p>\n\n\n\n<p><\/p>\n","protected":false},"excerpt":{"rendered":"<p>Devenir benvoulant Salut ! Te voil\u00e0 sur la page d&rsquo;inscription pour \u00eatre b\u00e9n\u00e9vole aux Assembll\u00e9e Gal\u00e8zes pendant la semaine du 13 juillet 2026 ! Pour faire partie de cette semaine de folie, rien de plus simple, il te suffit de remplir le questionnaire suivant\u00a0: https:\/\/framaforms.org\/inscriptions-benevoles-assembllees-galezes-2026-1772558793 Toute l&rsquo;\u00e9quipe des Assembll\u00e9es Gal\u00e8zes &hellip;<\/p>\n","protected":false},"author":2,"featured_media":0,"parent":67,"menu_order":7,"comment_status":"closed","ping_status":"closed","template":"","meta":{"footnotes":""},"class_list":["post-1130","page","type-page","status-publish","hentry"],"_links":{"self":[{"href":"https:\/\/assembllees-galezes.bzh\/index.php\/wp-json\/wp\/v2\/pages\/1130","targetHints":{"allow":["GET"]}}],"collection":[{"href":"https:\/\/assembllees-galezes.bzh\/index.php\/wp-json\/wp\/v2\/pages"}],"about":[{"href":"https:\/\/assembllees-galezes.bzh\/index.php\/wp-json\/wp\/v2\/types\/page"}],"author":[{"embeddable":true,"href":"https:\/\/assembllees-galezes.bzh\/index.php\/wp-json\/wp\/v2\/users\/2"}],"replies":[{"embeddable":true,"href":"https:\/\/assembllees-galezes.bzh\/index.php\/wp-json\/wp\/v2\/comments?post=1130"}],"version-history":[{"count":9,"href":"https:\/\/assembllees-galezes.bzh\/index.php\/wp-json\/wp\/v2\/pages\/1130\/revisions"}],"predecessor-version":[{"id":1632,"href":"https:\/\/assembllees-galezes.bzh\/index.php\/wp-json\/wp\/v2\/pages\/1130\/revisions\/1632"}],"up":[{"embeddable":true,"href":"https:\/\/assembllees-galezes.bzh\/index.php\/wp-json\/wp\/v2\/pages\/67"}],"wp:attachment":[{"href":"https:\/\/assembllees-galezes.bzh\/index.php\/wp-json\/wp\/v2\/media?parent=1130"}],"curies":[{"name":"wp","href":"https:\/\/api.w.org\/{rel}","templated":true}]}}