{"id":114,"date":"2025-01-31T10:53:45","date_gmt":"2025-01-31T09:53:45","guid":{"rendered":"https:\/\/benvoulants.assembllees-galezes.bzh\/?page_id=114"},"modified":"2026-02-12T20:51:37","modified_gmt":"2026-02-12T19:51:37","slug":"stages","status":"publish","type":"page","link":"https:\/\/assembllees-galezes.bzh\/index.php\/le-festival\/stages\/","title":{"rendered":"Stages"},"content":{"rendered":"\n<h2 class=\"wp-block-heading has-text-align-center\">Les Stages<\/h2>\n\n\n\n<h2 class=\"wp-block-heading\"><\/h2>\n\n\n\n<p>La liste des stages est pr\u00e9sent\u00e9e ci-dessous (cliquer sur l&rsquo;ic\u00f4ne pour plus d&rsquo;informations).<\/p>\n\n\n\n<p>En ce qui concerne les <strong>infos pratiques<\/strong> li\u00e9es aux stages (tarifs, emploi du temps de la semaine, etc.), c&rsquo;est <a href=\"https:\/index.php\/informations-pratiques-des-stages\/\" data-type=\"page\" data-id=\"759\"><strong>ici<\/strong><\/a>.<\/p>\n\n\n\n<h2 class=\"wp-block-heading\"><\/h2>\n\n\n\n<div class=\"wp-block-columns is-layout-flex wp-container-core-columns-is-layout-9d6595d7 wp-block-columns-is-layout-flex\">\n<div class=\"wp-block-column is-layout-flow wp-block-column-is-layout-flow\">\n<div class=\"wp-block-columns is-layout-flex wp-container-core-columns-is-layout-9d6595d7 wp-block-columns-is-layout-flex\">\n<div class=\"wp-block-column is-layout-flow wp-block-column-is-layout-flow\">\n<figure class=\"wp-block-image size-full\"><a href=\"https:\/index.php\/le-festival\/stages\/accordeon-diatonique\/\"><img loading=\"lazy\" decoding=\"async\" width=\"512\" height=\"512\" src=\"https:\/\/benvoulants.assembllees-galezes.bzh\/wp-content\/uploads\/2025\/03\/accordeon.png\" alt=\"\" class=\"wp-image-565\" srcset=\"https:\/\/assembllees-galezes.bzh\/wp-content\/uploads\/2025\/03\/accordeon.png 512w, https:\/\/assembllees-galezes.bzh\/wp-content\/uploads\/2025\/03\/accordeon-300x300.png 300w, https:\/\/assembllees-galezes.bzh\/wp-content\/uploads\/2025\/03\/accordeon-150x150.png 150w, https:\/\/assembllees-galezes.bzh\/wp-content\/uploads\/2025\/03\/accordeon-200x200.png 200w\" sizes=\"auto, (max-width: 512px) 100vw, 512px\" \/><\/a><figcaption class=\"wp-element-caption\">Accord\u00e9on<\/figcaption><\/figure>\n<\/div>\n\n\n\n<div class=\"wp-block-column is-layout-flow wp-block-column-is-layout-flow\">\n<figure class=\"wp-block-image size-full is-resized\"><a href=\"https:\/index.php\/le-festival\/stages\/biniou-bombarde\/\"><img loading=\"lazy\" decoding=\"async\" width=\"1024\" height=\"1024\" src=\"https:\/\/benvoulants.assembllees-galezes.bzh\/wp-content\/uploads\/2025\/04\/biniou-bomarde-icone.png\" alt=\"\" class=\"wp-image-905\" style=\"width:244px;height:auto\" srcset=\"https:\/\/assembllees-galezes.bzh\/wp-content\/uploads\/2025\/04\/biniou-bomarde-icone.png 1024w, https:\/\/assembllees-galezes.bzh\/wp-content\/uploads\/2025\/04\/biniou-bomarde-icone-300x300.png 300w, https:\/\/assembllees-galezes.bzh\/wp-content\/uploads\/2025\/04\/biniou-bomarde-icone-150x150.png 150w, https:\/\/assembllees-galezes.bzh\/wp-content\/uploads\/2025\/04\/biniou-bomarde-icone-768x768.png 768w, https:\/\/assembllees-galezes.bzh\/wp-content\/uploads\/2025\/04\/biniou-bomarde-icone-200x200.png 200w\" sizes=\"auto, (max-width: 1024px) 100vw, 1024px\" \/><\/a><figcaption class=\"wp-element-caption\">Biniou &#8211; Bombarde<\/figcaption><\/figure>\n<\/div>\n<\/div>\n<\/div>\n\n\n\n<div class=\"wp-block-column is-layout-flow wp-block-column-is-layout-flow\">\n<div class=\"wp-block-columns is-layout-flex wp-container-core-columns-is-layout-9d6595d7 wp-block-columns-is-layout-flex\">\n<div class=\"wp-block-column is-layout-flow wp-block-column-is-layout-flow\">\n<figure class=\"wp-block-image size-full\"><a href=\"https:\/index.php\/le-festival\/stages\/clarinette\/\"><img loading=\"lazy\" decoding=\"async\" width=\"512\" height=\"512\" src=\"https:\/\/benvoulants.assembllees-galezes.bzh\/wp-content\/uploads\/2025\/03\/clarinette.png\" alt=\"\" class=\"wp-image-566\" srcset=\"https:\/\/assembllees-galezes.bzh\/wp-content\/uploads\/2025\/03\/clarinette.png 512w, https:\/\/assembllees-galezes.bzh\/wp-content\/uploads\/2025\/03\/clarinette-300x300.png 300w, https:\/\/assembllees-galezes.bzh\/wp-content\/uploads\/2025\/03\/clarinette-150x150.png 150w, https:\/\/assembllees-galezes.bzh\/wp-content\/uploads\/2025\/03\/clarinette-200x200.png 200w\" sizes=\"auto, (max-width: 512px) 100vw, 512px\" \/><\/a><figcaption class=\"wp-element-caption\">Clarinette<\/figcaption><\/figure>\n<\/div>\n\n\n\n<div class=\"wp-block-column is-layout-flow wp-block-column-is-layout-flow\">\n<figure class=\"wp-block-image size-full\"><a href=\"https:\/index.php\/le-festival\/stages\/chant\/\"><img loading=\"lazy\" decoding=\"async\" width=\"512\" height=\"512\" src=\"https:\/\/benvoulants.assembllees-galezes.bzh\/wp-content\/uploads\/2025\/03\/en-chantant.png\" alt=\"\" class=\"wp-image-567\" srcset=\"https:\/\/assembllees-galezes.bzh\/wp-content\/uploads\/2025\/03\/en-chantant.png 512w, https:\/\/assembllees-galezes.bzh\/wp-content\/uploads\/2025\/03\/en-chantant-300x300.png 300w, https:\/\/assembllees-galezes.bzh\/wp-content\/uploads\/2025\/03\/en-chantant-150x150.png 150w, https:\/\/assembllees-galezes.bzh\/wp-content\/uploads\/2025\/03\/en-chantant-200x200.png 200w\" sizes=\"auto, (max-width: 512px) 100vw, 512px\" \/><\/a><figcaption class=\"wp-element-caption\">Chant<\/figcaption><\/figure>\n<\/div>\n<\/div>\n<\/div>\n\n\n\n<div class=\"wp-block-column is-layout-flow wp-block-column-is-layout-flow\">\n<div class=\"wp-block-columns is-layout-flex wp-container-core-columns-is-layout-9d6595d7 wp-block-columns-is-layout-flex\">\n<div class=\"wp-block-column is-layout-flow wp-block-column-is-layout-flow\">\n<figure class=\"wp-block-image size-full\"><a href=\"https:\/index.php\/le-festival\/stages\/cordes-frottees\/\"><img loading=\"lazy\" decoding=\"async\" width=\"512\" height=\"512\" src=\"https:\/\/benvoulants.assembllees-galezes.bzh\/wp-content\/uploads\/2025\/04\/violon-1.png\" alt=\"\" class=\"wp-image-899\" srcset=\"https:\/\/assembllees-galezes.bzh\/wp-content\/uploads\/2025\/04\/violon-1.png 512w, https:\/\/assembllees-galezes.bzh\/wp-content\/uploads\/2025\/04\/violon-1-300x300.png 300w, https:\/\/assembllees-galezes.bzh\/wp-content\/uploads\/2025\/04\/violon-1-150x150.png 150w, https:\/\/assembllees-galezes.bzh\/wp-content\/uploads\/2025\/04\/violon-1-200x200.png 200w\" sizes=\"auto, (max-width: 512px) 100vw, 512px\" \/><\/a><figcaption class=\"wp-element-caption\">Cordes frott\u00e9es<\/figcaption><\/figure>\n<\/div>\n\n\n\n<div class=\"wp-block-column is-layout-flow wp-block-column-is-layout-flow\">\n<figure class=\"wp-block-image size-full\"><a href=\"https:\/index.php\/le-festival\/stages\/cordes-grattees\/\"><img loading=\"lazy\" decoding=\"async\" width=\"512\" height=\"512\" src=\"https:\/\/benvoulants.assembllees-galezes.bzh\/wp-content\/uploads\/2025\/03\/guitare.png\" alt=\"\" class=\"wp-image-637\" srcset=\"https:\/\/assembllees-galezes.bzh\/wp-content\/uploads\/2025\/03\/guitare.png 512w, https:\/\/assembllees-galezes.bzh\/wp-content\/uploads\/2025\/03\/guitare-300x300.png 300w, https:\/\/assembllees-galezes.bzh\/wp-content\/uploads\/2025\/03\/guitare-150x150.png 150w, https:\/\/assembllees-galezes.bzh\/wp-content\/uploads\/2025\/03\/guitare-200x200.png 200w\" sizes=\"auto, (max-width: 512px) 100vw, 512px\" \/><\/a><figcaption class=\"wp-element-caption\">Cordes gratt\u00e9es<\/figcaption><\/figure>\n<\/div>\n<\/div>\n<\/div>\n<\/div>\n\n\n\n<h2 class=\"wp-block-heading\"><\/h2>\n\n\n\n<div class=\"wp-block-columns is-layout-flex wp-container-core-columns-is-layout-9d6595d7 wp-block-columns-is-layout-flex\">\n<div class=\"wp-block-column is-layout-flow wp-block-column-is-layout-flow\">\n<div class=\"wp-block-columns is-layout-flex wp-container-core-columns-is-layout-9d6595d7 wp-block-columns-is-layout-flex\">\n<div class=\"wp-block-column is-layout-flow wp-block-column-is-layout-flow\">\n<figure class=\"wp-block-image size-full\"><a href=\"https:\/index.php\/le-festival\/stages\/danse\/\"><img loading=\"lazy\" decoding=\"async\" width=\"512\" height=\"512\" src=\"https:\/\/benvoulants.assembllees-galezes.bzh\/wp-content\/uploads\/2025\/03\/dansant.png\" alt=\"\" class=\"wp-image-638\" srcset=\"https:\/\/assembllees-galezes.bzh\/wp-content\/uploads\/2025\/03\/dansant.png 512w, https:\/\/assembllees-galezes.bzh\/wp-content\/uploads\/2025\/03\/dansant-300x300.png 300w, https:\/\/assembllees-galezes.bzh\/wp-content\/uploads\/2025\/03\/dansant-150x150.png 150w, https:\/\/assembllees-galezes.bzh\/wp-content\/uploads\/2025\/03\/dansant-200x200.png 200w\" sizes=\"auto, (max-width: 512px) 100vw, 512px\" \/><\/a><figcaption class=\"wp-element-caption\">Danse<\/figcaption><\/figure>\n<\/div>\n\n\n\n<div class=\"wp-block-column is-layout-flow wp-block-column-is-layout-flow\">\n<figure class=\"wp-block-image size-full\"><a href=\"https:\/index.php\/le-festival\/stages\/flute-traversiere\/\"><img loading=\"lazy\" decoding=\"async\" width=\"512\" height=\"512\" src=\"https:\/\/benvoulants.assembllees-galezes.bzh\/wp-content\/uploads\/2025\/03\/flute.png\" alt=\"\" class=\"wp-image-685\" srcset=\"https:\/\/assembllees-galezes.bzh\/wp-content\/uploads\/2025\/03\/flute.png 512w, https:\/\/assembllees-galezes.bzh\/wp-content\/uploads\/2025\/03\/flute-300x300.png 300w, https:\/\/assembllees-galezes.bzh\/wp-content\/uploads\/2025\/03\/flute-150x150.png 150w, https:\/\/assembllees-galezes.bzh\/wp-content\/uploads\/2025\/03\/flute-200x200.png 200w\" sizes=\"auto, (max-width: 512px) 100vw, 512px\" \/><\/a><figcaption class=\"wp-element-caption\">Fl\u00fbte traversi\u00e8re<\/figcaption><\/figure>\n<\/div>\n<\/div>\n<\/div>\n\n\n\n<div class=\"wp-block-column is-layout-flow wp-block-column-is-layout-flow\">\n<div class=\"wp-block-columns is-layout-flex wp-container-core-columns-is-layout-9d6595d7 wp-block-columns-is-layout-flex\">\n<div class=\"wp-block-column is-layout-flow wp-block-column-is-layout-flow\">\n<figure class=\"wp-block-image size-large\"><a href=\"https:\/index.php\/le-festival\/stages\/vielle-a-roue\/\"><img loading=\"lazy\" decoding=\"async\" width=\"1024\" height=\"1024\" src=\"https:\/\/assembllees-galezes.bzh\/wp-content\/uploads\/2025\/04\/Vielle-a-roue-icone-1024x1024.jpg\" alt=\"\" class=\"wp-image-903\" srcset=\"https:\/\/assembllees-galezes.bzh\/wp-content\/uploads\/2025\/04\/Vielle-a-roue-icone-1024x1024.jpg 1024w, https:\/\/assembllees-galezes.bzh\/wp-content\/uploads\/2025\/04\/Vielle-a-roue-icone-300x300.jpg 300w, https:\/\/assembllees-galezes.bzh\/wp-content\/uploads\/2025\/04\/Vielle-a-roue-icone-150x150.jpg 150w, https:\/\/assembllees-galezes.bzh\/wp-content\/uploads\/2025\/04\/Vielle-a-roue-icone-768x768.jpg 768w, https:\/\/assembllees-galezes.bzh\/wp-content\/uploads\/2025\/04\/Vielle-a-roue-icone-1536x1536.jpg 1536w, https:\/\/assembllees-galezes.bzh\/wp-content\/uploads\/2025\/04\/Vielle-a-roue-icone-2048x2048.jpg 2048w, https:\/\/assembllees-galezes.bzh\/wp-content\/uploads\/2025\/04\/Vielle-a-roue-icone-200x200.jpg 200w\" sizes=\"auto, (max-width: 1024px) 100vw, 1024px\" \/><\/a><figcaption class=\"wp-element-caption\">Vielle \u00e0 roue<\/figcaption><\/figure>\n<\/div>\n\n\n\n<div class=\"wp-block-column is-layout-flow wp-block-column-is-layout-flow\">\n<figure class=\"wp-block-image size-full\"><a href=\"https:\/index.php\/le-festival\/stages\/vannerie\/\"><img loading=\"lazy\" decoding=\"async\" width=\"512\" height=\"512\" src=\"https:\/\/assembllees-galezes.bzh\/wp-content\/uploads\/2025\/03\/panier-en-osier.png\" alt=\"\" class=\"wp-image-699\" srcset=\"https:\/\/assembllees-galezes.bzh\/wp-content\/uploads\/2025\/03\/panier-en-osier.png 512w, https:\/\/assembllees-galezes.bzh\/wp-content\/uploads\/2025\/03\/panier-en-osier-300x300.png 300w, https:\/\/assembllees-galezes.bzh\/wp-content\/uploads\/2025\/03\/panier-en-osier-150x150.png 150w, https:\/\/assembllees-galezes.bzh\/wp-content\/uploads\/2025\/03\/panier-en-osier-200x200.png 200w\" sizes=\"auto, (max-width: 512px) 100vw, 512px\" \/><\/a><figcaption class=\"wp-element-caption\">Vannerie<\/figcaption><\/figure>\n<\/div>\n<\/div>\n<\/div>\n\n\n\n<div class=\"wp-block-column is-layout-flow wp-block-column-is-layout-flow\">\n<div class=\"wp-block-columns is-layout-flex wp-container-core-columns-is-layout-9d6595d7 wp-block-columns-is-layout-flex\">\n<div class=\"wp-block-column is-layout-flow wp-block-column-is-layout-flow\">\n<figure class=\"wp-block-image size-full\"><a href=\"https:\/index.php\/le-festival\/stages\/harpe-celtique\/\"><img loading=\"lazy\" decoding=\"async\" width=\"512\" height=\"512\" src=\"https:\/\/benvoulants.assembllees-galezes.bzh\/wp-content\/uploads\/2025\/03\/harpe.png\" alt=\"\" class=\"wp-image-694\" srcset=\"https:\/\/assembllees-galezes.bzh\/wp-content\/uploads\/2025\/03\/harpe.png 512w, https:\/\/assembllees-galezes.bzh\/wp-content\/uploads\/2025\/03\/harpe-300x300.png 300w, https:\/\/assembllees-galezes.bzh\/wp-content\/uploads\/2025\/03\/harpe-150x150.png 150w, https:\/\/assembllees-galezes.bzh\/wp-content\/uploads\/2025\/03\/harpe-200x200.png 200w\" sizes=\"auto, (max-width: 512px) 100vw, 512px\" \/><\/a><figcaption class=\"wp-element-caption\">Harpe celtique<\/figcaption><\/figure>\n<\/div>\n\n\n\n<div class=\"wp-block-column is-layout-flow wp-block-column-is-layout-flow\">\n<figure class=\"wp-block-image size-full\"><a href=\"https:\/index.php\/le-festival\/stages\/jaze-es-galezes\/\"><img loading=\"lazy\" decoding=\"async\" width=\"512\" height=\"512\" src=\"https:\/\/benvoulants.assembllees-galezes.bzh\/wp-content\/uploads\/2025\/03\/instrument-de-musique.png\" alt=\"\" class=\"wp-image-695\" srcset=\"https:\/\/assembllees-galezes.bzh\/wp-content\/uploads\/2025\/03\/instrument-de-musique.png 512w, https:\/\/assembllees-galezes.bzh\/wp-content\/uploads\/2025\/03\/instrument-de-musique-300x300.png 300w, https:\/\/assembllees-galezes.bzh\/wp-content\/uploads\/2025\/03\/instrument-de-musique-150x150.png 150w, https:\/\/assembllees-galezes.bzh\/wp-content\/uploads\/2025\/03\/instrument-de-musique-200x200.png 200w\" sizes=\"auto, (max-width: 512px) 100vw, 512px\" \/><\/a><figcaption class=\"wp-element-caption\">J\u00e2ze es gal\u00e8zes<\/figcaption><\/figure>\n<\/div>\n<\/div>\n<\/div>\n<\/div>\n\n\n\n<h2 class=\"wp-block-heading\"><\/h2>\n\n\n\n<div class=\"wp-block-columns is-layout-flex wp-container-core-columns-is-layout-9d6595d7 wp-block-columns-is-layout-flex\">\n<div class=\"wp-block-column is-layout-flow wp-block-column-is-layout-flow\">\n<div class=\"wp-block-columns is-layout-flex wp-container-core-columns-is-layout-9d6595d7 wp-block-columns-is-layout-flex\">\n<div class=\"wp-block-column is-layout-flow wp-block-column-is-layout-flow\">\n<figure class=\"wp-block-image size-full\"><a href=\"https:\/index.php\/le-festival\/stages\/percussions\/\"><img loading=\"lazy\" decoding=\"async\" width=\"512\" height=\"512\" src=\"https:\/\/benvoulants.assembllees-galezes.bzh\/wp-content\/uploads\/2025\/03\/tambours.png\" alt=\"\" class=\"wp-image-696\" srcset=\"https:\/\/assembllees-galezes.bzh\/wp-content\/uploads\/2025\/03\/tambours.png 512w, https:\/\/assembllees-galezes.bzh\/wp-content\/uploads\/2025\/03\/tambours-300x300.png 300w, https:\/\/assembllees-galezes.bzh\/wp-content\/uploads\/2025\/03\/tambours-150x150.png 150w, https:\/\/assembllees-galezes.bzh\/wp-content\/uploads\/2025\/03\/tambours-200x200.png 200w\" sizes=\"auto, (max-width: 512px) 100vw, 512px\" \/><\/a><figcaption class=\"wp-element-caption\">Percussions<\/figcaption><\/figure>\n<\/div>\n\n\n\n<div class=\"wp-block-column is-layout-flow wp-block-column-is-layout-flow\">\n<figure class=\"wp-block-image size-full\"><a href=\"https:\/\/assembllees-galezes.bzh\/index.php\/le-festival\/stages\/poterie&amp;gallo\/\"><img loading=\"lazy\" decoding=\"async\" width=\"2560\" height=\"2560\" src=\"https:\/\/assembllees-galezes.bzh\/wp-content\/uploads\/2026\/02\/Des-poques-a-la-goule--scaled.png\" alt=\"\" class=\"wp-image-1353\" srcset=\"https:\/\/assembllees-galezes.bzh\/wp-content\/uploads\/2026\/02\/Des-poques-a-la-goule--scaled.png 2560w, https:\/\/assembllees-galezes.bzh\/wp-content\/uploads\/2026\/02\/Des-poques-a-la-goule--300x300.png 300w, https:\/\/assembllees-galezes.bzh\/wp-content\/uploads\/2026\/02\/Des-poques-a-la-goule--1024x1024.png 1024w, https:\/\/assembllees-galezes.bzh\/wp-content\/uploads\/2026\/02\/Des-poques-a-la-goule--150x150.png 150w, https:\/\/assembllees-galezes.bzh\/wp-content\/uploads\/2026\/02\/Des-poques-a-la-goule--768x768.png 768w, https:\/\/assembllees-galezes.bzh\/wp-content\/uploads\/2026\/02\/Des-poques-a-la-goule--1536x1536.png 1536w, https:\/\/assembllees-galezes.bzh\/wp-content\/uploads\/2026\/02\/Des-poques-a-la-goule--2048x2048.png 2048w, https:\/\/assembllees-galezes.bzh\/wp-content\/uploads\/2026\/02\/Des-poques-a-la-goule--200x200.png 200w\" sizes=\"auto, (max-width: 2560px) 100vw, 2560px\" \/><\/a><figcaption class=\"wp-element-caption\">De la terre aux jeux et aux contes en gallo<\/figcaption><\/figure>\n<\/div>\n<\/div>\n<\/div>\n\n\n\n<div class=\"wp-block-column is-layout-flow wp-block-column-is-layout-flow\">\n<div class=\"wp-block-columns is-layout-flex wp-container-core-columns-is-layout-9d6595d7 wp-block-columns-is-layout-flex\">\n<div class=\"wp-block-column is-layout-flow wp-block-column-is-layout-flow\">\n<figure class=\"wp-block-image size-full\"><a href=\"https:\/\/assembllees-galezes.bzh\/index.php\/le-festival\/stages\/gallo\/\"><img loading=\"lazy\" decoding=\"async\" width=\"376\" height=\"376\" src=\"https:\/\/assembllees-galezes.bzh\/wp-content\/uploads\/2025\/03\/logo-galo.png\" alt=\"\" class=\"wp-image-691\" srcset=\"https:\/\/assembllees-galezes.bzh\/wp-content\/uploads\/2025\/03\/logo-galo.png 376w, https:\/\/assembllees-galezes.bzh\/wp-content\/uploads\/2025\/03\/logo-galo-300x300.png 300w, https:\/\/assembllees-galezes.bzh\/wp-content\/uploads\/2025\/03\/logo-galo-150x150.png 150w, https:\/\/assembllees-galezes.bzh\/wp-content\/uploads\/2025\/03\/logo-galo-200x200.png 200w\" sizes=\"auto, (max-width: 376px) 100vw, 376px\" \/><\/a><figcaption class=\"wp-element-caption\">Galo<\/figcaption><\/figure>\n<\/div>\n\n\n\n<div class=\"wp-block-column is-layout-flow wp-block-column-is-layout-flow\"><\/div>\n<\/div>\n<\/div>\n\n\n\n<div class=\"wp-block-column is-layout-flow wp-block-column-is-layout-flow\"><\/div>\n<\/div>\n\n\n\n<h2 class=\"wp-block-heading\"><\/h2>\n\n\n\n<div class=\"wp-block-columns is-layout-flex wp-container-core-columns-is-layout-9d6595d7 wp-block-columns-is-layout-flex\">\n<div class=\"wp-block-column is-layout-flow wp-block-column-is-layout-flow\">\n<figure class=\"wp-block-image size-large\"><a href=\"https:\/\/assembllees-galezes.bzh\/index.php\/inscription-moyen-de-paiement\/\"><img loading=\"lazy\" decoding=\"async\" width=\"1024\" height=\"149\" src=\"https:\/\/assembllees-galezes.bzh\/wp-content\/uploads\/2026\/01\/3-3-1024x149.png\" alt=\"\" class=\"wp-image-1180\" srcset=\"https:\/\/assembllees-galezes.bzh\/wp-content\/uploads\/2026\/01\/3-3-1024x149.png 1024w, https:\/\/assembllees-galezes.bzh\/wp-content\/uploads\/2026\/01\/3-3-300x44.png 300w, https:\/\/assembllees-galezes.bzh\/wp-content\/uploads\/2026\/01\/3-3-768x112.png 768w, https:\/\/assembllees-galezes.bzh\/wp-content\/uploads\/2026\/01\/3-3-1536x223.png 1536w, https:\/\/assembllees-galezes.bzh\/wp-content\/uploads\/2026\/01\/3-3-2048x298.png 2048w, https:\/\/assembllees-galezes.bzh\/wp-content\/uploads\/2026\/01\/3-3-941x137.png 941w\" sizes=\"auto, (max-width: 1024px) 100vw, 1024px\" \/><\/a><\/figure>\n<\/div>\n\n\n\n<div class=\"wp-block-column is-layout-flow wp-block-column-is-layout-flow\">\n<figure class=\"wp-block-image size-large\"><a href=\"https:\/\/assembllees-galezes.bzh\/index.php\/informations-pratiques-des-stages\/\"><img loading=\"lazy\" decoding=\"async\" width=\"1024\" height=\"149\" src=\"https:\/\/assembllees-galezes.bzh\/wp-content\/uploads\/2026\/01\/4-3-1024x149.png\" alt=\"\" class=\"wp-image-1181\" srcset=\"https:\/\/assembllees-galezes.bzh\/wp-content\/uploads\/2026\/01\/4-3-1024x149.png 1024w, https:\/\/assembllees-galezes.bzh\/wp-content\/uploads\/2026\/01\/4-3-300x44.png 300w, https:\/\/assembllees-galezes.bzh\/wp-content\/uploads\/2026\/01\/4-3-768x112.png 768w, https:\/\/assembllees-galezes.bzh\/wp-content\/uploads\/2026\/01\/4-3-1536x223.png 1536w, https:\/\/assembllees-galezes.bzh\/wp-content\/uploads\/2026\/01\/4-3-2048x298.png 2048w, https:\/\/assembllees-galezes.bzh\/wp-content\/uploads\/2026\/01\/4-3-941x137.png 941w\" sizes=\"auto, (max-width: 1024px) 100vw, 1024px\" \/><\/a><\/figure>\n<\/div>\n<\/div>\n","protected":false},"excerpt":{"rendered":"<p>Les Stages La liste des stages est pr\u00e9sent\u00e9e ci-dessous (cliquer sur l&rsquo;ic\u00f4ne pour plus d&rsquo;informations). En ce qui concerne les infos pratiques li\u00e9es aux stages (tarifs, emploi du temps de la semaine, etc.), c&rsquo;est ici.<\/p>\n","protected":false},"author":2,"featured_media":0,"parent":67,"menu_order":2,"comment_status":"closed","ping_status":"closed","template":"","meta":{"footnotes":""},"class_list":["post-114","page","type-page","status-publish","hentry"],"_links":{"self":[{"href":"https:\/\/assembllees-galezes.bzh\/index.php\/wp-json\/wp\/v2\/pages\/114","targetHints":{"allow":["GET"]}}],"collection":[{"href":"https:\/\/assembllees-galezes.bzh\/index.php\/wp-json\/wp\/v2\/pages"}],"about":[{"href":"https:\/\/assembllees-galezes.bzh\/index.php\/wp-json\/wp\/v2\/types\/page"}],"author":[{"embeddable":true,"href":"https:\/\/assembllees-galezes.bzh\/index.php\/wp-json\/wp\/v2\/users\/2"}],"replies":[{"embeddable":true,"href":"https:\/\/assembllees-galezes.bzh\/index.php\/wp-json\/wp\/v2\/comments?post=114"}],"version-history":[{"count":55,"href":"https:\/\/assembllees-galezes.bzh\/index.php\/wp-json\/wp\/v2\/pages\/114\/revisions"}],"predecessor-version":[{"id":1591,"href":"https:\/\/assembllees-galezes.bzh\/index.php\/wp-json\/wp\/v2\/pages\/114\/revisions\/1591"}],"up":[{"embeddable":true,"href":"https:\/\/assembllees-galezes.bzh\/index.php\/wp-json\/wp\/v2\/pages\/67"}],"wp:attachment":[{"href":"https:\/\/assembllees-galezes.bzh\/index.php\/wp-json\/wp\/v2\/media?parent=114"}],"curies":[{"name":"wp","href":"https:\/\/api.w.org\/{rel}","templated":true}]}}