{"id":127,"date":"2025-01-31T11:20:03","date_gmt":"2025-01-31T10:20:58","guid":{"rendered":"https:\/\/benvoulants.assembllees-galezes.bzh\/?page_id=127"},"modified":"2026-02-18T14:48:59","modified_gmt":"2026-02-18T13:48:59","slug":"le-mois-du-gallo","status":"publish","type":"page","link":"https:\/\/assembllees-galezes.bzh\/index.php\/le-mois-du-gallo\/","title":{"rendered":"Le mois du gallo 2026"},"content":{"rendered":"\n<p>En mars, c&rsquo;est le mois du galo ! <\/p>\n\n\n\n<p>Dans ce cadre, les Assembll\u00e9es gal\u00e8zes proposent en 2026 :<\/p>\n\n\n\n<div class=\"wp-block-media-text is-stacked-on-mobile is-vertically-aligned-top\" style=\"grid-template-columns:40% auto\"><figure class=\"wp-block-media-text__media\"><img loading=\"lazy\" decoding=\"async\" width=\"721\" height=\"1024\" src=\"https:\/\/assembllees-galezes.bzh\/wp-content\/uploads\/2026\/02\/ao-me-de-ma-1_page-0001-721x1024.jpg\" alt=\"\" class=\"wp-image-1614 size-full\" srcset=\"https:\/\/assembllees-galezes.bzh\/wp-content\/uploads\/2026\/02\/ao-me-de-ma-1_page-0001-721x1024.jpg 721w, https:\/\/assembllees-galezes.bzh\/wp-content\/uploads\/2026\/02\/ao-me-de-ma-1_page-0001-211x300.jpg 211w, https:\/\/assembllees-galezes.bzh\/wp-content\/uploads\/2026\/02\/ao-me-de-ma-1_page-0001-768x1090.jpg 768w, https:\/\/assembllees-galezes.bzh\/wp-content\/uploads\/2026\/02\/ao-me-de-ma-1_page-0001-141x200.jpg 141w, https:\/\/assembllees-galezes.bzh\/wp-content\/uploads\/2026\/02\/ao-me-de-ma-1_page-0001.jpg 874w\" sizes=\"auto, (max-width: 721px) 100vw, 721px\" \/><\/figure><div class=\"wp-block-media-text__content\">\n<p><strong>6 mars 2026<\/strong>, 20h30, salle des f\u00eates Saint Malo de Beignon&nbsp;<strong>C\u00e9dric Malaunais Le Grand lo\u00fb du bou\u00e8z,&nbsp;<\/strong>&nbsp;Conte de traditions orales en gallo, avec musique et chants collect\u00e9s en Haute Bretagne sur le th\u00e8me du loup. Ce sera \u00e9galement l&rsquo;occasion de mettre en avant la sortie prochaine de son disque compilant une partie de ce r\u00e9pertoire. Cant on caoze du lo\u00fb, on en vait la coue !<\/p>\n\n\n\n<p><strong>20 mars 2026<\/strong>&nbsp;: Broc\u00e9liande caf\u00e9 \u00e0 Tr\u00e9horenteuc, 20h30 : Les \u00e9tudiant\u00b7es du d\u00e9partement de musique traditionnelle du Conservatoire de Rennes sous l\u2019\u00e9gide de Matlao Ghiton viendront interpr\u00e9ter un r\u00e9pertoire de chant traditionnel en gallo. A l&rsquo;issue de ce concert, une veill\u00e9e sera propos\u00e9e pour qui veut \u00e9couter, conter, ou chanter.<\/p>\n\n\n\n<p><strong>23 mars 2026<\/strong>&nbsp;:&nbsp;Intervention de 3 animateurs aupr\u00e8s des \u00e9coliers de Concoret pour faire d\u00e9couvrir la langue, le chant, la musique, l&rsquo;instrumentarium et la danse. A l&rsquo;issue de ces ateliers, une restitution par les enfants sera pr\u00e9vue \u00e0 la r\u00e9sidence autonomie de Concoret.<\/p>\n<\/div><\/div>\n","protected":false},"excerpt":{"rendered":"<p>En mars, c&rsquo;est le mois du galo ! Dans ce cadre, les Assembll\u00e9es gal\u00e8zes proposent en 2026 : 6 mars 2026, 20h30, salle des f\u00eates Saint Malo de Beignon&nbsp;C\u00e9dric Malaunais Le Grand lo\u00fb du bou\u00e8z,&nbsp;&nbsp;Conte de traditions orales en gallo, avec musique et chants collect\u00e9s en Haute Bretagne sur le &hellip;<\/p>\n","protected":false},"author":2,"featured_media":0,"parent":0,"menu_order":8,"comment_status":"closed","ping_status":"closed","template":"","meta":{"footnotes":""},"class_list":["post-127","page","type-page","status-publish","hentry"],"_links":{"self":[{"href":"https:\/\/assembllees-galezes.bzh\/index.php\/wp-json\/wp\/v2\/pages\/127","targetHints":{"allow":["GET"]}}],"collection":[{"href":"https:\/\/assembllees-galezes.bzh\/index.php\/wp-json\/wp\/v2\/pages"}],"about":[{"href":"https:\/\/assembllees-galezes.bzh\/index.php\/wp-json\/wp\/v2\/types\/page"}],"author":[{"embeddable":true,"href":"https:\/\/assembllees-galezes.bzh\/index.php\/wp-json\/wp\/v2\/users\/2"}],"replies":[{"embeddable":true,"href":"https:\/\/assembllees-galezes.bzh\/index.php\/wp-json\/wp\/v2\/comments?post=127"}],"version-history":[{"count":9,"href":"https:\/\/assembllees-galezes.bzh\/index.php\/wp-json\/wp\/v2\/pages\/127\/revisions"}],"predecessor-version":[{"id":1616,"href":"https:\/\/assembllees-galezes.bzh\/index.php\/wp-json\/wp\/v2\/pages\/127\/revisions\/1616"}],"wp:attachment":[{"href":"https:\/\/assembllees-galezes.bzh\/index.php\/wp-json\/wp\/v2\/media?parent=127"}],"curies":[{"name":"wp","href":"https:\/\/api.w.org\/{rel}","templated":true}]}}