{"id":1445,"date":"2026-02-08T20:42:03","date_gmt":"2026-02-08T19:42:50","guid":{"rendered":"https:\/\/assembllees-galezes.bzh\/?page_id=1445"},"modified":"2026-03-26T17:59:51","modified_gmt":"2026-03-26T16:59:51","slug":"programmation-pas-encore-faite","status":"publish","type":"page","link":"https:\/\/assembllees-galezes.bzh\/index.php\/le-festival\/programmation\/programmation-pas-encore-faite\/","title":{"rendered":"programmation"},"content":{"rendered":"\n<p>Patience&#8230; La programmation ne vas pas tarder \u00e0 \u00eatre d\u00e9voil\u00e9e !<\/p>\n","protected":false},"excerpt":{"rendered":"<p>Patience&#8230; La programmation ne vas pas tarder \u00e0 \u00eatre d\u00e9voil\u00e9e !<\/p>\n","protected":false},"author":2,"featured_media":0,"parent":87,"menu_order":2,"comment_status":"closed","ping_status":"closed","template":"","meta":{"footnotes":""},"class_list":["post-1445","page","type-page","status-publish","hentry"],"_links":{"self":[{"href":"https:\/\/assembllees-galezes.bzh\/index.php\/wp-json\/wp\/v2\/pages\/1445","targetHints":{"allow":["GET"]}}],"collection":[{"href":"https:\/\/assembllees-galezes.bzh\/index.php\/wp-json\/wp\/v2\/pages"}],"about":[{"href":"https:\/\/assembllees-galezes.bzh\/index.php\/wp-json\/wp\/v2\/types\/page"}],"author":[{"embeddable":true,"href":"https:\/\/assembllees-galezes.bzh\/index.php\/wp-json\/wp\/v2\/users\/2"}],"replies":[{"embeddable":true,"href":"https:\/\/assembllees-galezes.bzh\/index.php\/wp-json\/wp\/v2\/comments?post=1445"}],"version-history":[{"count":5,"href":"https:\/\/assembllees-galezes.bzh\/index.php\/wp-json\/wp\/v2\/pages\/1445\/revisions"}],"predecessor-version":[{"id":1554,"href":"https:\/\/assembllees-galezes.bzh\/index.php\/wp-json\/wp\/v2\/pages\/1445\/revisions\/1554"}],"up":[{"embeddable":true,"href":"https:\/\/assembllees-galezes.bzh\/index.php\/wp-json\/wp\/v2\/pages\/87"}],"wp:attachment":[{"href":"https:\/\/assembllees-galezes.bzh\/index.php\/wp-json\/wp\/v2\/media?parent=1445"}],"curies":[{"name":"wp","href":"https:\/\/api.w.org\/{rel}","templated":true}]}}