{"id":1672,"date":"2026-03-27T17:28:03","date_gmt":"2026-03-27T16:28:26","guid":{"rendered":"https:\/\/assembllees-galezes.bzh\/index.php\/le-festival\/programmation\/drache-3\/"},"modified":"2026-03-27T17:51:06","modified_gmt":"2026-03-27T16:51:06","slug":"drache-2","status":"publish","type":"page","link":"https:\/\/assembllees-galezes.bzh\/index.php\/le-festival\/programmation\/drache-2\/","title":{"rendered":"Drache"},"content":{"rendered":"\n<h2 class=\"wp-block-heading\">Drache<\/h2>\n\n\n\n<div class=\"wp-block-media-text is-stacked-on-mobile\"><figure class=\"wp-block-media-text__media\"><img loading=\"lazy\" decoding=\"async\" width=\"840\" height=\"435\" src=\"https:\/\/assembllees-galezes.bzh\/wp-content\/uploads\/2026\/03\/drache.jpg\" alt=\"\" class=\"wp-image-1642 size-full\" srcset=\"https:\/\/assembllees-galezes.bzh\/wp-content\/uploads\/2026\/03\/drache.jpg 840w, https:\/\/assembllees-galezes.bzh\/wp-content\/uploads\/2026\/03\/drache-300x155.jpg 300w, https:\/\/assembllees-galezes.bzh\/wp-content\/uploads\/2026\/03\/drache-768x398.jpg 768w, https:\/\/assembllees-galezes.bzh\/wp-content\/uploads\/2026\/03\/drache-386x200.jpg 386w\" sizes=\"auto, (max-width: 840px) 100vw, 840px\" \/><\/figure><div class=\"wp-block-media-text__content\">\n<p>Bien s\u00fbr, c\u2019est l\u2019histoire d\u2019une rencontre, fortuite et \u00e9vidente \u00e0 la fois. L\u2019histoire aussi d\u2019un d\u00e9fi, nourri par la grande curiosit\u00e9 des deux musiciennes. A l\u2019automne 2023, na\u00eet l\u2019envie de lancer un duo \u00e0 danser, avec leurs instruments immenses et graves, et leurs voix qui envoient des histoires \u00e0 danser l\u00e0-dessus. Elles profitent de l\u2019occasion du festival de la Bogue d\u2019or et se pr\u00e9sentent au concours duos libres. L\u2019exp\u00e9rience est prometteuse, elles se lancent dans la cr\u00e9ation qui voit le jour un an plus tard au m\u00eame festival \u00e0 Redon, en octobre 2024.<br><br>Avec Drache,\u00ab il pleut descordes \u00bb<br><strong>Eva Cloteau<\/strong> au violoncelle &#8211; chant et <strong>Morgane Labbe<\/strong> \u00e0 la contrebasse \u2013 chant, s\u2019emparent du r\u00e9pertoire Haut-Breton pour un duo organique et enivrant de musique bretonne \u00e0 danser et \u00e0 \u00e9couter, teint\u00e9 de quelques apparitions occitanes. Les voix sonnent, se r\u00e9pondent, r\u00e9sonnent, et r\u00e9pondent \u00e0 nouveau, comme un jeu avec la mati\u00e8re et ses \u00e9chos.<\/p>\n\n\n\n<p><\/p>\n<\/div><\/div>\n\n\n\n<h2 class=\"wp-block-heading\"><\/h2>\n\n\n\n<figure class=\"wp-block-embed is-type-video is-provider-youtube wp-block-embed-youtube wp-embed-aspect-16-9 wp-has-aspect-ratio\"><div class=\"wp-block-embed__wrapper\">\n<iframe loading=\"lazy\" title=\"DRACHE \/\/ Le li\u00e8vre et ses amants\" width=\"1505\" height=\"847\" src=\"https:\/\/www.youtube.com\/embed\/RncKFJHwERg?feature=oembed\" frameborder=\"0\" allow=\"accelerometer; autoplay; clipboard-write; encrypted-media; gyroscope; picture-in-picture; web-share\" referrerpolicy=\"strict-origin-when-cross-origin\" allowfullscreen><\/iframe>\n<\/div><\/figure>\n\n\n\n<p>Photographies \u00a9 Arthur David<br>Mentions obligatoires : Production La Compagnie des Possibles \/ www.compagniedespossibles.bzh<\/p>\n","protected":false},"excerpt":{"rendered":"","protected":false},"author":2,"featured_media":0,"parent":87,"menu_order":0,"comment_status":"closed","ping_status":"closed","template":"","meta":{"footnotes":""},"class_list":["post-1672","page","type-page","status-publish","hentry"],"_links":{"self":[{"href":"https:\/\/assembllees-galezes.bzh\/index.php\/wp-json\/wp\/v2\/pages\/1672","targetHints":{"allow":["GET"]}}],"collection":[{"href":"https:\/\/assembllees-galezes.bzh\/index.php\/wp-json\/wp\/v2\/pages"}],"about":[{"href":"https:\/\/assembllees-galezes.bzh\/index.php\/wp-json\/wp\/v2\/types\/page"}],"author":[{"embeddable":true,"href":"https:\/\/assembllees-galezes.bzh\/index.php\/wp-json\/wp\/v2\/users\/2"}],"replies":[{"embeddable":true,"href":"https:\/\/assembllees-galezes.bzh\/index.php\/wp-json\/wp\/v2\/comments?post=1672"}],"version-history":[{"count":6,"href":"https:\/\/assembllees-galezes.bzh\/index.php\/wp-json\/wp\/v2\/pages\/1672\/revisions"}],"predecessor-version":[{"id":1715,"href":"https:\/\/assembllees-galezes.bzh\/index.php\/wp-json\/wp\/v2\/pages\/1672\/revisions\/1715"}],"up":[{"embeddable":true,"href":"https:\/\/assembllees-galezes.bzh\/index.php\/wp-json\/wp\/v2\/pages\/87"}],"wp:attachment":[{"href":"https:\/\/assembllees-galezes.bzh\/index.php\/wp-json\/wp\/v2\/media?parent=1672"}],"curies":[{"name":"wp","href":"https:\/\/api.w.org\/{rel}","templated":true}]}}