{"id":1673,"date":"2026-03-27T17:28:03","date_gmt":"2026-03-27T16:28:26","guid":{"rendered":"https:\/\/assembllees-galezes.bzh\/index.php\/le-festival\/programmation\/drache-4\/"},"modified":"2026-04-02T21:37:23","modified_gmt":"2026-04-02T19:37:23","slug":"la-rive","status":"publish","type":"page","link":"https:\/\/assembllees-galezes.bzh\/index.php\/le-festival\/programmation\/la-rive\/","title":{"rendered":"La Rive"},"content":{"rendered":"\n<h2 class=\"wp-block-heading\">La Rive<\/h2>\n\n\n\n<div class=\"wp-block-media-text is-stacked-on-mobile\"><figure class=\"wp-block-media-text__media\"><img loading=\"lazy\" decoding=\"async\" width=\"1024\" height=\"512\" src=\"https:\/\/assembllees-galezes.bzh\/wp-content\/uploads\/2026\/03\/Roue-waroch-la-rive-2-e1774989682607-1024x512.jpeg\" alt=\"\" class=\"wp-image-1762 size-full\" srcset=\"https:\/\/assembllees-galezes.bzh\/wp-content\/uploads\/2026\/03\/Roue-waroch-la-rive-2-e1774989682607-1024x512.jpeg 1024w, https:\/\/assembllees-galezes.bzh\/wp-content\/uploads\/2026\/03\/Roue-waroch-la-rive-2-e1774989682607-300x150.jpeg 300w, https:\/\/assembllees-galezes.bzh\/wp-content\/uploads\/2026\/03\/Roue-waroch-la-rive-2-e1774989682607-768x384.jpeg 768w, https:\/\/assembllees-galezes.bzh\/wp-content\/uploads\/2026\/03\/Roue-waroch-la-rive-2-e1774989682607-400x200.jpeg 400w, https:\/\/assembllees-galezes.bzh\/wp-content\/uploads\/2026\/03\/Roue-waroch-la-rive-2-e1774989682607.jpeg 1200w\" sizes=\"auto, (max-width: 1024px) 100vw, 1024px\" \/><\/figure><div class=\"wp-block-media-text__content\">\n<p>Form\u00e9 sur les bords de la Vilaine, du L\u00e9guer et de l&rsquo;Elorn, le groupe La Rive se compose de Gwenn Danigo aux clarinettes, Matteo Bloyet au violon et au chant, Elouan Le Bras \u00e0 l&rsquo;accord\u00e9on, et de Mathias \u00ab\u00a0Chouch\u00a0\u00bb Le Gall \u00e0 la contrebasse. Leur musique acoustique, riche et intense, donne au public toute l&rsquo;\u00e9nergie qui lui faut pour l&rsquo;\u00e9couter et la danser sans mod\u00e9ration.<\/p>\n<\/div><\/div>\n\n\n\n<h2 class=\"wp-block-heading\"><\/h2>\n\n\n\n<figure class=\"wp-block-embed is-type-video is-provider-youtube wp-block-embed-youtube wp-embed-aspect-16-9 wp-has-aspect-ratio\"><div class=\"wp-block-embed__wrapper\">\n<iframe loading=\"lazy\" title=\"POISSNOZ 2024 - LA RIVE - Tour\" width=\"1505\" height=\"847\" src=\"https:\/\/www.youtube.com\/embed\/7o-rWlwFlfs?feature=oembed\" frameborder=\"0\" allow=\"accelerometer; autoplay; clipboard-write; encrypted-media; gyroscope; picture-in-picture; web-share\" referrerpolicy=\"strict-origin-when-cross-origin\" allowfullscreen><\/iframe>\n<\/div><\/figure>\n\n\n\n<p><\/p>\n","protected":false},"excerpt":{"rendered":"<p>La Rive Form\u00e9 sur les bords de la Vilaine, du L\u00e9guer et de l&rsquo;Elorn, le groupe La Rive se compose de Gwenn Danigo aux clarinettes, Matteo Bloyet au violon et au chant, Elouan Le Bras \u00e0 l&rsquo;accord\u00e9on, et de Mathias \u00ab\u00a0Chouch\u00a0\u00bb Le Gall \u00e0 la contrebasse. Leur musique acoustique, riche &hellip;<\/p>\n","protected":false},"author":2,"featured_media":0,"parent":87,"menu_order":0,"comment_status":"closed","ping_status":"closed","template":"","meta":{"footnotes":""},"class_list":["post-1673","page","type-page","status-publish","hentry"],"_links":{"self":[{"href":"https:\/\/assembllees-galezes.bzh\/index.php\/wp-json\/wp\/v2\/pages\/1673","targetHints":{"allow":["GET"]}}],"collection":[{"href":"https:\/\/assembllees-galezes.bzh\/index.php\/wp-json\/wp\/v2\/pages"}],"about":[{"href":"https:\/\/assembllees-galezes.bzh\/index.php\/wp-json\/wp\/v2\/types\/page"}],"author":[{"embeddable":true,"href":"https:\/\/assembllees-galezes.bzh\/index.php\/wp-json\/wp\/v2\/users\/2"}],"replies":[{"embeddable":true,"href":"https:\/\/assembllees-galezes.bzh\/index.php\/wp-json\/wp\/v2\/comments?post=1673"}],"version-history":[{"count":4,"href":"https:\/\/assembllees-galezes.bzh\/index.php\/wp-json\/wp\/v2\/pages\/1673\/revisions"}],"predecessor-version":[{"id":1779,"href":"https:\/\/assembllees-galezes.bzh\/index.php\/wp-json\/wp\/v2\/pages\/1673\/revisions\/1779"}],"up":[{"embeddable":true,"href":"https:\/\/assembllees-galezes.bzh\/index.php\/wp-json\/wp\/v2\/pages\/87"}],"wp:attachment":[{"href":"https:\/\/assembllees-galezes.bzh\/index.php\/wp-json\/wp\/v2\/media?parent=1673"}],"curies":[{"name":"wp","href":"https:\/\/api.w.org\/{rel}","templated":true}]}}