{"id":1676,"date":"2026-03-27T17:28:03","date_gmt":"2026-03-27T16:28:26","guid":{"rendered":"https:\/\/assembllees-galezes.bzh\/index.php\/le-festival\/programmation\/drache-7\/"},"modified":"2026-03-31T22:33:37","modified_gmt":"2026-03-31T20:33:37","slug":"cedric-malaunais","status":"publish","type":"page","link":"https:\/\/assembllees-galezes.bzh\/index.php\/le-festival\/programmation\/cedric-malaunais\/","title":{"rendered":"C\u00e9dric Malaunais"},"content":{"rendered":"\n<h2 class=\"wp-block-heading\">Le Grand Loup du Bois &#8211; Le Grand Le\u00fb du Bou\u00e9z\u00a0\u00a0\u00a0<\/h2>\n\n\n\n<div class=\"wp-block-media-text is-stacked-on-mobile\"><figure class=\"wp-block-media-text__media\"><img loading=\"lazy\" decoding=\"async\" width=\"1024\" height=\"512\" src=\"https:\/\/assembllees-galezes.bzh\/wp-content\/uploads\/2026\/03\/louplouleucouleur-scaled-e1774988381279-1024x512.jpg\" alt=\"\" class=\"wp-image-1733 size-full\" srcset=\"https:\/\/assembllees-galezes.bzh\/wp-content\/uploads\/2026\/03\/louplouleucouleur-scaled-e1774988381279-1024x512.jpg 1024w, https:\/\/assembllees-galezes.bzh\/wp-content\/uploads\/2026\/03\/louplouleucouleur-scaled-e1774988381279-300x150.jpg 300w, https:\/\/assembllees-galezes.bzh\/wp-content\/uploads\/2026\/03\/louplouleucouleur-scaled-e1774988381279-768x384.jpg 768w, https:\/\/assembllees-galezes.bzh\/wp-content\/uploads\/2026\/03\/louplouleucouleur-scaled-e1774988381279-1536x768.jpg 1536w, https:\/\/assembllees-galezes.bzh\/wp-content\/uploads\/2026\/03\/louplouleucouleur-scaled-e1774988381279-2048x1024.jpg 2048w, https:\/\/assembllees-galezes.bzh\/wp-content\/uploads\/2026\/03\/louplouleucouleur-scaled-e1774988381279-400x200.jpg 400w\" sizes=\"auto, (max-width: 1024px) 100vw, 1024px\" \/><\/figure><div class=\"wp-block-media-text__content\">\n<p>Contes de tradition orale en gallo ( tout \u00e0 fait compr\u00e9hensible), m\u00eal\u00e9s \u00e0 la musique et aux chants collect\u00e9s en Haute-Bretagne, sur les pas du loup.\u00a0 C\u00e9dric\u00a0 Malaunais ou Malaona\u00ef en gallo, est sonneur (veuze, accord\u00e9on diatonique, violon&#8230;) et chanteur de\u00a0Haute-Bretagne. Il pratique le conte aupr\u00e8s des enfants et des adultes et parcourt le pays gallo afin de recueillir la m\u00e9moire orale des anciens. Animal des for\u00eats et des r\u00e9cits, le loup hante les contes depuis toujours : miroir de nos peurs, de nos d\u00e9sirs et de nos libert\u00e9s indociles. Figure libre, inqui\u00e9tante et troublante, il traverse les histoires comme un souffle ancien. Depuis un peu plus de 10 ans\u00a0\u00a0C\u00e9dric\u00a0le traque, l\u2019\u00e9coute et le laisse parler, entre ruse, sauvagerie et tendresse inattendue.\u00a0 \u00ab\u00a0<em>Cant on caoze du lo\u00fb, on en vait la coue ! \u00ab\u00a0<\/em><\/p>\n\n\n\n<p><\/p>\n\n\n\n<p><\/p>\n<\/div><\/div>\n\n\n\n<p>Album disponible actuellement : musique \u00e0 danser, chansons, formes br\u00e8ves en gallo (collectages) et un conte&nbsp; ( 15\u20ac&nbsp; ( + 3\u20ac pour envoi )) , commande possible sur&nbsp;<a href=\"mailto:legrandloupdubois35@gmail.com\" target=\"_blank\" rel=\"noreferrer noopener\">legrandloupdubois35@gmail.com<\/a><\/p>\n\n\n\n<figure class=\"wp-block-embed is-type-video is-provider-youtube wp-block-embed-youtube wp-embed-aspect-16-9 wp-has-aspect-ratio\"><div class=\"wp-block-embed__wrapper\">\n<iframe loading=\"lazy\" title=\"Le Grand Loup du Bois \/ Le Grand Lo\u00fb du Bou\u00e2z\/Le Grand Le\u00fb du Bou\u00e9z par C\u00e8d Malaona\u00ef et sa meute .\" width=\"1505\" height=\"847\" src=\"https:\/\/www.youtube.com\/embed\/dq0CFCzoDv4?feature=oembed\" frameborder=\"0\" allow=\"accelerometer; autoplay; clipboard-write; encrypted-media; gyroscope; picture-in-picture; web-share\" referrerpolicy=\"strict-origin-when-cross-origin\" allowfullscreen><\/iframe>\n<\/div><\/figure>\n","protected":false},"excerpt":{"rendered":"<p>Le Grand Loup du Bois &#8211; Le Grand Le\u00fb du Bou\u00e9z\u00a0\u00a0\u00a0 Contes de tradition orale en gallo ( tout \u00e0 fait compr\u00e9hensible), m\u00eal\u00e9s \u00e0 la musique et aux chants collect\u00e9s en Haute-Bretagne, sur les pas du loup.\u00a0 C\u00e9dric\u00a0 Malaunais ou Malaona\u00ef en gallo, est sonneur (veuze, accord\u00e9on diatonique, violon&#8230;) et &hellip;<\/p>\n","protected":false},"author":2,"featured_media":0,"parent":87,"menu_order":0,"comment_status":"closed","ping_status":"closed","template":"","meta":{"footnotes":""},"class_list":["post-1676","page","type-page","status-publish","hentry"],"_links":{"self":[{"href":"https:\/\/assembllees-galezes.bzh\/index.php\/wp-json\/wp\/v2\/pages\/1676","targetHints":{"allow":["GET"]}}],"collection":[{"href":"https:\/\/assembllees-galezes.bzh\/index.php\/wp-json\/wp\/v2\/pages"}],"about":[{"href":"https:\/\/assembllees-galezes.bzh\/index.php\/wp-json\/wp\/v2\/types\/page"}],"author":[{"embeddable":true,"href":"https:\/\/assembllees-galezes.bzh\/index.php\/wp-json\/wp\/v2\/users\/2"}],"replies":[{"embeddable":true,"href":"https:\/\/assembllees-galezes.bzh\/index.php\/wp-json\/wp\/v2\/comments?post=1676"}],"version-history":[{"count":3,"href":"https:\/\/assembllees-galezes.bzh\/index.php\/wp-json\/wp\/v2\/pages\/1676\/revisions"}],"predecessor-version":[{"id":1748,"href":"https:\/\/assembllees-galezes.bzh\/index.php\/wp-json\/wp\/v2\/pages\/1676\/revisions\/1748"}],"up":[{"embeddable":true,"href":"https:\/\/assembllees-galezes.bzh\/index.php\/wp-json\/wp\/v2\/pages\/87"}],"wp:attachment":[{"href":"https:\/\/assembllees-galezes.bzh\/index.php\/wp-json\/wp\/v2\/media?parent=1676"}],"curies":[{"name":"wp","href":"https:\/\/api.w.org\/{rel}","templated":true}]}}