{"id":1677,"date":"2026-03-27T17:28:03","date_gmt":"2026-03-27T16:28:26","guid":{"rendered":"https:\/\/assembllees-galezes.bzh\/index.php\/le-festival\/programmation\/drache-8\/"},"modified":"2026-04-08T14:34:38","modified_gmt":"2026-04-08T12:34:38","slug":"manu-solo","status":"publish","type":"page","link":"https:\/\/assembllees-galezes.bzh\/index.php\/le-festival\/programmation\/manu-solo\/","title":{"rendered":"Manu solo"},"content":{"rendered":"\n<h2 class=\"wp-block-heading\">Manu solo<\/h2>\n\n\n\n<div class=\"wp-block-media-text is-stacked-on-mobile\"><figure class=\"wp-block-media-text__media\"><img loading=\"lazy\" decoding=\"async\" width=\"1024\" height=\"683\" src=\"https:\/\/assembllees-galezes.bzh\/wp-content\/uploads\/2026\/03\/Manu-02-26-2-1-1024x683.jpg\" alt=\"\" class=\"wp-image-1646 size-full\" srcset=\"https:\/\/assembllees-galezes.bzh\/wp-content\/uploads\/2026\/03\/Manu-02-26-2-1-1024x683.jpg 1024w, https:\/\/assembllees-galezes.bzh\/wp-content\/uploads\/2026\/03\/Manu-02-26-2-1-300x200.jpg 300w, https:\/\/assembllees-galezes.bzh\/wp-content\/uploads\/2026\/03\/Manu-02-26-2-1-768x512.jpg 768w, https:\/\/assembllees-galezes.bzh\/wp-content\/uploads\/2026\/03\/Manu-02-26-2-1-1536x1024.jpg 1536w, https:\/\/assembllees-galezes.bzh\/wp-content\/uploads\/2026\/03\/Manu-02-26-2-1-2048x1365.jpg 2048w\" sizes=\"auto, (max-width: 1024px) 100vw, 1024px\" \/><\/figure><div class=\"wp-block-media-text__content\">\n<p>Les becos<\/p>\n\n\n\n<p>Le bal solo d\u2019Emmanuelle Bouthillier est un cocktail \u00e0 base de chant frais et de violon sauvage r\u00e9colt\u00e9s en Haute-Bretagne. Tr\u00e8s attach\u00e9e aux sources de tradition orale, qu\u2019elle parcourt, adopte et assaisonne \u00e0 sa guise, elle a \u00e0 c\u0153ur de vous faire d\u00e9couvrir ou red\u00e9couvrir le r\u00e9pertoire riche et vari\u00e9 des danses du Pays Gallo. Danses \u00e0 figures, rondes et danses en couple se succ\u00e8deront sur le parquet pour la rencontre et le plaisir de tous et toutes, expert\u00b7es ou novices. Pr\u00eat, feu, en avant-deux !<\/p>\n<\/div><\/div>\n\n\n\n<h2 class=\"wp-block-heading\"><\/h2>\n\n\n\n<figure class=\"wp-block-embed is-type-video is-provider-youtube wp-block-embed-youtube wp-embed-aspect-16-9 wp-has-aspect-ratio\"><div class=\"wp-block-embed__wrapper\">\n<iframe loading=\"lazy\" title=\"Emmanuelle Bouthillier | Territoires\" width=\"1505\" height=\"847\" src=\"https:\/\/www.youtube.com\/embed\/3hVsnboJVx4?feature=oembed\" frameborder=\"0\" allow=\"accelerometer; autoplay; clipboard-write; encrypted-media; gyroscope; picture-in-picture; web-share\" referrerpolicy=\"strict-origin-when-cross-origin\" allowfullscreen><\/iframe>\n<\/div><\/figure>\n\n\n\n<p><\/p>\n","protected":false},"excerpt":{"rendered":"<p>Manu solo Les becos Le bal solo d\u2019Emmanuelle Bouthillier est un cocktail \u00e0 base de chant frais et de violon sauvage r\u00e9colt\u00e9s en Haute-Bretagne. Tr\u00e8s attach\u00e9e aux sources de tradition orale, qu\u2019elle parcourt, adopte et assaisonne \u00e0 sa guise, elle a \u00e0 c\u0153ur de vous faire d\u00e9couvrir ou red\u00e9couvrir le &hellip;<\/p>\n","protected":false},"author":2,"featured_media":0,"parent":87,"menu_order":0,"comment_status":"closed","ping_status":"closed","template":"","meta":{"footnotes":""},"class_list":["post-1677","page","type-page","status-publish","hentry"],"_links":{"self":[{"href":"https:\/\/assembllees-galezes.bzh\/index.php\/wp-json\/wp\/v2\/pages\/1677","targetHints":{"allow":["GET"]}}],"collection":[{"href":"https:\/\/assembllees-galezes.bzh\/index.php\/wp-json\/wp\/v2\/pages"}],"about":[{"href":"https:\/\/assembllees-galezes.bzh\/index.php\/wp-json\/wp\/v2\/types\/page"}],"author":[{"embeddable":true,"href":"https:\/\/assembllees-galezes.bzh\/index.php\/wp-json\/wp\/v2\/users\/2"}],"replies":[{"embeddable":true,"href":"https:\/\/assembllees-galezes.bzh\/index.php\/wp-json\/wp\/v2\/comments?post=1677"}],"version-history":[{"count":3,"href":"https:\/\/assembllees-galezes.bzh\/index.php\/wp-json\/wp\/v2\/pages\/1677\/revisions"}],"predecessor-version":[{"id":1781,"href":"https:\/\/assembllees-galezes.bzh\/index.php\/wp-json\/wp\/v2\/pages\/1677\/revisions\/1781"}],"up":[{"embeddable":true,"href":"https:\/\/assembllees-galezes.bzh\/index.php\/wp-json\/wp\/v2\/pages\/87"}],"wp:attachment":[{"href":"https:\/\/assembllees-galezes.bzh\/index.php\/wp-json\/wp\/v2\/media?parent=1677"}],"curies":[{"name":"wp","href":"https:\/\/api.w.org\/{rel}","templated":true}]}}