{"id":1678,"date":"2026-03-27T17:28:03","date_gmt":"2026-03-27T16:28:26","guid":{"rendered":"https:\/\/assembllees-galezes.bzh\/index.php\/le-festival\/programmation\/drache-9\/"},"modified":"2026-04-08T14:41:49","modified_gmt":"2026-04-08T12:41:49","slug":"le-chant-de-la-griffe","status":"publish","type":"page","link":"https:\/\/assembllees-galezes.bzh\/index.php\/le-festival\/programmation\/le-chant-de-la-griffe\/","title":{"rendered":"Le chant de la griffe"},"content":{"rendered":"\n<h2 class=\"wp-block-heading\">Le chant de la griffe<\/h2>\n\n\n\n<div class=\"wp-block-media-text is-stacked-on-mobile\"><figure class=\"wp-block-media-text__media\"><img loading=\"lazy\" decoding=\"async\" width=\"1024\" height=\"512\" src=\"https:\/\/assembllees-galezes.bzh\/wp-content\/uploads\/2026\/03\/La-rue-des-Lilas-\u00a9-Noemie-Daunas-scaled-e1774626432321-1024x512.png\" alt=\"\" class=\"wp-image-1654 size-full\" srcset=\"https:\/\/assembllees-galezes.bzh\/wp-content\/uploads\/2026\/03\/La-rue-des-Lilas-\u00a9-Noemie-Daunas-scaled-e1774626432321-1024x512.png 1024w, https:\/\/assembllees-galezes.bzh\/wp-content\/uploads\/2026\/03\/La-rue-des-Lilas-\u00a9-Noemie-Daunas-scaled-e1774626432321-300x150.png 300w, https:\/\/assembllees-galezes.bzh\/wp-content\/uploads\/2026\/03\/La-rue-des-Lilas-\u00a9-Noemie-Daunas-scaled-e1774626432321-768x384.png 768w, https:\/\/assembllees-galezes.bzh\/wp-content\/uploads\/2026\/03\/La-rue-des-Lilas-\u00a9-Noemie-Daunas-scaled-e1774626432321-1536x768.png 1536w, https:\/\/assembllees-galezes.bzh\/wp-content\/uploads\/2026\/03\/La-rue-des-Lilas-\u00a9-Noemie-Daunas-scaled-e1774626432321-400x200.png 400w, https:\/\/assembllees-galezes.bzh\/wp-content\/uploads\/2026\/03\/La-rue-des-Lilas-\u00a9-Noemie-Daunas-scaled-e1774626432321.png 1920w\" sizes=\"auto, (max-width: 1024px) 100vw, 1024px\" \/><\/figure><div class=\"wp-block-media-text__content\">\n<p><em>Cinq chanteurs et chanteuses, cinq voix brutes et libres projet\u00e9es en acoustique, comme des liens tiss\u00e9s avec l\u2019<\/em><em>autre, vous, nous\u2026&nbsp;<br>&nbsp;Ce troisi\u00e8me r\u00e9pertoire de \u00ab Sylvain GirO et le chant de la griffe \u00bb met \u00e0 l\u2019honneur la voix, les voix, la polyphonie, le chant populaire et la po\u00e9sie de Sylvain GirO. Une parole commune qui voyage, nourrit&nbsp; et fait vibrer la sensibilit<\/em><em>\u00e9 des corps et des \u00e2mes.<br>&nbsp;Chant, textes, compositions et arrangements : Sylvain GirO<br>&nbsp;Chant et arrangements : H\u00e9l\u00e9na Bourdaud, Elsa Corre, Youenn Lange et S\u00e9bastien Spessa<br>&nbsp;Arrangements : Julien Padovani<br>&nbsp;Production : Un peu moins de gravit\u00e9 &#8211; Cie Sylvain GirO<\/em>&nbsp;<\/p>\n\n\n\n<p><\/p>\n<\/div><\/div>\n\n\n\n<h2 class=\"wp-block-heading\"><\/h2>\n\n\n\n<figure class=\"wp-block-embed is-type-video is-provider-youtube wp-block-embed-youtube wp-embed-aspect-16-9 wp-has-aspect-ratio\"><div class=\"wp-block-embed__wrapper\">\n<iframe loading=\"lazy\" title=\"Sylvain GirO et le chant de la griffe | Territoires\" width=\"1505\" height=\"847\" src=\"https:\/\/www.youtube.com\/embed\/qE8JN9SQt1c?feature=oembed\" frameborder=\"0\" allow=\"accelerometer; autoplay; clipboard-write; encrypted-media; gyroscope; picture-in-picture; web-share\" referrerpolicy=\"strict-origin-when-cross-origin\" allowfullscreen><\/iframe>\n<\/div><\/figure>\n\n\n\n<p><\/p>\n","protected":false},"excerpt":{"rendered":"<p>Le chant de la griffe Cinq chanteurs et chanteuses, cinq voix brutes et libres projet\u00e9es en acoustique, comme des liens tiss\u00e9s avec l\u2019autre, vous, nous\u2026&nbsp;&nbsp;Ce troisi\u00e8me r\u00e9pertoire de \u00ab Sylvain GirO et le chant de la griffe \u00bb met \u00e0 l\u2019honneur la voix, les voix, la polyphonie, le chant populaire &hellip;<\/p>\n","protected":false},"author":2,"featured_media":0,"parent":87,"menu_order":0,"comment_status":"closed","ping_status":"closed","template":"","meta":{"footnotes":""},"class_list":["post-1678","page","type-page","status-publish","hentry"],"_links":{"self":[{"href":"https:\/\/assembllees-galezes.bzh\/index.php\/wp-json\/wp\/v2\/pages\/1678","targetHints":{"allow":["GET"]}}],"collection":[{"href":"https:\/\/assembllees-galezes.bzh\/index.php\/wp-json\/wp\/v2\/pages"}],"about":[{"href":"https:\/\/assembllees-galezes.bzh\/index.php\/wp-json\/wp\/v2\/types\/page"}],"author":[{"embeddable":true,"href":"https:\/\/assembllees-galezes.bzh\/index.php\/wp-json\/wp\/v2\/users\/2"}],"replies":[{"embeddable":true,"href":"https:\/\/assembllees-galezes.bzh\/index.php\/wp-json\/wp\/v2\/comments?post=1678"}],"version-history":[{"count":3,"href":"https:\/\/assembllees-galezes.bzh\/index.php\/wp-json\/wp\/v2\/pages\/1678\/revisions"}],"predecessor-version":[{"id":1788,"href":"https:\/\/assembllees-galezes.bzh\/index.php\/wp-json\/wp\/v2\/pages\/1678\/revisions\/1788"}],"up":[{"embeddable":true,"href":"https:\/\/assembllees-galezes.bzh\/index.php\/wp-json\/wp\/v2\/pages\/87"}],"wp:attachment":[{"href":"https:\/\/assembllees-galezes.bzh\/index.php\/wp-json\/wp\/v2\/media?parent=1678"}],"curies":[{"name":"wp","href":"https:\/\/api.w.org\/{rel}","templated":true}]}}