{"id":1679,"date":"2026-03-27T17:28:03","date_gmt":"2026-03-27T16:28:26","guid":{"rendered":"https:\/\/assembllees-galezes.bzh\/index.php\/le-festival\/programmation\/drache-10\/"},"modified":"2026-04-08T14:58:24","modified_gmt":"2026-04-08T12:58:24","slug":"segal","status":"publish","type":"page","link":"https:\/\/assembllees-galezes.bzh\/index.php\/le-festival\/programmation\/segal\/","title":{"rendered":"Segal"},"content":{"rendered":"\n<h2 class=\"wp-block-heading\">SEGAL<\/h2>\n\n\n\n<div class=\"wp-block-media-text is-stacked-on-mobile\"><figure class=\"wp-block-media-text__media\"><img loading=\"lazy\" decoding=\"async\" width=\"1024\" height=\"683\" src=\"https:\/\/assembllees-galezes.bzh\/wp-content\/uploads\/2026\/04\/SEGAL-R.James_-1024x683.jpg\" alt=\"\" class=\"wp-image-1794 size-full\" srcset=\"https:\/\/assembllees-galezes.bzh\/wp-content\/uploads\/2026\/04\/SEGAL-R.James_-1024x683.jpg 1024w, https:\/\/assembllees-galezes.bzh\/wp-content\/uploads\/2026\/04\/SEGAL-R.James_-300x200.jpg 300w, https:\/\/assembllees-galezes.bzh\/wp-content\/uploads\/2026\/04\/SEGAL-R.James_-768x512.jpg 768w, https:\/\/assembllees-galezes.bzh\/wp-content\/uploads\/2026\/04\/SEGAL-R.James_-1536x1024.jpg 1536w, https:\/\/assembllees-galezes.bzh\/wp-content\/uploads\/2026\/04\/SEGAL-R.James_-2048x1365.jpg 2048w\" sizes=\"auto, (max-width: 1024px) 100vw, 1024px\" \/><\/figure><div class=\"wp-block-media-text__content\">\n<p>Apr\u00e8s des ann\u00e9es \u00e0 se poser des questions futiles comme \u00ab Pourquoi la gravit\u00e9? \u00bb ou \u00ab Quel sens donner au concept de propriet\u00e9 dans la culture populaire galloise du d\u00e9but du XIX\u00e8me? \u00bb, ces amis de longue date se sont pos\u00e9s la question du sens, non pas de la vie, car ce th\u00e8me a d\u00e9j\u00e0 \u00e9t\u00e9 \u00e9rrod\u00e9 par quantit\u00e9 de penseurs, mais de la ronde en fest-noz. La ronde tourne vers la gauche, est-ce par conviction politique ? Pour tenter, en vain, de s\u2019\u00e9loigner de son voisin de droite ? Par hasard ?<br>Apr\u00e8s de longues heures de visionnage d\u2019archives vid\u00e9os et d\u2019\u00e9coute de t\u00e9moignage sur le sujet et car le collectif ne parvenait pas \u00e0 percer le myst\u00e8re du sens de la ronde, les cinq ami\u00b7e\u00b7s sont pass\u00e9\u00b7e\u00b7s \u00e0 des questions plus facilement r\u00e9solubles. \u00ab Tu fais quoi dans la vie toi ? \u00bb \u00ab Musicienne et toi ? \u00bb \u00ab Musicien, en trad\u2019, c\u2019est incroyable, on pourrait monter un groupe ensemble ? \u00bb \u00ab Ho ouais, carr\u00e9ment! \u00bb \u00ab Chaud! \u00bb (merci la blague). C\u2019est ainsi qu\u2019Anjela Lorho-Pasco (chant), Dylan James (contrebasse), Pierre Droual (violon), Meriadeg Lorho-Pasco (clarinette) et Floriane Le Pottier (violon) form\u00e8rent le groupe SEGAL.<\/p>\n\n\n\n<p><\/p>\n<\/div><\/div>\n\n\n\n<h2 class=\"wp-block-heading\"><\/h2>\n\n\n\n<figure class=\"wp-block-embed is-type-video is-provider-youtube wp-block-embed-youtube wp-embed-aspect-16-9 wp-has-aspect-ratio\"><div class=\"wp-block-embed__wrapper\">\n<iframe loading=\"lazy\" title=\"RONDE DE LOUDEAC - SEGAL\" width=\"1505\" height=\"847\" src=\"https:\/\/www.youtube.com\/embed\/TqVHpfGUh68?feature=oembed\" frameborder=\"0\" allow=\"accelerometer; autoplay; clipboard-write; encrypted-media; gyroscope; picture-in-picture; web-share\" referrerpolicy=\"strict-origin-when-cross-origin\" allowfullscreen><\/iframe>\n<\/div><\/figure>\n\n\n\n<p><\/p>\n","protected":false},"excerpt":{"rendered":"<p>SEGAL Apr\u00e8s des ann\u00e9es \u00e0 se poser des questions futiles comme \u00ab Pourquoi la gravit\u00e9? \u00bb ou \u00ab Quel sens donner au concept de propriet\u00e9 dans la culture populaire galloise du d\u00e9but du XIX\u00e8me? \u00bb, ces amis de longue date se sont pos\u00e9s la question du sens, non pas de &hellip;<\/p>\n","protected":false},"author":2,"featured_media":0,"parent":87,"menu_order":0,"comment_status":"closed","ping_status":"closed","template":"","meta":{"footnotes":""},"class_list":["post-1679","page","type-page","status-publish","hentry"],"_links":{"self":[{"href":"https:\/\/assembllees-galezes.bzh\/index.php\/wp-json\/wp\/v2\/pages\/1679","targetHints":{"allow":["GET"]}}],"collection":[{"href":"https:\/\/assembllees-galezes.bzh\/index.php\/wp-json\/wp\/v2\/pages"}],"about":[{"href":"https:\/\/assembllees-galezes.bzh\/index.php\/wp-json\/wp\/v2\/types\/page"}],"author":[{"embeddable":true,"href":"https:\/\/assembllees-galezes.bzh\/index.php\/wp-json\/wp\/v2\/users\/2"}],"replies":[{"embeddable":true,"href":"https:\/\/assembllees-galezes.bzh\/index.php\/wp-json\/wp\/v2\/comments?post=1679"}],"version-history":[{"count":4,"href":"https:\/\/assembllees-galezes.bzh\/index.php\/wp-json\/wp\/v2\/pages\/1679\/revisions"}],"predecessor-version":[{"id":1797,"href":"https:\/\/assembllees-galezes.bzh\/index.php\/wp-json\/wp\/v2\/pages\/1679\/revisions\/1797"}],"up":[{"embeddable":true,"href":"https:\/\/assembllees-galezes.bzh\/index.php\/wp-json\/wp\/v2\/pages\/87"}],"wp:attachment":[{"href":"https:\/\/assembllees-galezes.bzh\/index.php\/wp-json\/wp\/v2\/media?parent=1679"}],"curies":[{"name":"wp","href":"https:\/\/api.w.org\/{rel}","templated":true}]}}