{"id":1680,"date":"2026-03-27T17:28:03","date_gmt":"2026-03-27T16:28:26","guid":{"rendered":"https:\/\/assembllees-galezes.bzh\/index.php\/le-festival\/programmation\/drache-11\/"},"modified":"2026-04-08T15:03:27","modified_gmt":"2026-04-08T13:03:27","slug":"madec-radin","status":"publish","type":"page","link":"https:\/\/assembllees-galezes.bzh\/index.php\/le-festival\/programmation\/madec-radin\/","title":{"rendered":"Madec\/Radin"},"content":{"rendered":"\n<h2 class=\"wp-block-heading\">Madec\/Radin<\/h2>\n\n\n\n<div class=\"wp-block-media-text is-stacked-on-mobile\"><figure class=\"wp-block-media-text__media\"><img loading=\"lazy\" decoding=\"async\" width=\"378\" height=\"248\" src=\"https:\/\/assembllees-galezes.bzh\/wp-content\/uploads\/2026\/04\/Maud-Argentique-05-0005.minmin-1.jpg\" alt=\"\" class=\"wp-image-1800 size-full\" srcset=\"https:\/\/assembllees-galezes.bzh\/wp-content\/uploads\/2026\/04\/Maud-Argentique-05-0005.minmin-1.jpg 378w, https:\/\/assembllees-galezes.bzh\/wp-content\/uploads\/2026\/04\/Maud-Argentique-05-0005.minmin-1-300x197.jpg 300w, https:\/\/assembllees-galezes.bzh\/wp-content\/uploads\/2026\/04\/Maud-Argentique-05-0005.minmin-1-305x200.jpg 305w\" sizes=\"auto, (max-width: 378px) 100vw, 378px\" \/><\/figure><div class=\"wp-block-media-text__content\">\n<p>Attach\u00e9s aux pays vannetais et vannetais-gallo, comm\u00e8re et comp\u00e8re sonnent avec enthousiasme les danses de leurs terroirs de pr\u00e9dilection.\u00a0L\u2019\u00e9nergie du duo binio\u00f9\/bombarde est bien l\u00e0, pour servir la ronde avec g\u00e9n\u00e9rosit\u00e9. <em>Dait da zansal\u00a0!<\/em><\/p>\n<\/div><\/div>\n\n\n\n<h2 class=\"wp-block-heading\"><\/h2>\n\n\n\n<figure class=\"wp-block-embed is-type-video is-provider-youtube wp-block-embed-youtube wp-embed-aspect-16-9 wp-has-aspect-ratio\"><div class=\"wp-block-embed__wrapper\">\n<iframe loading=\"lazy\" title=\"Duo Madec\/Radin - Fest Noz \u00e0 Redon\" width=\"1505\" height=\"847\" src=\"https:\/\/www.youtube.com\/embed\/CfeXxdpH-RQ?feature=oembed\" frameborder=\"0\" allow=\"accelerometer; autoplay; clipboard-write; encrypted-media; gyroscope; picture-in-picture; web-share\" referrerpolicy=\"strict-origin-when-cross-origin\" allowfullscreen><\/iframe>\n<\/div><\/figure>\n\n\n\n<p><\/p>\n","protected":false},"excerpt":{"rendered":"<p>Madec\/Radin Attach\u00e9s aux pays vannetais et vannetais-gallo, comm\u00e8re et comp\u00e8re sonnent avec enthousiasme les danses de leurs terroirs de pr\u00e9dilection.\u00a0L\u2019\u00e9nergie du duo binio\u00f9\/bombarde est bien l\u00e0, pour servir la ronde avec g\u00e9n\u00e9rosit\u00e9. Dait da zansal\u00a0!<\/p>\n","protected":false},"author":2,"featured_media":0,"parent":87,"menu_order":0,"comment_status":"closed","ping_status":"closed","template":"","meta":{"footnotes":""},"class_list":["post-1680","page","type-page","status-publish","hentry"],"_links":{"self":[{"href":"https:\/\/assembllees-galezes.bzh\/index.php\/wp-json\/wp\/v2\/pages\/1680","targetHints":{"allow":["GET"]}}],"collection":[{"href":"https:\/\/assembllees-galezes.bzh\/index.php\/wp-json\/wp\/v2\/pages"}],"about":[{"href":"https:\/\/assembllees-galezes.bzh\/index.php\/wp-json\/wp\/v2\/types\/page"}],"author":[{"embeddable":true,"href":"https:\/\/assembllees-galezes.bzh\/index.php\/wp-json\/wp\/v2\/users\/2"}],"replies":[{"embeddable":true,"href":"https:\/\/assembllees-galezes.bzh\/index.php\/wp-json\/wp\/v2\/comments?post=1680"}],"version-history":[{"count":3,"href":"https:\/\/assembllees-galezes.bzh\/index.php\/wp-json\/wp\/v2\/pages\/1680\/revisions"}],"predecessor-version":[{"id":1803,"href":"https:\/\/assembllees-galezes.bzh\/index.php\/wp-json\/wp\/v2\/pages\/1680\/revisions\/1803"}],"up":[{"embeddable":true,"href":"https:\/\/assembllees-galezes.bzh\/index.php\/wp-json\/wp\/v2\/pages\/87"}],"wp:attachment":[{"href":"https:\/\/assembllees-galezes.bzh\/index.php\/wp-json\/wp\/v2\/media?parent=1680"}],"curies":[{"name":"wp","href":"https:\/\/api.w.org\/{rel}","templated":true}]}}