{"id":1691,"date":"2026-03-27T17:30:03","date_gmt":"2026-03-27T16:30:58","guid":{"rendered":"https:\/\/assembllees-galezes.bzh\/index.php\/le-festival\/programmation\/ivan-rajalu-2\/"},"modified":"2026-04-22T22:27:20","modified_gmt":"2026-04-22T20:27:20","slug":"ivan-rajalu-2","status":"publish","type":"page","link":"https:\/\/assembllees-galezes.bzh\/index.php\/le-festival\/programmation\/ivan-rajalu-2\/","title":{"rendered":"Ivan Rajalu"},"content":{"rendered":"\n<h2 class=\"wp-block-heading\">Ivan Rajalu<\/h2>\n\n\n\n<div class=\"wp-block-media-text is-stacked-on-mobile\"><figure class=\"wp-block-media-text__media\"><img loading=\"lazy\" decoding=\"async\" width=\"600\" height=\"338\" src=\"https:\/\/assembllees-galezes.bzh\/wp-content\/uploads\/2026\/04\/image0000001.jpg-2.jpeg\" alt=\"\" class=\"wp-image-1825 size-full\" srcset=\"https:\/\/assembllees-galezes.bzh\/wp-content\/uploads\/2026\/04\/image0000001.jpg-2.jpeg 600w, https:\/\/assembllees-galezes.bzh\/wp-content\/uploads\/2026\/04\/image0000001.jpg-2-300x169.jpeg 300w, https:\/\/assembllees-galezes.bzh\/wp-content\/uploads\/2026\/04\/image0000001.jpg-2-355x200.jpeg 355w\" sizes=\"auto, (max-width: 600px) 100vw, 600px\" \/><\/figure><div class=\"wp-block-media-text__content\">\n<p>Musicien et danseur de Haute Bretagne, Ivan Rajalu m\u00e8ne le bal en se promenant et en dansant au milieu du public.<\/p>\n\n\n\n<p>A l\u2019aide d\u2019un violon et de sa voix, il anime rondes, contredanses et danses de couple en gavottant, en annon\u00e7ant les figures et les jeux, ainsi qu&rsquo;en chantant \u00e0 r\u00e9p\u00e9ter.<\/p>\n\n\n\n<p>Impr\u00e9gn\u00e9 du style des anciens \u00ab rouzinous \u00bb, il d\u00e9veloppe un jeu, o\u00f9 sonorit\u00e9s et nuances accompagnent, inspirent, surprennent, en conversation avec le mouvement des danseurs-euses.<\/p>\n<\/div><\/div>\n\n\n\n<h2 class=\"wp-block-heading\"><\/h2>\n\n\n\n\n\n<p><\/p>\n","protected":false},"excerpt":{"rendered":"<p>Ivan Rajalu Musicien et danseur de Haute Bretagne, Ivan Rajalu m\u00e8ne le bal en se promenant et en dansant au milieu du public. A l\u2019aide d\u2019un violon et de sa voix, il anime rondes, contredanses et danses de couple en gavottant, en annon\u00e7ant les figures et les jeux, ainsi qu&rsquo;en &hellip;<\/p>\n","protected":false},"author":2,"featured_media":0,"parent":87,"menu_order":0,"comment_status":"closed","ping_status":"closed","template":"","meta":{"footnotes":""},"class_list":["post-1691","page","type-page","status-publish","hentry"],"_links":{"self":[{"href":"https:\/\/assembllees-galezes.bzh\/index.php\/wp-json\/wp\/v2\/pages\/1691","targetHints":{"allow":["GET"]}}],"collection":[{"href":"https:\/\/assembllees-galezes.bzh\/index.php\/wp-json\/wp\/v2\/pages"}],"about":[{"href":"https:\/\/assembllees-galezes.bzh\/index.php\/wp-json\/wp\/v2\/types\/page"}],"author":[{"embeddable":true,"href":"https:\/\/assembllees-galezes.bzh\/index.php\/wp-json\/wp\/v2\/users\/2"}],"replies":[{"embeddable":true,"href":"https:\/\/assembllees-galezes.bzh\/index.php\/wp-json\/wp\/v2\/comments?post=1691"}],"version-history":[{"count":3,"href":"https:\/\/assembllees-galezes.bzh\/index.php\/wp-json\/wp\/v2\/pages\/1691\/revisions"}],"predecessor-version":[{"id":1829,"href":"https:\/\/assembllees-galezes.bzh\/index.php\/wp-json\/wp\/v2\/pages\/1691\/revisions\/1829"}],"up":[{"embeddable":true,"href":"https:\/\/assembllees-galezes.bzh\/index.php\/wp-json\/wp\/v2\/pages\/87"}],"wp:attachment":[{"href":"https:\/\/assembllees-galezes.bzh\/index.php\/wp-json\/wp\/v2\/media?parent=1691"}],"curies":[{"name":"wp","href":"https:\/\/api.w.org\/{rel}","templated":true}]}}