{"id":1692,"date":"2026-03-27T17:30:03","date_gmt":"2026-03-27T16:30:58","guid":{"rendered":"https:\/\/assembllees-galezes.bzh\/index.php\/le-festival\/programmation\/ivan-rajalu-3\/"},"modified":"2026-04-08T15:11:15","modified_gmt":"2026-04-08T13:11:15","slug":"lemoine-couchoux","status":"publish","type":"page","link":"https:\/\/assembllees-galezes.bzh\/index.php\/le-festival\/programmation\/lemoine-couchoux\/","title":{"rendered":"Lemoine\/Couchoux"},"content":{"rendered":"\n<h2 class=\"wp-block-heading\">Lemoine\/Couchoux<\/h2>\n\n\n\n<div class=\"wp-block-media-text is-stacked-on-mobile\"><figure class=\"wp-block-media-text__media\"><img loading=\"lazy\" decoding=\"async\" width=\"1024\" height=\"1024\" src=\"https:\/\/assembllees-galezes.bzh\/wp-content\/uploads\/2026\/04\/6548_07-1024x1024.jpeg\" alt=\"\" class=\"wp-image-1805 size-full\" srcset=\"https:\/\/assembllees-galezes.bzh\/wp-content\/uploads\/2026\/04\/6548_07-1024x1024.jpeg 1024w, https:\/\/assembllees-galezes.bzh\/wp-content\/uploads\/2026\/04\/6548_07-300x300.jpeg 300w, https:\/\/assembllees-galezes.bzh\/wp-content\/uploads\/2026\/04\/6548_07-150x150.jpeg 150w, https:\/\/assembllees-galezes.bzh\/wp-content\/uploads\/2026\/04\/6548_07-768x768.jpeg 768w, https:\/\/assembllees-galezes.bzh\/wp-content\/uploads\/2026\/04\/6548_07-1536x1536.jpeg 1536w, https:\/\/assembllees-galezes.bzh\/wp-content\/uploads\/2026\/04\/6548_07-200x200.jpeg 200w, https:\/\/assembllees-galezes.bzh\/wp-content\/uploads\/2026\/04\/6548_07.jpeg 2000w\" sizes=\"auto, (max-width: 1024px) 100vw, 1024px\" \/><\/figure><div class=\"wp-block-media-text__content\">\n<p>Bal pour accord\u00e9on et banjo (haute-bretagne)<\/p>\n\n\n\n<p>Telle la rencontre fortuite d&rsquo;un parapluie et d&rsquo;une machine \u00e0 coudre, le duo Lemoine\/Couchoux est n\u00e9 d&rsquo;un malentendu organologique. Pensez : un accord\u00e9on bisonore et un banjo \u00e0 bourdon ! L&rsquo;entendre est organique, simple et diatonique. Cet instrumentation singulier donne corps et coh\u00e9rence \u00e0 une musique d&rsquo;airs, \u00e0 la provenance ancr\u00e9e et (parfois) douteuse, qui change avec la saison.<\/p>\n\n\n\n<p><strong>Jeanne<\/strong> <strong>Lemoine<\/strong> : accord\u00e9on, voix<\/p>\n\n\n\n<p><strong>Cyril Couchoux <\/strong>: banjo, voix<\/p>\n<\/div><\/div>\n\n\n\n<h2 class=\"wp-block-heading\"><\/h2>\n\n\n\n<figure class=\"wp-block-embed is-type-video is-provider-youtube wp-block-embed-youtube wp-embed-aspect-16-9 wp-has-aspect-ratio\"><div class=\"wp-block-embed__wrapper\">\n<iframe loading=\"lazy\" title=\"Jeanne Lemoine &amp; Cyril Couchoux \u2013 Le coucou (Rid\u00e9e)\" width=\"1505\" height=\"847\" src=\"https:\/\/www.youtube.com\/embed\/rHxRgATHOKE?list=PLuBt9jWz3M3yEUpK6kRbkJe-7vAf3Dw61\" frameborder=\"0\" allow=\"accelerometer; autoplay; clipboard-write; encrypted-media; gyroscope; picture-in-picture; web-share\" referrerpolicy=\"strict-origin-when-cross-origin\" allowfullscreen><\/iframe>\n<\/div><\/figure>\n\n\n\n<p><\/p>\n","protected":false},"excerpt":{"rendered":"<p>Lemoine\/Couchoux Bal pour accord\u00e9on et banjo (haute-bretagne) Telle la rencontre fortuite d&rsquo;un parapluie et d&rsquo;une machine \u00e0 coudre, le duo Lemoine\/Couchoux est n\u00e9 d&rsquo;un malentendu organologique. Pensez : un accord\u00e9on bisonore et un banjo \u00e0 bourdon ! L&rsquo;entendre est organique, simple et diatonique. Cet instrumentation singulier donne corps et coh\u00e9rence &hellip;<\/p>\n","protected":false},"author":2,"featured_media":0,"parent":87,"menu_order":0,"comment_status":"closed","ping_status":"closed","template":"","meta":{"footnotes":""},"class_list":["post-1692","page","type-page","status-publish","hentry"],"_links":{"self":[{"href":"https:\/\/assembllees-galezes.bzh\/index.php\/wp-json\/wp\/v2\/pages\/1692","targetHints":{"allow":["GET"]}}],"collection":[{"href":"https:\/\/assembllees-galezes.bzh\/index.php\/wp-json\/wp\/v2\/pages"}],"about":[{"href":"https:\/\/assembllees-galezes.bzh\/index.php\/wp-json\/wp\/v2\/types\/page"}],"author":[{"embeddable":true,"href":"https:\/\/assembllees-galezes.bzh\/index.php\/wp-json\/wp\/v2\/users\/2"}],"replies":[{"embeddable":true,"href":"https:\/\/assembllees-galezes.bzh\/index.php\/wp-json\/wp\/v2\/comments?post=1692"}],"version-history":[{"count":4,"href":"https:\/\/assembllees-galezes.bzh\/index.php\/wp-json\/wp\/v2\/pages\/1692\/revisions"}],"predecessor-version":[{"id":1807,"href":"https:\/\/assembllees-galezes.bzh\/index.php\/wp-json\/wp\/v2\/pages\/1692\/revisions\/1807"}],"up":[{"embeddable":true,"href":"https:\/\/assembllees-galezes.bzh\/index.php\/wp-json\/wp\/v2\/pages\/87"}],"wp:attachment":[{"href":"https:\/\/assembllees-galezes.bzh\/index.php\/wp-json\/wp\/v2\/media?parent=1692"}],"curies":[{"name":"wp","href":"https:\/\/api.w.org\/{rel}","templated":true}]}}