{"id":1693,"date":"2026-03-27T17:30:03","date_gmt":"2026-03-27T16:30:58","guid":{"rendered":"https:\/\/assembllees-galezes.bzh\/index.php\/le-festival\/programmation\/ivan-rajalu-4\/"},"modified":"2026-04-08T14:49:57","modified_gmt":"2026-04-08T12:49:57","slug":"maison-girault","status":"publish","type":"page","link":"https:\/\/assembllees-galezes.bzh\/index.php\/le-festival\/programmation\/maison-girault\/","title":{"rendered":"Maison Girault"},"content":{"rendered":"\n<h2 class=\"wp-block-heading\">Maison Girault<\/h2>\n\n\n\n<div class=\"wp-block-media-text is-stacked-on-mobile\"><figure class=\"wp-block-media-text__media\"><img loading=\"lazy\" decoding=\"async\" width=\"810\" height=\"608\" src=\"https:\/\/assembllees-galezes.bzh\/wp-content\/uploads\/2026\/03\/copie-1.jpg\" alt=\"\" class=\"wp-image-1659 size-full\" srcset=\"https:\/\/assembllees-galezes.bzh\/wp-content\/uploads\/2026\/03\/copie-1.jpg 810w, https:\/\/assembllees-galezes.bzh\/wp-content\/uploads\/2026\/03\/copie-1-300x225.jpg 300w, https:\/\/assembllees-galezes.bzh\/wp-content\/uploads\/2026\/03\/copie-1-768x576.jpg 768w, https:\/\/assembllees-galezes.bzh\/wp-content\/uploads\/2026\/03\/copie-1-266x200.jpg 266w\" sizes=\"auto, (max-width: 810px) 100vw, 810px\" \/><\/figure><div class=\"wp-block-media-text__content\">\n<p>Truculence en danse<\/p>\n\n\n\n<p>Les parquets de fest-noz et de bals vont s\u2019\u00e9chauffer avec ce duo nantais de chant \u00e0 danser a cappella, qui r\u00e9unit deux Girault : p\u00e8re et fils !<\/p>\n\n\n\n<p>Sylvain Girault, ma\u00eetre du chant \u00e0 danser de haute Bretagne, voix chaleureuse et virtuose de Kat\u00e9-M\u00e9 et de \u00ab Sylvain GirO et le chant de la griffe \u00bb, entra\u00eene avec lui son fils Marius, ayant baign\u00e9 dans cette culture depuis tout petit et passionn\u00e9 par les cultures populaires. Rondes chant\u00e9es de haute Bretagne (hanter dro, rid\u00e9es, tours, bals et ronds paludiers, rond de Saint-Vincent, pil\u00e9s, ronds de Loud\u00e9ac\u2026) et danses en couple, \u00ab Maison Girault \u00bb pr\u00e9sente un r\u00e9pertoire francophone \u00e0 la fois original &#8211; \u00e9crit et compos\u00e9 par Sylvain &#8211; et quelques chants populaires issu de la tradition orale de haute Bretagne. Les textes se font dr\u00f4les, l\u00e9gers, absurdes, surr\u00e9alistes, espi\u00e8gles, un brin contestataires\u2026 Des mots chant\u00e9s et souriants au service de la danse collective.<\/p>\n<\/div><\/div>\n\n\n\n<h2 class=\"wp-block-heading\"><\/h2>\n\n\n\n<figure class=\"wp-block-embed is-type-video is-provider-youtube wp-block-embed-youtube wp-embed-aspect-16-9 wp-has-aspect-ratio\"><div class=\"wp-block-embed__wrapper\">\n<iframe loading=\"lazy\" title=\"Maison Girault \/ Rond de Loud\u00e9ac \/ Fest-noz Tavarn Ar Roue Morvan  - Festival de Lorient 2024\" width=\"1505\" height=\"847\" src=\"https:\/\/www.youtube.com\/embed\/r2UZ23R9fE8?feature=oembed\" frameborder=\"0\" allow=\"accelerometer; autoplay; clipboard-write; encrypted-media; gyroscope; picture-in-picture; web-share\" referrerpolicy=\"strict-origin-when-cross-origin\" allowfullscreen><\/iframe>\n<\/div><\/figure>\n\n\n\n<p><\/p>\n","protected":false},"excerpt":{"rendered":"<p>Maison Girault Truculence en danse Les parquets de fest-noz et de bals vont s\u2019\u00e9chauffer avec ce duo nantais de chant \u00e0 danser a cappella, qui r\u00e9unit deux Girault : p\u00e8re et fils ! Sylvain Girault, ma\u00eetre du chant \u00e0 danser de haute Bretagne, voix chaleureuse et virtuose de Kat\u00e9-M\u00e9 et &hellip;<\/p>\n","protected":false},"author":2,"featured_media":0,"parent":87,"menu_order":0,"comment_status":"closed","ping_status":"closed","template":"","meta":{"footnotes":""},"class_list":["post-1693","page","type-page","status-publish","hentry"],"_links":{"self":[{"href":"https:\/\/assembllees-galezes.bzh\/index.php\/wp-json\/wp\/v2\/pages\/1693","targetHints":{"allow":["GET"]}}],"collection":[{"href":"https:\/\/assembllees-galezes.bzh\/index.php\/wp-json\/wp\/v2\/pages"}],"about":[{"href":"https:\/\/assembllees-galezes.bzh\/index.php\/wp-json\/wp\/v2\/types\/page"}],"author":[{"embeddable":true,"href":"https:\/\/assembllees-galezes.bzh\/index.php\/wp-json\/wp\/v2\/users\/2"}],"replies":[{"embeddable":true,"href":"https:\/\/assembllees-galezes.bzh\/index.php\/wp-json\/wp\/v2\/comments?post=1693"}],"version-history":[{"count":3,"href":"https:\/\/assembllees-galezes.bzh\/index.php\/wp-json\/wp\/v2\/pages\/1693\/revisions"}],"predecessor-version":[{"id":1793,"href":"https:\/\/assembllees-galezes.bzh\/index.php\/wp-json\/wp\/v2\/pages\/1693\/revisions\/1793"}],"up":[{"embeddable":true,"href":"https:\/\/assembllees-galezes.bzh\/index.php\/wp-json\/wp\/v2\/pages\/87"}],"wp:attachment":[{"href":"https:\/\/assembllees-galezes.bzh\/index.php\/wp-json\/wp\/v2\/media?parent=1693"}],"curies":[{"name":"wp","href":"https:\/\/api.w.org\/{rel}","templated":true}]}}