{"id":1699,"date":"2026-03-27T17:32:03","date_gmt":"2026-03-27T16:32:40","guid":{"rendered":"https:\/\/assembllees-galezes.bzh\/index.php\/le-festival\/programmation\/maison-girault-2-2\/"},"modified":"2026-04-08T14:46:09","modified_gmt":"2026-04-08T12:46:09","slug":"trio-forj","status":"publish","type":"page","link":"https:\/\/assembllees-galezes.bzh\/index.php\/le-festival\/programmation\/trio-forj\/","title":{"rendered":"Trio forj"},"content":{"rendered":"\n<h2 class=\"wp-block-heading\">FORJ<\/h2>\n\n\n\n<div class=\"wp-block-media-text is-stacked-on-mobile\"><figure class=\"wp-block-media-text__media\"><img loading=\"lazy\" decoding=\"async\" width=\"1024\" height=\"768\" src=\"https:\/\/assembllees-galezes.bzh\/wp-content\/uploads\/2026\/04\/Photo-FORJ-20252-1-1024x768.jpg\" alt=\"\" class=\"wp-image-1790 size-full\" srcset=\"https:\/\/assembllees-galezes.bzh\/wp-content\/uploads\/2026\/04\/Photo-FORJ-20252-1-1024x768.jpg 1024w, https:\/\/assembllees-galezes.bzh\/wp-content\/uploads\/2026\/04\/Photo-FORJ-20252-1-300x225.jpg 300w, https:\/\/assembllees-galezes.bzh\/wp-content\/uploads\/2026\/04\/Photo-FORJ-20252-1-768x576.jpg 768w, https:\/\/assembllees-galezes.bzh\/wp-content\/uploads\/2026\/04\/Photo-FORJ-20252-1-1536x1152.jpg 1536w, https:\/\/assembllees-galezes.bzh\/wp-content\/uploads\/2026\/04\/Photo-FORJ-20252-1-2048x1536.jpg 2048w, https:\/\/assembllees-galezes.bzh\/wp-content\/uploads\/2026\/04\/Photo-FORJ-20252-1-267x200.jpg 267w\" sizes=\"auto, (max-width: 1024px) 100vw, 1024px\" \/><\/figure><div class=\"wp-block-media-text__content\">\n<p>\u00c0 la pointe orientale de la Bretagne l\u2019avant deux est roi. Entre le pays Bazouge et le pays paludier, la Haute Bretagne d\u00e9ploie son territoire et son univers. Forj s\u2019inspire, cr\u00e9e, transforme les r\u00e9pertoires de ces contr\u00e9es gall\u00e8ses.<\/p>\n\n\n\n<p>Un langage qui navigue entre la transe des musiques populaires et l\u2019\u00e9nergie des dance-floor, ramen\u00e9 de leurs voyages dans toute l\u2019Europe depuis plus de 10 ans.<\/p>\n\n\n\n<p>Un instrumentarium \u00e0 la rencontre d\u2019instruments acoustiques (cornemuses, accord\u00e9on, guitare) et \u00e9lectroniques (synth\u00e9s, guitare \u00e9lectrique, kick) pour une musique Gall\u00e8se pleinement d\u2019aujourd\u2019hui.<\/p>\n<\/div><\/div>\n\n\n\n<h2 class=\"wp-block-heading\"><\/h2>\n\n\n\n<figure class=\"wp-block-embed is-type-video is-provider-youtube wp-block-embed-youtube wp-embed-aspect-16-9 wp-has-aspect-ratio\"><div class=\"wp-block-embed__wrapper\">\n<iframe loading=\"lazy\" title=\"Trio FORJ TEASER - 2025\" width=\"1505\" height=\"847\" src=\"https:\/\/www.youtube.com\/embed\/gPBh87ieK1A?feature=oembed\" frameborder=\"0\" allow=\"accelerometer; autoplay; clipboard-write; encrypted-media; gyroscope; picture-in-picture; web-share\" referrerpolicy=\"strict-origin-when-cross-origin\" allowfullscreen><\/iframe>\n<\/div><\/figure>\n\n\n\n<p><\/p>\n","protected":false},"excerpt":{"rendered":"<p>FORJ \u00c0 la pointe orientale de la Bretagne l\u2019avant deux est roi. Entre le pays Bazouge et le pays paludier, la Haute Bretagne d\u00e9ploie son territoire et son univers. Forj s\u2019inspire, cr\u00e9e, transforme les r\u00e9pertoires de ces contr\u00e9es gall\u00e8ses. Un langage qui navigue entre la transe des musiques populaires et &hellip;<\/p>\n","protected":false},"author":2,"featured_media":0,"parent":87,"menu_order":0,"comment_status":"closed","ping_status":"closed","template":"","meta":{"footnotes":""},"class_list":["post-1699","page","type-page","status-publish","hentry"],"_links":{"self":[{"href":"https:\/\/assembllees-galezes.bzh\/index.php\/wp-json\/wp\/v2\/pages\/1699","targetHints":{"allow":["GET"]}}],"collection":[{"href":"https:\/\/assembllees-galezes.bzh\/index.php\/wp-json\/wp\/v2\/pages"}],"about":[{"href":"https:\/\/assembllees-galezes.bzh\/index.php\/wp-json\/wp\/v2\/types\/page"}],"author":[{"embeddable":true,"href":"https:\/\/assembllees-galezes.bzh\/index.php\/wp-json\/wp\/v2\/users\/2"}],"replies":[{"embeddable":true,"href":"https:\/\/assembllees-galezes.bzh\/index.php\/wp-json\/wp\/v2\/comments?post=1699"}],"version-history":[{"count":3,"href":"https:\/\/assembllees-galezes.bzh\/index.php\/wp-json\/wp\/v2\/pages\/1699\/revisions"}],"predecessor-version":[{"id":1791,"href":"https:\/\/assembllees-galezes.bzh\/index.php\/wp-json\/wp\/v2\/pages\/1699\/revisions\/1791"}],"up":[{"embeddable":true,"href":"https:\/\/assembllees-galezes.bzh\/index.php\/wp-json\/wp\/v2\/pages\/87"}],"wp:attachment":[{"href":"https:\/\/assembllees-galezes.bzh\/index.php\/wp-json\/wp\/v2\/media?parent=1699"}],"curies":[{"name":"wp","href":"https:\/\/api.w.org\/{rel}","templated":true}]}}