{"id":2,"date":"2025-01-26T17:06:03","date_gmt":"2025-01-26T16:06:48","guid":{"rendered":"http:\/\/benvoulants.assembllees-galezes.bzh\/?page_id=2"},"modified":"2026-02-09T15:09:57","modified_gmt":"2026-02-09T14:09:57","slug":"lassociation","status":"publish","type":"page","link":"https:\/\/assembllees-galezes.bzh\/index.php\/lassociation\/","title":{"rendered":"L&rsquo;association"},"content":{"rendered":"\n<h1 class=\"wp-block-heading has-text-align-center\">Les Assembll\u00e9es Gal\u00e8zes<\/h1>\n\n\n\n<p>Les <strong>Assembll\u00e9es Gall\u00e8zes<\/strong> sont g\u00e9r\u00e9es par une <strong>petite association de b\u00e9n\u00e9voles<\/strong>, suivant les statuts de la loi 1901 <em>(voir <a href=\"https:\/\/u.pcloud.link\/publink\/show?code=XZXOyYXZgq4VJx3A0jF4hAyfTQK5M5EpHRNy\" target=\"_blank\" rel=\"noreferrer noopener\">les statuts<\/a>)<\/em>.<\/p>\n\n\n\n<div class=\"wp-block-columns is-layout-flex wp-container-core-columns-is-layout-9d6595d7 wp-block-columns-is-layout-flex\">\n<div class=\"wp-block-column is-layout-flow wp-block-column-is-layout-flow\">\n<h2 class=\"wp-block-heading\">Soutenir l&rsquo;association<\/h2>\n\n\n\n<p>Pour soutenir l&rsquo;association, vous pouvez adh\u00e9rer ou faire des dons. <br>Tout est expliqu\u00e9 dans <a href=\"https:\/index.php\/adherer\/\" data-type=\"page\" data-id=\"817\"><strong>cette page<\/strong><\/a>.<\/p>\n\n\n\n<h2 class=\"wp-block-heading\">Historique<\/h2>\n\n\n\n<p>Cr\u00e9\u00e9 en 1979 par l&rsquo;association des \u00ab Amis du Parler Gallo \u00bb, le festival des Assembll\u00e9es Gal\u00e8zes est un \u00e9v\u00e9nement unique : organis\u00e9 sur une semaine enti\u00e8re en milieu rural et consacr\u00e9 exclusivement \u00e0 la culture de Haute-Bretagne (dite gall\u00e8se) et \u00e0 sa langue, le gallo.<\/p>\n<\/div>\n\n\n\n<div class=\"wp-block-column is-layout-flow wp-block-column-is-layout-flow\">\n<figure class=\"wp-block-gallery has-nested-images columns-default is-cropped wp-block-gallery-1 is-layout-flex wp-block-gallery-is-layout-flex\">\n<figure class=\"wp-block-image size-large\"><img loading=\"lazy\" decoding=\"async\" width=\"1024\" height=\"724\" data-id=\"911\" src=\"https:\/\/benvoulants.assembllees-galezes.bzh\/wp-content\/uploads\/2025\/04\/01_img_20190618_165624-1024x724.jpg\" alt=\"\" class=\"wp-image-911\" srcset=\"https:\/\/assembllees-galezes.bzh\/wp-content\/uploads\/2025\/04\/01_img_20190618_165624-1024x724.jpg 1024w, https:\/\/assembllees-galezes.bzh\/wp-content\/uploads\/2025\/04\/01_img_20190618_165624-300x212.jpg 300w, https:\/\/assembllees-galezes.bzh\/wp-content\/uploads\/2025\/04\/01_img_20190618_165624-768x543.jpg 768w, https:\/\/assembllees-galezes.bzh\/wp-content\/uploads\/2025\/04\/01_img_20190618_165624-1536x1086.jpg 1536w, https:\/\/assembllees-galezes.bzh\/wp-content\/uploads\/2025\/04\/01_img_20190618_165624-2048x1447.jpg 2048w, https:\/\/assembllees-galezes.bzh\/wp-content\/uploads\/2025\/04\/01_img_20190618_165624-283x200.jpg 283w\" sizes=\"auto, (max-width: 1024px) 100vw, 1024px\" \/><\/figure>\n<\/figure>\n<\/div>\n<\/div>\n\n\n\n<h2 class=\"wp-block-heading\">Objectifs de l&rsquo;association<\/h2>\n\n\n\n<p>\u2022 Promouvoir et transmettre la culture et la langue gall\u00e8se<\/p>\n\n\n\n<p>\u2022 Soutenir la cr\u00e9ation et la diffusion artistique<\/p>\n\n\n\n<p>\u2022 Promouvoir la citoyennet\u00e9 et l\u2019inclusion<\/p>\n\n\n\n<p>\u2022 Participer \u00e0 une \u00e9conomie sociale, solidaire et locale<\/p>\n\n\n\n<h2 class=\"wp-block-heading\">Un festival tourn\u00e9 vers les jeunes<\/h2>\n\n\n\n<div class=\"wp-block-columns is-layout-flex wp-container-core-columns-is-layout-9d6595d7 wp-block-columns-is-layout-flex\">\n<div class=\"wp-block-column is-layout-flow wp-block-column-is-layout-flow\">\n<figure class=\"wp-block-image size-large\"><img loading=\"lazy\" decoding=\"async\" width=\"1024\" height=\"683\" src=\"https:\/\/assembllees-galezes.bzh\/wp-content\/uploads\/2026\/02\/17072025-_C2A8885-1024x683.jpg\" alt=\"\" class=\"wp-image-1486\" srcset=\"https:\/\/assembllees-galezes.bzh\/wp-content\/uploads\/2026\/02\/17072025-_C2A8885-1024x683.jpg 1024w, https:\/\/assembllees-galezes.bzh\/wp-content\/uploads\/2026\/02\/17072025-_C2A8885-300x200.jpg 300w, https:\/\/assembllees-galezes.bzh\/wp-content\/uploads\/2026\/02\/17072025-_C2A8885-768x512.jpg 768w, https:\/\/assembllees-galezes.bzh\/wp-content\/uploads\/2026\/02\/17072025-_C2A8885-1536x1024.jpg 1536w, https:\/\/assembllees-galezes.bzh\/wp-content\/uploads\/2026\/02\/17072025-_C2A8885.jpg 1620w\" sizes=\"auto, (max-width: 1024px) 100vw, 1024px\" \/><\/figure>\n<\/div>\n\n\n\n<div class=\"wp-block-column is-layout-flow wp-block-column-is-layout-flow\">\n<p>S\u2019inscrivant dans le mouvement d\u2019\u00e9ducation populaire, le festival a toujours gard\u00e9 cet objectif en le d\u00e9veloppant notamment vis \u00e0 vis des jeunes. Cette volont\u00e9 s&rsquo;est traduite par la mise en place, il y a plusieurs d\u00e9cennies maintenant, d&rsquo;un Camp de Vacances et de Loisirs (CVL), associ\u00e9 au festival, pour accueillir les jeunes stagiaires mineurs, ils peuvent ainsi profiter d&rsquo;une semaine de stage sans mobiliser leurs parents ; nous sommes d\u00e9sormais la seule structure en Bretagne \u00e0 proposer ce type de service. Les jeunes ainsi accueillis repr\u00e9sentent pr\u00e8s de la moiti\u00e9 des stagiaires.<\/p>\n\n\n\n<p>De m\u00eame, notre association fut la premi\u00e8re \u00e0 proposer en 2007 des camps bilingues gallo\/fran\u00e7ais ; ces camps, qui \u00e0 ce jour n&rsquo;ont encore que peu d&rsquo;\u00e9quivalents, ont accueilli de dix \u00e0 trente jeunes chaque ann\u00e9e et leur a fait d\u00e9couvrir la langue et la culture de leur pays ; pour ces camps, les Assembll\u00e9es Gal\u00e8zes ont obtenu le Priz du Galo de la R\u00e9gion Bretagne en 2011.<\/p>\n\n\n\n<p>Cette action sur les jeunes, n&rsquo;est pas sans impact, actuellement nombre de musiciens et artistes de la sc\u00e8ne professionnelle de tradition bretonne sont des \u00ab enfants des Gal\u00e8zes \u00bb.<\/p>\n<\/div>\n<\/div>\n\n\n\n<h2 class=\"wp-block-heading\">Une action culturelle en milieu rural<\/h2>\n\n\n\n<p>Chaque soir de la semaine de festival, nous avons \u00e0 c\u0153ur de pr\u00e9senter au public des soir\u00e9es, des spectacles professionnels ou amateurs d&rsquo;une tr\u00e8s grande qualit\u00e9 artistique.<\/p>\n\n\n\n<p>Notre action culturelle ne se limite pas aux spectacles pendant le festival&nbsp;; tout au long de l&rsquo;ann\u00e9e nous organisons des actions de sensibilisation \u00e0 la musique et au gallo dans les \u00e9coles ou en participant au \u00ab&nbsp;Maiz du Galo&nbsp;\u00bb et \u00e0 la \u00ab&nbsp;F\u00e9te de la Bertegn&nbsp;\u00bb pilot\u00e9s par la R\u00e9gion Bretagne.<\/p>\n\n\n\n<h2 class=\"wp-block-heading\">Une ouverture culturelle<\/h2>\n\n\n\n<p>L\u2019\u00e9quipe des b\u00e9n\u00e9voles des Assembll\u00e9es Gal\u00e8zes donne vie \u00e0 la culture de Haute-Bretagne et montre sa vitalit\u00e9 et son renouvellement. Pendant le festival et les stages, se c\u00f4toient tradition et cr\u00e9ation, nouveaut\u00e9 et ouverture. La pr\u00e9sence de stagiaires venus d&rsquo;autres r\u00e9gions de France, de l&rsquo;\u00e9tranger et celle des jeunes attestent du renouvellement de cette culture, de son ouverture. Un ma\u00eetre mot : la convivialit\u00e9. L\u2019ambiance chaleureuse et le climat de confiance qui r\u00e8gnent aux \u00ab&nbsp;gal\u00e8zes&nbsp;\u00bb favorisent l\u2019apprentissage. Les stagiaires vivent une v\u00e9ritable immersion dans la culture de Haute Bretagne. En accueillant des stagiaires de 7 \u00e0 plus de 70 ans, le festival offre des possibilit\u00e9s d&rsquo;\u00e9changes inter- g\u00e9n\u00e9rationnels appr\u00e9ci\u00e9s de tous.<\/p>\n\n\n\n<p><\/p>\n","protected":false},"excerpt":{"rendered":"<p>Les Assembll\u00e9es Gal\u00e8zes Les Assembll\u00e9es Gall\u00e8zes sont g\u00e9r\u00e9es par une petite association de b\u00e9n\u00e9voles, suivant les statuts de la loi 1901 (voir les statuts). Soutenir l&rsquo;association Pour soutenir l&rsquo;association, vous pouvez adh\u00e9rer ou faire des dons. Tout est expliqu\u00e9 dans cette page. Historique Cr\u00e9\u00e9 en 1979 par l&rsquo;association des \u00ab &hellip;<\/p>\n","protected":false},"author":1,"featured_media":0,"parent":0,"menu_order":7,"comment_status":"closed","ping_status":"closed","template":"","meta":{"footnotes":""},"class_list":["post-2","page","type-page","status-publish","hentry"],"_links":{"self":[{"href":"https:\/\/assembllees-galezes.bzh\/index.php\/wp-json\/wp\/v2\/pages\/2","targetHints":{"allow":["GET"]}}],"collection":[{"href":"https:\/\/assembllees-galezes.bzh\/index.php\/wp-json\/wp\/v2\/pages"}],"about":[{"href":"https:\/\/assembllees-galezes.bzh\/index.php\/wp-json\/wp\/v2\/types\/page"}],"author":[{"embeddable":true,"href":"https:\/\/assembllees-galezes.bzh\/index.php\/wp-json\/wp\/v2\/users\/1"}],"replies":[{"embeddable":true,"href":"https:\/\/assembllees-galezes.bzh\/index.php\/wp-json\/wp\/v2\/comments?post=2"}],"version-history":[{"count":17,"href":"https:\/\/assembllees-galezes.bzh\/index.php\/wp-json\/wp\/v2\/pages\/2\/revisions"}],"predecessor-version":[{"id":1487,"href":"https:\/\/assembllees-galezes.bzh\/index.php\/wp-json\/wp\/v2\/pages\/2\/revisions\/1487"}],"wp:attachment":[{"href":"https:\/\/assembllees-galezes.bzh\/index.php\/wp-json\/wp\/v2\/media?parent=2"}],"curies":[{"name":"wp","href":"https:\/\/api.w.org\/{rel}","templated":true}]}}