{"id":208,"date":"2025-01-31T12:26:11","date_gmt":"2025-01-31T11:26:11","guid":{"rendered":"https:\/\/benvoulants.assembllees-galezes.bzh\/?page_id=208"},"modified":"2026-02-11T23:24:11","modified_gmt":"2026-02-11T22:24:11","slug":"infos-pratiques","status":"publish","type":"page","link":"https:\/\/assembllees-galezes.bzh\/index.php\/le-festival\/infos-pratiques\/","title":{"rendered":"Infos pratiques"},"content":{"rendered":"\n<p>Ici, c&rsquo;est la page pour les infos pratiques du festival en dehors des stages. Si vous cherchez des infos pratiques sur les <strong>stages <\/strong>(emploi du temps de la semaine, tarifs, etc.), c&rsquo;est <a href=\"https:\/\/assembllees-galezes.bzh\/index.php\/le-festival\/informations-pratiques-des-stages\/\" data-type=\"page\" data-id=\"759\"><strong>par l\u00e0<\/strong><\/a>.<\/p>\n\n\n\n<h2 class=\"wp-block-heading\">Localisation<\/h2>\n\n\n\n<div class=\"wp-block-columns is-layout-flex wp-container-core-columns-is-layout-9d6595d7 wp-block-columns-is-layout-flex\">\n<div class=\"wp-block-column is-layout-flow wp-block-column-is-layout-flow\" style=\"flex-basis:100%\">\n<div class=\"wp-block-columns is-layout-flex wp-container-core-columns-is-layout-9d6595d7 wp-block-columns-is-layout-flex\">\n<div class=\"wp-block-column is-layout-flow wp-block-column-is-layout-flow\">\n<p>Le festival se d\u00e9roule \u00e0 Concoret (56430). L&rsquo;essentiel des animations se d\u00e9rouleront dans le bourg au niveau de l&rsquo;Espace \u00c9on de l&rsquo;\u00c9toile. Un plan d&rsquo;acc\u00e8s des diff\u00e9rentes animations sera disponible sur cette page avant le festival.<\/p>\n<\/div>\n<\/div>\n<\/div>\n<\/div>\n\n\n\n<h2 class=\"wp-block-heading\">Tarifs<\/h2>\n\n\n\n<p>L&rsquo;ensemble des animations et spectacles en journ\u00e9e sont gratuites et l&rsquo;ensemble des soir\u00e9es sont \u00e0 prix libre. C&rsquo;est quoi un prix libre ? Le principe, c&rsquo;est que chacun est libre de fixer un prix en fonction de deux crit\u00e8res :<\/p>\n\n\n\n<ul class=\"wp-block-list\">\n<li>ce qu&rsquo;on peut payer<\/li>\n\n\n\n<li>ce qu&rsquo;on pense juste de payer<\/li>\n<\/ul>\n\n\n\n<p>Dans une soci\u00e9t\u00e9 in\u00e9galitaire, un prix juste n&rsquo;est pas forc\u00e9ment un m\u00eame prix pour tous ni un prix index\u00e9 sur les fluctuations de la bourse.<\/p>\n\n\n\n<p>Les stagiaires ou autres festivaliers qui souhaitent assister \u00e0 tout ou partie des spectacles, mais ne veulent pas s&rsquo;encombrer de monnaie tous les soirs pourront faire une contribution unique pour toute la semaine au moment de l&rsquo;accueil&nbsp;; un bracelet justificatif leur sera remis en \u00e9change.<\/p>\n\n\n\n<h2 class=\"wp-block-heading\">Restauration &#8211; buvette<\/h2>\n\n\n\n<p>Une petite restauration sur place pour les festivaliers est pr\u00e9vue le samedi soir (food trucks). Une \u00e9picerie se trouve \u00e9galement dans le village. Une buvette est pr\u00e9vue tous les soirs sur les lieux des animations.<\/p>\n\n\n\n<h2 class=\"wp-block-heading\">H\u00e9bergement<\/h2>\n\n\n\n<h6 class=\"wp-block-heading\" id=\"campings\">Campings :<a href=\"https:\/\/assembllees-galezes.bzh\/festival\/vie_pratique#campings\"><\/a><\/h6>\n\n\n\n<p>Le camping de Concoret (\u00e0 moins de 100m du lieu du Festival) est maintenant en gestion priv\u00e9e&nbsp;; il y a gagn\u00e9 l&rsquo;offre d&rsquo;h\u00e9bergements en dur (mobile-homes, caravanes, cabanes). Comme les ann\u00e9es pass\u00e9es nous avons r\u00e9serv\u00e9 des emplacements pour l&rsquo;h\u00e9bergement des jeunes accueillis en CVL, des enseignants et des b\u00e9n\u00e9voles, mais il peut aussi accueillir des stagiaires (voir le <a href=\"https:\/\/camping-fees.fr\" target=\"_blank\" rel=\"noreferrer noopener\">Camping du Val aux F\u00e9es<\/a>)&nbsp;; il y a au moins trois autres camping dans un rayon de 15km \u00e0 Saint-L\u00e9ry, Paimpont et Saint-Malon sur Mel.<br>Le festival se tiendra en pleine saison touristique, <strong><em>ne tardez pas \u00e0 faire vos r\u00e9servations<\/em><\/strong>, surtout pour les h\u00e9bergements en dur.<\/p>\n\n\n\n<h6 class=\"wp-block-heading\" id=\"h\u00f4tels-chambres-dh\u00f4tes-et-g\u00eetes\">H\u00f4tels, chambres d&rsquo;h\u00f4tes et g\u00eetes :<a href=\"https:\/\/assembllees-galezes.bzh\/festival\/vie_pratique#h\u00f4tels-chambres-dh\u00f4tes-et-g\u00eetes\"><\/a><\/h6>\n\n\n\n<p>La r\u00e9gion de la For\u00eat de Broc\u00e9liande est tr\u00e8s touristique et offre de nombreuses possibilit\u00e9s d&rsquo;h\u00e9bergement \u00e0 Concoret et dans les communes environnantes. Il est par exemple possible de consulter le site <strong><a href=\"https:\/\/www.broceliande-vacances.com\/preparer-vacances\/ou-dormir\/\" target=\"_blank\" rel=\"noreferrer noopener\">https:\/\/www.broceliande-vacances.com\/preparer-vacances\/ou-dormir\/<\/a><\/strong> .<\/p>\n","protected":false},"excerpt":{"rendered":"<p>Ici, c&rsquo;est la page pour les infos pratiques du festival en dehors des stages. Si vous cherchez des infos pratiques sur les stages (emploi du temps de la semaine, tarifs, etc.), c&rsquo;est par l\u00e0. Localisation Le festival se d\u00e9roule \u00e0 Concoret (56430). L&rsquo;essentiel des animations se d\u00e9rouleront dans le bourg &hellip;<\/p>\n","protected":false},"author":2,"featured_media":0,"parent":67,"menu_order":4,"comment_status":"closed","ping_status":"closed","template":"","meta":{"footnotes":""},"class_list":["post-208","page","type-page","status-publish","hentry"],"_links":{"self":[{"href":"https:\/\/assembllees-galezes.bzh\/index.php\/wp-json\/wp\/v2\/pages\/208","targetHints":{"allow":["GET"]}}],"collection":[{"href":"https:\/\/assembllees-galezes.bzh\/index.php\/wp-json\/wp\/v2\/pages"}],"about":[{"href":"https:\/\/assembllees-galezes.bzh\/index.php\/wp-json\/wp\/v2\/types\/page"}],"author":[{"embeddable":true,"href":"https:\/\/assembllees-galezes.bzh\/index.php\/wp-json\/wp\/v2\/users\/2"}],"replies":[{"embeddable":true,"href":"https:\/\/assembllees-galezes.bzh\/index.php\/wp-json\/wp\/v2\/comments?post=208"}],"version-history":[{"count":15,"href":"https:\/\/assembllees-galezes.bzh\/index.php\/wp-json\/wp\/v2\/pages\/208\/revisions"}],"predecessor-version":[{"id":1553,"href":"https:\/\/assembllees-galezes.bzh\/index.php\/wp-json\/wp\/v2\/pages\/208\/revisions\/1553"}],"up":[{"embeddable":true,"href":"https:\/\/assembllees-galezes.bzh\/index.php\/wp-json\/wp\/v2\/pages\/67"}],"wp:attachment":[{"href":"https:\/\/assembllees-galezes.bzh\/index.php\/wp-json\/wp\/v2\/media?parent=208"}],"curies":[{"name":"wp","href":"https:\/\/api.w.org\/{rel}","templated":true}]}}