{"id":227,"date":"2025-01-31T13:11:25","date_gmt":"2025-01-31T12:11:25","guid":{"rendered":"https:\/\/benvoulants.assembllees-galezes.bzh\/index.php\/deuxieme-essai\/stages\/chant\/"},"modified":"2026-03-25T22:42:05","modified_gmt":"2026-03-25T21:42:05","slug":"chant","status":"publish","type":"page","link":"https:\/\/assembllees-galezes.bzh\/index.php\/le-festival\/stages\/chant\/","title":{"rendered":"Chant"},"content":{"rendered":"\n<h1 class=\"wp-block-heading\" id=\"chant-traditionnel-de-haute-bretagnechant-galo-de-tradition\"><small>Chant galo de tradition<\/small><a href=\"https:\/\/assembllees-galezes.bzh\/festival\/stages\/chant#chant-traditionnel-de-haute-bretagnechant-galo-de-tradition\"><\/a><\/h1>\n\n\n\n<p><br><em><strong>Niveau<\/strong>&nbsp;: tous niveaux \u2013 Tout \u00e2ge (\u00e0 partir de 12 ans). Les d\u00e9butant\u00b7es sont les bienvenus<\/em><\/p>\n\n\n\n<p><strong>Au 22 f\u00e9vrier 2026, le stage de chant est d&rsquo;ores et d\u00e9j\u00e0 complet ! Il reste possible de s&rsquo;inscrire sur liste d&rsquo;attente.<\/strong><\/p>\n\n\n\n<h3 class=\"wp-block-heading\" id=\"programme\"><strong>Programme<a href=\"https:\/\/assembllees-galezes.bzh\/festival\/stages\/chant#programme\"><\/a><\/strong><\/h3>\n\n\n\n<p>Nous commencerons par tenter de d\u00e9finir ce qu\u2019est le chant de tradition orale. Puis le stage se divisera en deux temps et comportera&nbsp;:<\/p>\n\n\n\n<ul class=\"wp-block-list\">\n<li>une partie consacr\u00e9e au chant \u00e0 danser (Presqu\u2019\u00eele gu\u00e9randaise et Vannetais gallo). Apprentissage du pas et travail du meneur dans la danse.<\/li>\n\n\n\n<li>une partie consacr\u00e9e au travail d\u2019interpr\u00e9tation d\u2019une complainte (Qu\u2019est-ce qu\u2019une complainte&nbsp;? Les mots de la complainte. Qu\u2019est-ce qu\u2019interpr\u00e9ter une complainte&nbsp;? )<\/li>\n<\/ul>\n\n\n\n<p>.Le travail se fera d\u2019oreille, sans partition. Il est tr\u00e8s recommand\u00e9 de se munir de mat\u00e9riel pour enregistrer<\/p>\n\n\n\n<p><\/p>\n\n\n\n<h3 class=\"wp-block-heading\"><strong>Enseignant : Roland Brou<\/strong><\/h3>\n\n\n\n<figure class=\"wp-block-image size-large is-resized\"><img loading=\"lazy\" decoding=\"async\" width=\"1024\" height=\"642\" src=\"https:\/\/benvoulants.assembllees-galezes.bzh\/wp-content\/uploads\/2025\/03\/Roland-Brou-Photo-Locoal-1024x642.jpg\" alt=\"\" class=\"wp-image-576\" style=\"width:520px;height:auto\" srcset=\"https:\/\/assembllees-galezes.bzh\/wp-content\/uploads\/2025\/03\/Roland-Brou-Photo-Locoal-1024x642.jpg 1024w, https:\/\/assembllees-galezes.bzh\/wp-content\/uploads\/2025\/03\/Roland-Brou-Photo-Locoal-300x188.jpg 300w, https:\/\/assembllees-galezes.bzh\/wp-content\/uploads\/2025\/03\/Roland-Brou-Photo-Locoal-768x481.jpg 768w, https:\/\/assembllees-galezes.bzh\/wp-content\/uploads\/2025\/03\/Roland-Brou-Photo-Locoal-1536x962.jpg 1536w, https:\/\/assembllees-galezes.bzh\/wp-content\/uploads\/2025\/03\/Roland-Brou-Photo-Locoal-2048x1283.jpg 2048w, https:\/\/assembllees-galezes.bzh\/wp-content\/uploads\/2025\/03\/Roland-Brou-Photo-Locoal-319x200.jpg 319w\" sizes=\"auto, (max-width: 1024px) 100vw, 1024px\" \/><\/figure>\n\n\n\n<p><\/p>\n\n\n\n<p>N\u00e9 en 1958 \u00e0 Nantes, il commence \u00e0 chanter sur les sc\u00e8nes de fest-noz d\u00e8s dix-sept ans mais c\u2019est sa rencontre avec le groupe l\u2019\u00c9cho des luths en 1985 qui sera d\u00e9terminante pour lui. Depuis cette date, il s\u2019attache avec diff\u00e9rents groupes \u00e0 pr\u00e9senter sur sc\u00e8ne ou sur disque la richesse des traditions chant\u00e9es de Haute-Bretagne. En 1995, c\u2019est le d\u00e9but de l\u2019aventure des 4 Jean, avec cinq musiciens nantais o\u00f9 le chant traditionnel vient se frotter \u00e0 des sons tr\u00e8s rock. En 1998, il forme le trio de chant traditionnel BHQ avec Charles Quimbert et Mathieu Hamon. Puis il rejoint d\u2019autres formations telles que Roquio (chansons autour de la Loire), Fili Fala (groupe breton\/gallo\/malgache) Silly Brothers (Ballads anglophones) et forme un duo avec le guitariste Patrick Couton. Il a enregistr\u00e9 en solo (Trois gar\u00e7ons du Lion d\u2019Or, 1996), avec les formations cit\u00e9es ci-dessus, et a particip\u00e9 \u00e0 de nombreux disques collectifs. Il a jou\u00e9 avec ces diff\u00e9rents groupes sur la plupart des sc\u00e8nes de musique traditionnelle en France mais aussi en Grande-Bretagne, Belgique, Allemagne, Suisse, R\u00e9publique tch\u00e8que, Pologne, Qu\u00e9bec, Etats-Unis, Cor\u00e9e du sud. <\/p>\n\n\n\n<p>En 2017, c\u2019est la cr\u00e9ation du quartet brito-qu\u00e9b\u00e9cois \u00ab La belle \u00e9quipe \u00bb et en 2018 la naissance du duo \u00ab Faits et geste \u00bb avec Marc Anthony, \u00e0 la vielle. En 2024 c\u2019est la naissance du quartet Les R\u00e9fractaires avec Marc Anthony, Jeanne Lemoine et Cl\u00e9mence Leno\u00ebl. L\u2019\u00e9t\u00e9 2025 verra la sortie du premier CD de La belle \u00e9quipe.<br><\/p>\n\n\n\n<h4 class=\"wp-block-heading\">Discographie<\/h4>\n\n\n\n<p>L\u2019Echo<br>Musique de Haute-Bretagne \u2013 1988 \/ Entre terre et mer \u2013 1991<\/p>\n\n\n\n<p>Roland Brou<br>Trois gar\u00e7ons du lion d\u2019or \u2013 1996<\/p>\n\n\n\n<p>Les 4 Jean<br>Entends-tu ma blonde \u2013 1996 \/ Les tisserands \u2013 1998 \/ Que des mensonges \u2013 2001 \/ A Nantes la grande ville \u2013 2004<\/p>\n\n\n\n<p>Brou\/Hamon\/Quimbert<br>Trois p&rsquo;tits oiseaux \u2013 1999 \/ Gar\u00e7ons sans soucis \u2013 2002 \/ La Nuit comme le Jour \u2013 2009 A l&rsquo;arriv\u00e9e de mon retour- 2016<\/p>\n\n\n\n<p>Roquio<br>Quai du roi Baco \u2013 2003<\/p>\n\n\n\n<p>Fili Fala<br>Zao\u2019 \u2013 2003 \/ Vorona \u2013 2007<\/p>\n\n\n\n<p>Brou Couton<br>Chansons et complaintes \u2013 2005 \/ Chansons nantaises \u2013 2017 \/ La belle \u00e0 la tour &#8211; 2023<\/p>\n\n\n\n<p>Silly Brothers<br>Silly brothers 2015<\/p>\n\n\n\n<p>Brou Quimbert<br>Rondes chant\u00e9es de Haute-Bretagne &#8211; 2024<\/p>\n\n\n\n<p>Outre sa participation \u00e0 de nombreux disques collectifs de Dastum et du Chasse-mar\u00e9e, Roland Brou a enregistr\u00e9 neuf titres retenus dans L&rsquo;anthologie de la musique traditionnelle parue chez EPM en 1993<\/p>\n\n\n\n<h2 class=\"wp-block-heading\"><\/h2>\n","protected":false},"excerpt":{"rendered":"<p>Chant galo de tradition Niveau&nbsp;: tous niveaux \u2013 Tout \u00e2ge (\u00e0 partir de 12 ans). Les d\u00e9butant\u00b7es sont les bienvenus Au 22 f\u00e9vrier 2026, le stage de chant est d&rsquo;ores et d\u00e9j\u00e0 complet ! Il reste possible de s&rsquo;inscrire sur liste d&rsquo;attente. Programme Nous commencerons par tenter de d\u00e9finir ce &hellip;<\/p>\n","protected":false},"author":2,"featured_media":0,"parent":114,"menu_order":3,"comment_status":"closed","ping_status":"closed","template":"","meta":{"footnotes":""},"class_list":["post-227","page","type-page","status-publish","hentry"],"_links":{"self":[{"href":"https:\/\/assembllees-galezes.bzh\/index.php\/wp-json\/wp\/v2\/pages\/227","targetHints":{"allow":["GET"]}}],"collection":[{"href":"https:\/\/assembllees-galezes.bzh\/index.php\/wp-json\/wp\/v2\/pages"}],"about":[{"href":"https:\/\/assembllees-galezes.bzh\/index.php\/wp-json\/wp\/v2\/types\/page"}],"author":[{"embeddable":true,"href":"https:\/\/assembllees-galezes.bzh\/index.php\/wp-json\/wp\/v2\/users\/2"}],"replies":[{"embeddable":true,"href":"https:\/\/assembllees-galezes.bzh\/index.php\/wp-json\/wp\/v2\/comments?post=227"}],"version-history":[{"count":15,"href":"https:\/\/assembllees-galezes.bzh\/index.php\/wp-json\/wp\/v2\/pages\/227\/revisions"}],"predecessor-version":[{"id":1636,"href":"https:\/\/assembllees-galezes.bzh\/index.php\/wp-json\/wp\/v2\/pages\/227\/revisions\/1636"}],"up":[{"embeddable":true,"href":"https:\/\/assembllees-galezes.bzh\/index.php\/wp-json\/wp\/v2\/pages\/114"}],"wp:attachment":[{"href":"https:\/\/assembllees-galezes.bzh\/index.php\/wp-json\/wp\/v2\/media?parent=227"}],"curies":[{"name":"wp","href":"https:\/\/api.w.org\/{rel}","templated":true}]}}