{"id":238,"date":"2025-01-31T14:42:49","date_gmt":"2025-01-31T13:42:49","guid":{"rendered":"https:\/\/benvoulants.assembllees-galezes.bzh\/?page_id=238"},"modified":"2026-02-08T20:36:12","modified_gmt":"2026-02-08T19:36:12","slug":"cordes-grattees","status":"publish","type":"page","link":"https:\/\/assembllees-galezes.bzh\/index.php\/le-festival\/stages\/cordes-grattees\/","title":{"rendered":"Cordes gratt\u00e9es"},"content":{"rendered":"\n<blockquote class=\"wp-block-quote is-layout-flow wp-block-quote-is-layout-flow\">\n<h2 class=\"wp-block-heading\" id=\"cordes-gratt\u00e9es-ghitare\"><small>Ghitare<\/small><\/h2>\n\n\n\n<p><\/p>\n<\/blockquote>\n\n\n\n<p><br>Pour <strong>Guitares<\/strong> <em>(DADGAD ou accordage standard)<\/em>, <strong>Banjo<\/strong> <em>(4 cordes style irlandais, pas de bandjo 5 cordes)<\/em> , <strong>Mandoline<\/strong>, <strong>Mandole<\/strong> et <strong>Bouzouki<\/strong><br><em><strong>Niveau<\/strong>&nbsp;: Atelier collectif et individualis\u00e9, 2 ans de pratique, .<\/em><\/p>\n\n\n\n<h2 class=\"wp-block-heading\" id=\"programme\">Programme<a href=\"https:\/\/assembllees-galezes.bzh\/festival\/stages\/cordes_grattees#programme\"><\/a><\/h2>\n\n\n\n<p>R\u00e9pertoire de Haute-Bretagne (mais aussi d\u2019ailleurs).<br>Apprentissage oral et travail sur partitions et tablatures, il n&rsquo;est pas n\u00e9cessaire de conna\u00eetre le solf\u00e8ge ni d&rsquo;avoir pratiqu\u00e9 d\u00e9j\u00e0 l&rsquo;open tuning.<\/p>\n\n\n\n<ol class=\"wp-block-list\">\n<li>TECHNIQUES DE LA GUITARE\n<ul class=\"wp-block-list\">\n<li>travail de la main droite (m\u00e9diator, finger picking, rythmiques\u2026)<\/li>\n\n\n\n<li>travail de la main gauche (accords, liaisons, gammes\u2026)<\/li>\n\n\n\n<li>exercices de coordination main droite \/ main gauche<\/li>\n<\/ul>\n<\/li>\n\n\n\n<li>TRAVAIL SUR DIFFERENTS MORCEAUX DANS DIFFERENTES TONALITES\n<ul class=\"wp-block-list\">\n<li>Apprentissage du morceau<\/li>\n\n\n\n<li>Analyse du morceau (tonalit\u00e9, rythme, ornementations\u2026)<\/li>\n\n\n\n<li>Comment trouver un accompagnement (grille &amp; rythmique, autres techniques)<\/li>\n<\/ul>\n<\/li>\n\n\n\n<li>DIVERS\n<ul class=\"wp-block-list\">\n<li>Les principales positions d\u2019accords<\/li>\n\n\n\n<li>Les principales tonalit\u00e9s utilis\u00e9es<\/li>\n\n\n\n<li>Morceaux en finger-picking<\/li>\n\n\n\n<li>Divers morceaux avec accompagnement et\/ou sans accompagnement<\/li>\n<\/ul>\n<\/li>\n<\/ol>\n\n\n\n<h2 class=\"wp-block-heading\"><strong>Mat\u00e9riel indispensable<\/strong><\/h2>\n\n\n\n<p>Un instrument jouable, cordes de rechange, m\u00e9diators, capodastre, papier et crayons, de quoi enregistrer, une cl\u00e9 USB<\/p>\n\n\n\n<h3 class=\"wp-block-heading\"><strong>Enseignant : Yann-Guirec Le Bars<\/strong><\/h3>\n\n\n\n<figure class=\"wp-block-image size-large is-resized\"><img loading=\"lazy\" decoding=\"async\" width=\"1024\" height=\"1024\" src=\"https:\/\/benvoulants.assembllees-galezes.bzh\/wp-content\/uploads\/2025\/03\/le_bars_yg3-1024x1024.jpg\" alt=\"\" class=\"wp-image-591\" style=\"width:374px;height:auto\" srcset=\"https:\/\/assembllees-galezes.bzh\/wp-content\/uploads\/2025\/03\/le_bars_yg3-1024x1024.jpg 1024w, https:\/\/assembllees-galezes.bzh\/wp-content\/uploads\/2025\/03\/le_bars_yg3-300x300.jpg 300w, https:\/\/assembllees-galezes.bzh\/wp-content\/uploads\/2025\/03\/le_bars_yg3-150x150.jpg 150w, https:\/\/assembllees-galezes.bzh\/wp-content\/uploads\/2025\/03\/le_bars_yg3-768x768.jpg 768w, https:\/\/assembllees-galezes.bzh\/wp-content\/uploads\/2025\/03\/le_bars_yg3-1536x1536.jpg 1536w, https:\/\/assembllees-galezes.bzh\/wp-content\/uploads\/2025\/03\/le_bars_yg3-200x200.jpg 200w, https:\/\/assembllees-galezes.bzh\/wp-content\/uploads\/2025\/03\/le_bars_yg3.jpg 1920w\" sizes=\"auto, (max-width: 1024px) 100vw, 1024px\" \/><\/figure>\n\n\n\n<p><\/p>\n\n\n\n<p>Guitariste, il l\u2019est sur les sc\u00e8nes de Bretagne et d\u2019ailleurs depuis 30 ans, notamment en fest-noz avec <strong>Hastan<\/strong>, <strong>Yao<\/strong>, <strong>E-Leizh<\/strong>.<\/p>\n\n\n\n<p>Passionn\u00e9 de musique irlandaise, il joue dans <strong><em>\u00ab&nbsp;Maybugs&nbsp;\u00bb<\/em><\/strong>, accompagne souvent les sessions dans les pubs tr\u00e9gorrois et dirige mensuellement une <em>\u00ab&nbsp;slow session&nbsp;\u00bb<\/em> au banjo, \u00e0 la mandole ou \u00e0 la mandoline.<\/p>\n\n\n\n<p>Versatile, il chante aussi dans un duo jazz New Orleans avec <strong>Franck Fagon<\/strong>, accompagne <strong>Erwan H\u00e9meury<\/strong> dans le spectacle pour enfants <strong><em>\u00ab&nbsp;D\u00e9d\u00e9 Koat&nbsp;\u00bb<\/em><\/strong> et joue dans un tribute \u00e0 Neil Young.<\/p>\n\n\n\n<p>Il a enseign\u00e9 aussi les musiques actuelles et les musiques traditionnelles au conservatoire de Lannion ainsi qu\u2019\u00e0 Guingamp et \u00e0 SKV \u00e0 St Brieuc.<\/p>\n\n\n\n<h2 class=\"wp-block-heading\"><\/h2>\n\n\n\n<div class=\"wp-block-columns is-layout-flex wp-container-core-columns-is-layout-9d6595d7 wp-block-columns-is-layout-flex\">\n<div class=\"wp-block-column is-layout-flow wp-block-column-is-layout-flow\">\n<figure class=\"wp-block-image size-large\"><a href=\"https:\/\/assembllees-galezes.bzh\/index.php\/inscription-moyen-de-paiement\/\"><img loading=\"lazy\" decoding=\"async\" width=\"1024\" height=\"149\" src=\"https:\/\/assembllees-galezes.bzh\/wp-content\/uploads\/2026\/01\/3-3-1024x149.png\" alt=\"\" class=\"wp-image-1180\" srcset=\"https:\/\/assembllees-galezes.bzh\/wp-content\/uploads\/2026\/01\/3-3-1024x149.png 1024w, https:\/\/assembllees-galezes.bzh\/wp-content\/uploads\/2026\/01\/3-3-300x44.png 300w, https:\/\/assembllees-galezes.bzh\/wp-content\/uploads\/2026\/01\/3-3-768x112.png 768w, https:\/\/assembllees-galezes.bzh\/wp-content\/uploads\/2026\/01\/3-3-1536x223.png 1536w, https:\/\/assembllees-galezes.bzh\/wp-content\/uploads\/2026\/01\/3-3-2048x298.png 2048w, https:\/\/assembllees-galezes.bzh\/wp-content\/uploads\/2026\/01\/3-3-941x137.png 941w\" sizes=\"auto, (max-width: 1024px) 100vw, 1024px\" \/><\/a><\/figure>\n<\/div>\n\n\n\n<div class=\"wp-block-column is-layout-flow wp-block-column-is-layout-flow\">\n<figure class=\"wp-block-image size-large\"><a href=\"https:\/\/assembllees-galezes.bzh\/index.php\/informations-pratiques-des-stages\/\"><img loading=\"lazy\" decoding=\"async\" width=\"1024\" height=\"149\" src=\"https:\/\/assembllees-galezes.bzh\/wp-content\/uploads\/2026\/01\/4-3-1024x149.png\" alt=\"\" class=\"wp-image-1181\" srcset=\"https:\/\/assembllees-galezes.bzh\/wp-content\/uploads\/2026\/01\/4-3-1024x149.png 1024w, https:\/\/assembllees-galezes.bzh\/wp-content\/uploads\/2026\/01\/4-3-300x44.png 300w, https:\/\/assembllees-galezes.bzh\/wp-content\/uploads\/2026\/01\/4-3-768x112.png 768w, https:\/\/assembllees-galezes.bzh\/wp-content\/uploads\/2026\/01\/4-3-1536x223.png 1536w, https:\/\/assembllees-galezes.bzh\/wp-content\/uploads\/2026\/01\/4-3-2048x298.png 2048w, https:\/\/assembllees-galezes.bzh\/wp-content\/uploads\/2026\/01\/4-3-941x137.png 941w\" sizes=\"auto, (max-width: 1024px) 100vw, 1024px\" \/><\/a><\/figure>\n<\/div>\n<\/div>\n","protected":false},"excerpt":{"rendered":"<p>Ghitare Pour Guitares (DADGAD ou accordage standard), Banjo (4 cordes style irlandais, pas de bandjo 5 cordes) , Mandoline, Mandole et BouzoukiNiveau&nbsp;: Atelier collectif et individualis\u00e9, 2 ans de pratique, . Programme R\u00e9pertoire de Haute-Bretagne (mais aussi d\u2019ailleurs).Apprentissage oral et travail sur partitions et tablatures, il n&rsquo;est pas n\u00e9cessaire de &hellip;<\/p>\n","protected":false},"author":2,"featured_media":0,"parent":114,"menu_order":5,"comment_status":"closed","ping_status":"closed","template":"","meta":{"footnotes":""},"class_list":["post-238","page","type-page","status-publish","hentry"],"_links":{"self":[{"href":"https:\/\/assembllees-galezes.bzh\/index.php\/wp-json\/wp\/v2\/pages\/238","targetHints":{"allow":["GET"]}}],"collection":[{"href":"https:\/\/assembllees-galezes.bzh\/index.php\/wp-json\/wp\/v2\/pages"}],"about":[{"href":"https:\/\/assembllees-galezes.bzh\/index.php\/wp-json\/wp\/v2\/types\/page"}],"author":[{"embeddable":true,"href":"https:\/\/assembllees-galezes.bzh\/index.php\/wp-json\/wp\/v2\/users\/2"}],"replies":[{"embeddable":true,"href":"https:\/\/assembllees-galezes.bzh\/index.php\/wp-json\/wp\/v2\/comments?post=238"}],"version-history":[{"count":8,"href":"https:\/\/assembllees-galezes.bzh\/index.php\/wp-json\/wp\/v2\/pages\/238\/revisions"}],"predecessor-version":[{"id":1437,"href":"https:\/\/assembllees-galezes.bzh\/index.php\/wp-json\/wp\/v2\/pages\/238\/revisions\/1437"}],"up":[{"embeddable":true,"href":"https:\/\/assembllees-galezes.bzh\/index.php\/wp-json\/wp\/v2\/pages\/114"}],"wp:attachment":[{"href":"https:\/\/assembllees-galezes.bzh\/index.php\/wp-json\/wp\/v2\/media?parent=238"}],"curies":[{"name":"wp","href":"https:\/\/api.w.org\/{rel}","templated":true}]}}