{"id":260,"date":"2025-01-31T15:25:03","date_gmt":"2025-01-31T14:25:39","guid":{"rendered":"https:\/\/benvoulants.assembllees-galezes.bzh\/?page_id=260"},"modified":"2026-02-16T10:49:50","modified_gmt":"2026-02-16T09:49:50","slug":"gallo","status":"publish","type":"page","link":"https:\/\/assembllees-galezes.bzh\/index.php\/le-festival\/stages\/gallo\/","title":{"rendered":"Gallo"},"content":{"rendered":"\n<p><em><strong>Niveau<\/strong>&nbsp;: tous niveaux .<\/em><\/p>\n\n\n\n<p><img decoding=\"async\" style=\"\" src=\"https:\/\/assembllees-galezes.bzh\/_media\/photos\/site\/logos\/collect\/logo_region_gallo.png?w=80&amp;tok=54990a\" alt=\"\"> Gr\u00e2ce \u00e0 une aide sp\u00e9ciale du <strong>Conseil R\u00e9gional de Bretagne<\/strong> le tarif de ce stage est r\u00e9duit \u00e0 <strong><em>175 \u20ac<\/em><\/strong> <em>pour 6 journ\u00e9es<\/em> (dont 15\u20ac d&rsquo;adh\u00e9sion).<\/p>\n\n\n\n<blockquote class=\"wp-block-quote is-layout-flow wp-block-quote-is-layout-flow\">\n<p><\/p>\n\n\n\n<p>L&rsquo;estaije-l\u00e0 \u00e9t f\u00e9t pour vous amouerdr o le galo e t\u00e2cher de vous doner de l&rsquo;ezibt\u00eb \u00e0 le caozer den la vie du tous-les-jous. Y&rsquo;a pouint chou\u00e8s le liv\u00e8 de galo qe vous ez, saqhun treura de qhi s&rsquo;eblucer.<br>Du lundi ao merqerdi, les le\u00e7ons seront o Matlao Ghiton e du jeudi ao samadi o N\u00e2non Pelhate. Ce sera l&rsquo;cou d&rsquo;aprendr e e d&#8217;emboni le parlement e de mie\u00fbz comprendr coment q&rsquo;\u00e7a marche (deviz\u00e9es, je\u00fbs, ecrivaijes, chansons, apouint su la langue\u2026) e de decouvri la contr\u00e9e e la qhulture<\/p>\n<\/blockquote>\n\n\n\n<p><\/p>\n\n\n\n<p>Ce stage vise \u00e0 se familiariser avec la langue gall\u00e8se et d&rsquo;en obtenir les automatismes pour favoriser l&rsquo;expression dans votre vie quotidienne. Ouvert \u00e0 tous quel que soit votre niveau de langue, ce stage alternera apprentissage et renforcement de la langue le matin (dialogues, jeux, chansons, points linguistiques\u2026 ) avec une mise en pratique ludique et culturelle(balades,etc).<br>Du lundi au mercredi avec Matlao Ghiton et du jeudi au samedi avec N\u00e2non Pelhate.<\/p>\n\n\n\n<h3 class=\"wp-block-heading\"><strong>Enseignant : Matlao Ghiton<\/strong><\/h3>\n\n\n\n<figure class=\"wp-block-image size-large is-resized\"><img loading=\"lazy\" decoding=\"async\" width=\"1024\" height=\"1024\" src=\"https:\/\/benvoulants.assembllees-galezes.bzh\/wp-content\/uploads\/2025\/03\/guitton_m2-1024x1024.jpg\" alt=\"\" class=\"wp-image-603\" style=\"width:296px;height:auto\" srcset=\"https:\/\/assembllees-galezes.bzh\/wp-content\/uploads\/2025\/03\/guitton_m2-1024x1024.jpg 1024w, https:\/\/assembllees-galezes.bzh\/wp-content\/uploads\/2025\/03\/guitton_m2-300x300.jpg 300w, https:\/\/assembllees-galezes.bzh\/wp-content\/uploads\/2025\/03\/guitton_m2-150x150.jpg 150w, https:\/\/assembllees-galezes.bzh\/wp-content\/uploads\/2025\/03\/guitton_m2-768x768.jpg 768w, https:\/\/assembllees-galezes.bzh\/wp-content\/uploads\/2025\/03\/guitton_m2-1536x1536.jpg 1536w, https:\/\/assembllees-galezes.bzh\/wp-content\/uploads\/2025\/03\/guitton_m2-200x200.jpg 200w, https:\/\/assembllees-galezes.bzh\/wp-content\/uploads\/2025\/03\/guitton_m2.jpg 1600w\" sizes=\"auto, (max-width: 1024px) 100vw, 1024px\" \/><\/figure>\n\n\n\n<blockquote class=\"wp-block-quote is-layout-flow wp-block-quote-is-layout-flow\">\n<p>Matlao Ghiton, l\u2019patrimou\u00e8ne \u00ab&nbsp;dit&nbsp;\u00bb de Haote-Bert\u00e8gne, \u00e7a l\u2019m\u00ebne.<br>Il \u00e9 rass\u00e9rou, chantou, violonou, jouou d\u2019armonica.<\/p>\n\n\n\n<p>Come i tet deja port\u00eb&nbsp;su la qhulture du peyiz, i fini par croch\u00eb&nbsp;den l\u2019parlement d\u00eb&nbsp;Haote-Bert\u00e8gne. Entr 2008 e 2015, i m\u00ebne de l\u2019ouvraije su la rass\u00e8rrie du galo pour la souate <strong>Chubri<\/strong>. A la longue q\u00eb&nbsp;d\u2019enrejisr\u00eb&nbsp;du monde qi pr\u00e9chent galo d\u2019n\u00e9ssance ou ben core d\u00eb&nbsp;mn\u00eb&nbsp;d\u00e9z enqh\u00e9te su l\u2019caoz\u00eb, i dvient siensouz ass\u00eb&nbsp;su l\u2019parlement pour pouvaer l\u00eb&nbsp;rdon\u00eb&nbsp;\u00e0 son tour.<\/p>\n\n\n\n<p>Dep\u00e9e 2009, i forme du monde ao galo par d\u00e9z staije, d\u00e9z l\u00e7on du saer ou ben core d\u00e9z form\u00e9zon. En 2015, i rentere den l\u2019eqhipe de <strong>Pllum-FM<\/strong> eyou q\u2019il anime d\u00e9z emicion en galo pour le ptit post.<\/p>\n<\/blockquote>\n\n\n\n<p>Matlao Ghiton est passionn\u00e9 par le patrimoine oral de Haute-Bretagne en g\u00e9n\u00e9ral.<br>Collecteur, chanteur, violoneux, \u00ab&nbsp;jouou&nbsp;\u00bb d\u2019harmonica, il a plus d\u2019une corde \u00e0 son arc.<\/p>\n\n\n\n<p>Son int\u00e9r\u00eat pour cette culture l\u2019am\u00e8ne \u00e0 s\u2019int\u00e9resser de tr\u00e8s pr\u00e8s \u00e0 la langue romane de Haute-Bretagne. De 2008 \u00e0 2015&nbsp;; il m\u00e8ne pour l\u2019association Chubri un programme de collectage du gallo. De l\u2019enregistrement d\u2019entretiens \u00e0 de v\u00e9ritables enqu\u00eates linguistiques, sa rencontre des locuteurs natifs lui am\u00e8ne une solide connaissance de la langue.<\/p>\n\n\n\n<p>Ce bagage lui permet de devenir formateur \u00e0 son tour (cours du soir, stages, formation professionnelle). Depuis avril 2015, il anime \u00e9galement des \u00e9missions en gallo pour la radio <strong><em>Plum-FM<\/em><\/strong>.<\/p>\n\n\n\n<h2 class=\"wp-block-heading\">Enseignant\u00b7e : N\u00e2non Pelhate<\/h2>\n\n\n\n<div class=\"wp-block-media-text is-stacked-on-mobile\" style=\"grid-template-columns:21% auto\"><figure class=\"wp-block-media-text__media\"><img loading=\"lazy\" decoding=\"async\" width=\"731\" height=\"1024\" src=\"https:\/\/assembllees-galezes.bzh\/wp-content\/uploads\/2026\/02\/Nanon-731x1024.jpg\" alt=\"\" class=\"wp-image-1392 size-full\" srcset=\"https:\/\/assembllees-galezes.bzh\/wp-content\/uploads\/2026\/02\/Nanon-731x1024.jpg 731w, https:\/\/assembllees-galezes.bzh\/wp-content\/uploads\/2026\/02\/Nanon-214x300.jpg 214w, https:\/\/assembllees-galezes.bzh\/wp-content\/uploads\/2026\/02\/Nanon-768x1075.jpg 768w, https:\/\/assembllees-galezes.bzh\/wp-content\/uploads\/2026\/02\/Nanon-1097x1536.jpg 1097w, https:\/\/assembllees-galezes.bzh\/wp-content\/uploads\/2026\/02\/Nanon-143x200.jpg 143w, https:\/\/assembllees-galezes.bzh\/wp-content\/uploads\/2026\/02\/Nanon.jpg 1234w\" sizes=\"auto, (max-width: 731px) 100vw, 731px\" \/><\/figure><div class=\"wp-block-media-text__content\">\n<p>Anne-Marie a \u00e9t\u00e9 pendant 15 ans enseignante de gallo dans les \u00e9coles maternelles et primaires et formatrice pour adultes. Elle a d\u00e9velopp\u00e9 du mat\u00e9riel p\u00e9dagogique en gallo et dirig\u00e9 des s\u00e9jours de vacances bilingue aux Assembll\u00e9es Gal\u00e9zes. D\u00e9sormais, elle est en charge de la r\u00e9alisation de programmes en gallo sur la radio associative&nbsp;<a href=\"https:\/\/plumfm.net\/\">Plum\u2019FM<\/a>.<\/p>\n\n\n\n<p><\/p>\n<\/div><\/div>\n\n\n\n<h2 class=\"wp-block-heading\"><\/h2>\n\n\n\n<div class=\"wp-block-columns is-layout-flex wp-container-core-columns-is-layout-9d6595d7 wp-block-columns-is-layout-flex\">\n<div class=\"wp-block-column is-layout-flow wp-block-column-is-layout-flow\">\n<figure class=\"wp-block-image size-large\"><a href=\"https:\/\/assembllees-galezes.bzh\/index.php\/inscription-moyen-de-paiement\/\"><img loading=\"lazy\" decoding=\"async\" width=\"1024\" height=\"149\" src=\"https:\/\/assembllees-galezes.bzh\/wp-content\/uploads\/2026\/01\/3-3-1024x149.png\" alt=\"\" class=\"wp-image-1180\" srcset=\"https:\/\/assembllees-galezes.bzh\/wp-content\/uploads\/2026\/01\/3-3-1024x149.png 1024w, https:\/\/assembllees-galezes.bzh\/wp-content\/uploads\/2026\/01\/3-3-300x44.png 300w, https:\/\/assembllees-galezes.bzh\/wp-content\/uploads\/2026\/01\/3-3-768x112.png 768w, https:\/\/assembllees-galezes.bzh\/wp-content\/uploads\/2026\/01\/3-3-1536x223.png 1536w, https:\/\/assembllees-galezes.bzh\/wp-content\/uploads\/2026\/01\/3-3-2048x298.png 2048w, https:\/\/assembllees-galezes.bzh\/wp-content\/uploads\/2026\/01\/3-3-941x137.png 941w\" sizes=\"auto, (max-width: 1024px) 100vw, 1024px\" \/><\/a><\/figure>\n<\/div>\n\n\n\n<div class=\"wp-block-column is-layout-flow wp-block-column-is-layout-flow\">\n<figure class=\"wp-block-image size-large\"><a href=\"https:\/\/assembllees-galezes.bzh\/index.php\/informations-pratiques-des-stages\/\"><img loading=\"lazy\" decoding=\"async\" width=\"1024\" height=\"149\" src=\"https:\/\/assembllees-galezes.bzh\/wp-content\/uploads\/2026\/01\/4-3-1024x149.png\" alt=\"\" class=\"wp-image-1181\" srcset=\"https:\/\/assembllees-galezes.bzh\/wp-content\/uploads\/2026\/01\/4-3-1024x149.png 1024w, https:\/\/assembllees-galezes.bzh\/wp-content\/uploads\/2026\/01\/4-3-300x44.png 300w, https:\/\/assembllees-galezes.bzh\/wp-content\/uploads\/2026\/01\/4-3-768x112.png 768w, https:\/\/assembllees-galezes.bzh\/wp-content\/uploads\/2026\/01\/4-3-1536x223.png 1536w, https:\/\/assembllees-galezes.bzh\/wp-content\/uploads\/2026\/01\/4-3-2048x298.png 2048w, https:\/\/assembllees-galezes.bzh\/wp-content\/uploads\/2026\/01\/4-3-941x137.png 941w\" sizes=\"auto, (max-width: 1024px) 100vw, 1024px\" \/><\/a><\/figure>\n<\/div>\n<\/div>\n","protected":false},"excerpt":{"rendered":"<p>Niveau&nbsp;: tous niveaux . Gr\u00e2ce \u00e0 une aide sp\u00e9ciale du Conseil R\u00e9gional de Bretagne le tarif de ce stage est r\u00e9duit \u00e0 175 \u20ac pour 6 journ\u00e9es (dont 15\u20ac d&rsquo;adh\u00e9sion). L&rsquo;estaije-l\u00e0 \u00e9t f\u00e9t pour vous amouerdr o le galo e t\u00e2cher de vous doner de l&rsquo;ezibt\u00eb \u00e0 le caozer den &hellip;<\/p>\n","protected":false},"author":2,"featured_media":0,"parent":114,"menu_order":8,"comment_status":"closed","ping_status":"closed","template":"","meta":{"footnotes":""},"class_list":["post-260","page","type-page","status-publish","hentry"],"_links":{"self":[{"href":"https:\/\/assembllees-galezes.bzh\/index.php\/wp-json\/wp\/v2\/pages\/260","targetHints":{"allow":["GET"]}}],"collection":[{"href":"https:\/\/assembllees-galezes.bzh\/index.php\/wp-json\/wp\/v2\/pages"}],"about":[{"href":"https:\/\/assembllees-galezes.bzh\/index.php\/wp-json\/wp\/v2\/types\/page"}],"author":[{"embeddable":true,"href":"https:\/\/assembllees-galezes.bzh\/index.php\/wp-json\/wp\/v2\/users\/2"}],"replies":[{"embeddable":true,"href":"https:\/\/assembllees-galezes.bzh\/index.php\/wp-json\/wp\/v2\/comments?post=260"}],"version-history":[{"count":14,"href":"https:\/\/assembllees-galezes.bzh\/index.php\/wp-json\/wp\/v2\/pages\/260\/revisions"}],"predecessor-version":[{"id":1603,"href":"https:\/\/assembllees-galezes.bzh\/index.php\/wp-json\/wp\/v2\/pages\/260\/revisions\/1603"}],"up":[{"embeddable":true,"href":"https:\/\/assembllees-galezes.bzh\/index.php\/wp-json\/wp\/v2\/pages\/114"}],"wp:attachment":[{"href":"https:\/\/assembllees-galezes.bzh\/index.php\/wp-json\/wp\/v2\/media?parent=260"}],"curies":[{"name":"wp","href":"https:\/\/api.w.org\/{rel}","templated":true}]}}