{"id":300,"date":"2025-01-31T16:12:03","date_gmt":"2025-01-31T15:12:41","guid":{"rendered":"https:\/\/benvoulants.assembllees-galezes.bzh\/?page_id=300"},"modified":"2026-02-27T15:47:28","modified_gmt":"2026-02-27T14:47:28","slug":"poteriegallo","status":"publish","type":"page","link":"https:\/\/assembllees-galezes.bzh\/index.php\/le-festival\/stages\/poteriegallo\/","title":{"rendered":"Poterie&amp;gallo"},"content":{"rendered":"\n<h1 class=\"wp-block-heading has-text-align-center\">De la terre au jeu et au conte en gallo<\/h1>\n\n\n\n<h2 class=\"wp-block-heading has-text-align-center\"><strong>\u00ab&nbsp;Des poques a la goule ! \u00bb<\/strong><\/h2>\n\n\n\n<p><em>Pour les enfants <strong>de 6 \u00e0 12 ans<\/strong>.<\/em><\/p>\n\n\n\n<h3 class=\"wp-block-heading\" id=\"block-8f6a0ad6-b832-4ae7-b0ce-8423804f8c64\"><br>OBJECTIFS&nbsp;:<\/h3>\n\n\n\n<p>Vivre ensemble cet atelier avec une vari\u00e9t\u00e9 d&rsquo;activit\u00e9s cr\u00e9atives entre langue, art vivant et artisanat d&rsquo;art.&nbsp;<\/p>\n\n\n\n<p>L&rsquo;alternance terre et oralit\u00e9 respecte agr\u00e9ablement les rythmes des enfants.&nbsp;<\/p>\n\n\n\n<p>Une belle rencontre et un partage de savoir-faire avec 3 bretonnes professionnelles de l&rsquo;argile, du conte et du gallo.<\/p>\n\n\n\n<h3 class=\"wp-block-heading\">En 3 t\u00eates :&nbsp;<\/h3>\n\n\n\n<p>Morgane Lozahic \u00e0 la terre et au modelage<\/p>\n\n\n\n<p>Nanon Pelhate aux jeux et chants gallos<\/p>\n\n\n\n<p>Marie Chiff&rsquo;mine au conte et chants gallos<\/p>\n\n\n\n<h3 class=\"wp-block-heading\">Contenu&nbsp;<strong>:<\/strong><\/h3>\n\n\n\n<p>-Confections de livrets et de jeux en gallo&nbsp;<\/p>\n\n\n\n<p>-Marionnettes en argile<\/p>\n\n\n\n<p>-Sifflets en terre (ocarina)<\/p>\n\n\n\n<p>-Maquette d&rsquo;un conte de Haute Bretagne<\/p>\n\n\n\n<h3 class=\"wp-block-heading\">Programme d\u00e9taill\u00e9 :&nbsp;<\/h3>\n\n\n\n<h5 class=\"wp-block-heading\">Lundi 13 et mardi 14 juillet&nbsp;avec Nanon et Morgane<\/h5>\n\n\n\n<p>&#8211; Modelage (marionnettes, personnages, sifflets&#8230;)<\/p>\n\n\n\n<p>&#8211; Jeux et chants en gallo<\/p>\n\n\n\n<h5 class=\"wp-block-heading\">Mercredi 15, Jeudi 16, vendredi 17, samedi 18 juillet&nbsp;avec Morgane et Marie&nbsp;<\/h5>\n\n\n\n<p>-Modelage (marionnettes, personnages, sifflets&#8230;)<\/p>\n\n\n\n<p>-Contes<\/p>\n\n\n\n<p>-Chants gallos<\/p>\n\n\n\n<p>-Maquette d&rsquo;un conte de Haute Bretagne<\/p>\n\n\n\n<h4 class=\"wp-block-heading\">Vendredi 17 juillet 2025&nbsp; en soir\u00e9e<\/h4>\n\n\n\n<p>Une petite cuisson au bois dans le four nomade, la brave Ursula. Peut-\u00eatre verrons-nous autour du feu lors du d\u00e9fournement des marionnettes incandescentes, gorg\u00e9es de lumi\u00e8re comme une belle mani\u00e8re de finaliser la semaine et de partager les contes&nbsp;!<\/p>\n\n\n\n<p>Ouvrir le four ce soir va \u00eatre tr\u00e8s beau &#8230;avec des lucioles nocturnes&nbsp;!<\/p>\n\n\n\n<p id=\"block-8f6a0ad6-b832-4ae7-b0ce-8423804f8c64\">\u00ab&nbsp;Le monde vont \u00e9tr vrai ben\u00e9ze&nbsp;!&nbsp;\u00bb<\/p>\n\n\n\n<h2 class=\"wp-block-heading\"><\/h2>\n\n\n\n<h2 class=\"wp-block-heading\">Enseignantes : Morgane Lozahic, Nanon Pelhate et Marie Chiff&rsquo;mine<\/h2>\n\n\n\n<h3 class=\"wp-block-heading\">Morgane Lozahic<\/h3>\n\n\n\n<div class=\"wp-block-media-text is-stacked-on-mobile is-vertically-aligned-top\" style=\"grid-template-columns:38% auto\"><figure class=\"wp-block-media-text__media\"><img loading=\"lazy\" decoding=\"async\" width=\"683\" height=\"1024\" src=\"https:\/\/assembllees-galezes.bzh\/wp-content\/uploads\/2026\/02\/lozahic-683x1024.jpg\" alt=\"\" class=\"wp-image-1376 size-full\" srcset=\"https:\/\/assembllees-galezes.bzh\/wp-content\/uploads\/2026\/02\/lozahic-683x1024.jpg 683w, https:\/\/assembllees-galezes.bzh\/wp-content\/uploads\/2026\/02\/lozahic-200x300.jpg 200w, https:\/\/assembllees-galezes.bzh\/wp-content\/uploads\/2026\/02\/lozahic-768x1152.jpg 768w, https:\/\/assembllees-galezes.bzh\/wp-content\/uploads\/2026\/02\/lozahic-133x200.jpg 133w, https:\/\/assembllees-galezes.bzh\/wp-content\/uploads\/2026\/02\/lozahic.jpg 1000w\" sizes=\"auto, (max-width: 683px) 100vw, 683px\" \/><\/figure><div class=\"wp-block-media-text__content\">\n<h5 class=\"wp-block-heading\">MATI\u00c8RES DE RENCONTRES<\/h5>\n\n\n\n<p>Mon chemin d\u2019artiste et po\u00e9ti\u00e8re se dessine au fur et \u00e0 mesure de rencontres, de voyages, de fa\u00e7onnages avan\u00e7ant avec lenteur en lisi\u00e8re des sentiers battus. Le long de ces chemins je r\u00e9colte des argiles, des min\u00e9raux, des cendres, des fibres, des m\u00e9moires. Puis dans mon atelier ou ailleurs, dans l\u2019\u00e9paisseur du temps, avec mes mains et parfois d\u2019autres, je transforme ces mati\u00e8res de rencontre en des objets-espaces, des contenants destin\u00e9s \u00e0 accueillir des nourritures quotidiennes et des individualit\u00e9s.<\/p>\n\n\n\n<h5 class=\"wp-block-heading\">L&rsquo;ARGILE<\/h5>\n\n\n\n<p>C\u2019est avec l\u2019argile que je travaille principalement. Je la r\u00e9colte dans des paysages voisins de mon atelier, dans d\u2019anciens lits de rivi\u00e8res, des carri\u00e8res abandonn\u00e9es, dans le creux des talus \u2026 Je cueille l\u2019ouvrage \u00e9rod\u00e9 du temps, le fait s\u00e9cher au soleil, le m\u00eale aux eaux de la pluie, le malaxe longuement pour en faire une p\u00e2te que mes doigts mod\u00e8leront en des creux qui je l\u2019esp\u00e8re porteront en eux les nuances des nuages et les lavis des averses.<\/p>\n\n\n\n<h5 class=\"wp-block-heading\">LE FEU<\/h5>\n\n\n\n<p>Apr\u00e8s le modelage vient le feu qui l\u00e8che la terre durant deux jours et une nuit. Le temps s\u2019accroche \u00e0 la voute rouge puis blanche et \u00e9blouissante du four. Les flammes respirent, d\u00e9posent des cendres fondantes sur la surface ardante des pots. Le temps s\u2019\u00e9coule comme un ruisseau envout\u00e9 de lumi\u00e8re et de nuit.<\/p>\n<\/div><\/div>\n\n\n\n<h2 class=\"wp-block-heading\"><\/h2>\n\n\n\n<h5 class=\"wp-block-heading\">LES FIBRES ET LES LIENS<\/h5>\n\n\n\n<p>Je tresse en des liens celles qui peuplent nos paysages quotidiens. J&rsquo;aime la banalit\u00e9 rustique des orties qui portent de longes et solides fibres aux reflets d&rsquo;argent et de soie. En passant \u00e0 travers champs, je les ramasse et les met \u00e0 rouir dans les hautes herbes. Je travaille avec les quatre saisons des jours bretons. Ros\u00e9e, soleil et pluie m&rsquo;aident \u00e0 pr\u00e9lever la pr\u00e9cieuse fibre des orties que j&rsquo;entortille ensuite entre mes doigts en cordelettes. Je travaille avec ce qu&rsquo;il y a ici, autour de mon atelier, avec les fluctuations du temps, avec les m\u00e9moires des paysages et des villages, avec les vivant.e.s et avec les histoires qui s&rsquo;\u00e9crivent en bordure des grosses routes. Et je cr\u00e9e des liens avec tout \u00e7a pour allonger et ramifier les ficelles perl\u00e9es d&rsquo;imaginaires.<\/p>\n\n\n\n<h2 class=\"wp-block-heading\"><\/h2>\n\n\n\n<h3 class=\"wp-block-heading\">Nanon Pelhate<\/h3>\n\n\n\n<div class=\"wp-block-media-text is-stacked-on-mobile\" style=\"grid-template-columns:21% auto\"><figure class=\"wp-block-media-text__media\"><img loading=\"lazy\" decoding=\"async\" width=\"731\" height=\"1024\" src=\"https:\/\/assembllees-galezes.bzh\/wp-content\/uploads\/2026\/02\/Nanon-731x1024.jpg\" alt=\"\" class=\"wp-image-1392 size-full\" srcset=\"https:\/\/assembllees-galezes.bzh\/wp-content\/uploads\/2026\/02\/Nanon-731x1024.jpg 731w, https:\/\/assembllees-galezes.bzh\/wp-content\/uploads\/2026\/02\/Nanon-214x300.jpg 214w, https:\/\/assembllees-galezes.bzh\/wp-content\/uploads\/2026\/02\/Nanon-768x1075.jpg 768w, https:\/\/assembllees-galezes.bzh\/wp-content\/uploads\/2026\/02\/Nanon-1097x1536.jpg 1097w, https:\/\/assembllees-galezes.bzh\/wp-content\/uploads\/2026\/02\/Nanon-143x200.jpg 143w, https:\/\/assembllees-galezes.bzh\/wp-content\/uploads\/2026\/02\/Nanon.jpg 1234w\" sizes=\"auto, (max-width: 731px) 100vw, 731px\" \/><\/figure><div class=\"wp-block-media-text__content\">\n<p>Anne-Marie a \u00e9t\u00e9 pendant 15 ans enseignante de gallo dans les \u00e9coles maternelles et primaires et formatrice pour adultes. Elle a d\u00e9velopp\u00e9 du mat\u00e9riel p\u00e9dagogique en gallo et dirig\u00e9 des s\u00e9jours de vacances bilingue aux Assembll\u00e9es Gal\u00e9zes. D\u00e9sormais, elle est en charge de la r\u00e9alisation de programmes en gallo sur la radio associative&nbsp;<a href=\"https:\/\/plumfm.net\/\">Plum\u2019FM<\/a>.<\/p>\n\n\n\n<p><\/p>\n<\/div><\/div>\n\n\n\n<h2 class=\"wp-block-heading\"><\/h2>\n\n\n\n<h3 class=\"wp-block-heading\">Marie Chiff&rsquo;mine<\/h3>\n\n\n\n<div class=\"wp-block-media-text is-stacked-on-mobile\" style=\"grid-template-columns:34% auto\"><figure class=\"wp-block-media-text__media\"><img loading=\"lazy\" decoding=\"async\" width=\"1024\" height=\"683\" src=\"https:\/\/assembllees-galezes.bzh\/wp-content\/uploads\/2025\/03\/sauvee_mc3-1024x683.jpg\" alt=\"\" class=\"wp-image-622 size-full\" srcset=\"https:\/\/assembllees-galezes.bzh\/wp-content\/uploads\/2025\/03\/sauvee_mc3-1024x683.jpg 1024w, https:\/\/assembllees-galezes.bzh\/wp-content\/uploads\/2025\/03\/sauvee_mc3-300x200.jpg 300w, https:\/\/assembllees-galezes.bzh\/wp-content\/uploads\/2025\/03\/sauvee_mc3-768x512.jpg 768w, https:\/\/assembllees-galezes.bzh\/wp-content\/uploads\/2025\/03\/sauvee_mc3-1536x1024.jpg 1536w, https:\/\/assembllees-galezes.bzh\/wp-content\/uploads\/2025\/03\/sauvee_mc3.jpg 1600w\" sizes=\"auto, (max-width: 1024px) 100vw, 1024px\" \/><\/figure><div class=\"wp-block-media-text__content\">\n<p>Conteuse bretonne, voyageuse \u00e0 v\u00e9lo ou en brouette dans le jardin des contes depuis 39 ans, elle fait cueillette d\u2019aventures, de chants, de rimes et de d\u00e9lices po\u00e9tiques. Les l\u00e9gendaires de la Bretagne et de la nature sont ses sources complices. Entre le patrimoine oral et la vie, sa parole d\u2019artisane se r\u00e9v\u00e8le po\u00e9tique, dr\u00f4le et complice des gens de tout \u00e2ge. Sa plume s\u2019exerce aussi en slam, th\u00e9\u00e2tre, po\u00e9sie et r\u00e9cits. La conteuse est jardini\u00e8re en tous sens avec toujours un panier ou une brouette de r\u00e9coltes de contes de saison.<\/p>\n\n\n\n<p>Elle conte en fran\u00e7ais, en gallo et en anglais\u2026et avec les mains aussi&nbsp;! De la tendresse, de l\u2019\u00e9motion, de la simplicit\u00e9, du rire aussi&nbsp;!<\/p>\n<\/div><\/div>\n\n\n\n<h2 class=\"wp-block-heading\"><\/h2>\n\n\n\n<div class=\"wp-block-columns is-layout-flex wp-container-core-columns-is-layout-9d6595d7 wp-block-columns-is-layout-flex\">\n<div class=\"wp-block-column is-layout-flow wp-block-column-is-layout-flow\">\n<figure class=\"wp-block-image size-large\"><a href=\"https:\/\/assembllees-galezes.bzh\/index.php\/inscription-moyen-de-paiement\/\"><img loading=\"lazy\" decoding=\"async\" width=\"1024\" height=\"149\" src=\"https:\/\/assembllees-galezes.bzh\/wp-content\/uploads\/2026\/01\/3-3-1024x149.png\" alt=\"\" class=\"wp-image-1180\" srcset=\"https:\/\/assembllees-galezes.bzh\/wp-content\/uploads\/2026\/01\/3-3-1024x149.png 1024w, https:\/\/assembllees-galezes.bzh\/wp-content\/uploads\/2026\/01\/3-3-300x44.png 300w, https:\/\/assembllees-galezes.bzh\/wp-content\/uploads\/2026\/01\/3-3-768x112.png 768w, https:\/\/assembllees-galezes.bzh\/wp-content\/uploads\/2026\/01\/3-3-1536x223.png 1536w, https:\/\/assembllees-galezes.bzh\/wp-content\/uploads\/2026\/01\/3-3-2048x298.png 2048w, https:\/\/assembllees-galezes.bzh\/wp-content\/uploads\/2026\/01\/3-3-941x137.png 941w\" sizes=\"auto, (max-width: 1024px) 100vw, 1024px\" \/><\/a><\/figure>\n<\/div>\n\n\n\n<div class=\"wp-block-column is-layout-flow wp-block-column-is-layout-flow\">\n<figure class=\"wp-block-image size-large\"><a href=\"https:\/\/assembllees-galezes.bzh\/index.php\/informations-pratiques-des-stages\/\"><img loading=\"lazy\" decoding=\"async\" width=\"1024\" height=\"149\" src=\"https:\/\/assembllees-galezes.bzh\/wp-content\/uploads\/2026\/01\/4-3-1024x149.png\" alt=\"\" class=\"wp-image-1181\" srcset=\"https:\/\/assembllees-galezes.bzh\/wp-content\/uploads\/2026\/01\/4-3-1024x149.png 1024w, https:\/\/assembllees-galezes.bzh\/wp-content\/uploads\/2026\/01\/4-3-300x44.png 300w, https:\/\/assembllees-galezes.bzh\/wp-content\/uploads\/2026\/01\/4-3-768x112.png 768w, https:\/\/assembllees-galezes.bzh\/wp-content\/uploads\/2026\/01\/4-3-1536x223.png 1536w, https:\/\/assembllees-galezes.bzh\/wp-content\/uploads\/2026\/01\/4-3-2048x298.png 2048w, https:\/\/assembllees-galezes.bzh\/wp-content\/uploads\/2026\/01\/4-3-941x137.png 941w\" sizes=\"auto, (max-width: 1024px) 100vw, 1024px\" \/><\/a><\/figure>\n<\/div>\n<\/div>\n","protected":false},"excerpt":{"rendered":"<p>De la terre au jeu et au conte en gallo \u00ab&nbsp;Des poques a la goule ! \u00bb Pour les enfants de 6 \u00e0 12 ans. OBJECTIFS&nbsp;: Vivre ensemble cet atelier avec une vari\u00e9t\u00e9 d&rsquo;activit\u00e9s cr\u00e9atives entre langue, art vivant et artisanat d&rsquo;art.&nbsp; L&rsquo;alternance terre et oralit\u00e9 respecte agr\u00e9ablement les rythmes &hellip;<\/p>\n","protected":false},"author":2,"featured_media":0,"parent":114,"menu_order":13,"comment_status":"closed","ping_status":"closed","template":"","meta":{"footnotes":""},"class_list":["post-300","page","type-page","status-publish","hentry"],"_links":{"self":[{"href":"https:\/\/assembllees-galezes.bzh\/index.php\/wp-json\/wp\/v2\/pages\/300","targetHints":{"allow":["GET"]}}],"collection":[{"href":"https:\/\/assembllees-galezes.bzh\/index.php\/wp-json\/wp\/v2\/pages"}],"about":[{"href":"https:\/\/assembllees-galezes.bzh\/index.php\/wp-json\/wp\/v2\/types\/page"}],"author":[{"embeddable":true,"href":"https:\/\/assembllees-galezes.bzh\/index.php\/wp-json\/wp\/v2\/users\/2"}],"replies":[{"embeddable":true,"href":"https:\/\/assembllees-galezes.bzh\/index.php\/wp-json\/wp\/v2\/comments?post=300"}],"version-history":[{"count":36,"href":"https:\/\/assembllees-galezes.bzh\/index.php\/wp-json\/wp\/v2\/pages\/300\/revisions"}],"predecessor-version":[{"id":1621,"href":"https:\/\/assembllees-galezes.bzh\/index.php\/wp-json\/wp\/v2\/pages\/300\/revisions\/1621"}],"up":[{"embeddable":true,"href":"https:\/\/assembllees-galezes.bzh\/index.php\/wp-json\/wp\/v2\/pages\/114"}],"wp:attachment":[{"href":"https:\/\/assembllees-galezes.bzh\/index.php\/wp-json\/wp\/v2\/media?parent=300"}],"curies":[{"name":"wp","href":"https:\/\/api.w.org\/{rel}","templated":true}]}}