{"id":308,"date":"2025-01-31T16:18:22","date_gmt":"2025-01-31T15:18:22","guid":{"rendered":"https:\/\/benvoulants.assembllees-galezes.bzh\/?page_id=308"},"modified":"2026-02-12T09:08:58","modified_gmt":"2026-02-12T08:08:58","slug":"vielle-a-roue","status":"publish","type":"page","link":"https:\/\/assembllees-galezes.bzh\/index.php\/le-festival\/stages\/vielle-a-roue\/","title":{"rendered":"Vielle \u00e0 roue"},"content":{"rendered":"\n<blockquote class=\"wp-block-quote is-layout-flow wp-block-quote-is-layout-flow\">\n<h2 class=\"wp-block-heading\">Derouine<\/h2>\n<\/blockquote>\n\n\n\n<p>Atelier collectif et individualis\u00e9, tous accords, tous niveaux, m\u00eame d\u00e9butant. Stage d\u00e9doubl\u00e9 si l&rsquo;effectif est suffisant.<\/p>\n\n\n\n<h3 class=\"wp-block-heading\"><strong>Programme<a href=\"https:\/\/assembllees-galezes.bzh\/festival\/stages\/vielle#programme\"><\/a><\/strong><\/h3>\n\n\n\n<p>Le rapport \u00e0 la danse est un axe de travail important et original ainsi qu&rsquo;un cadre p\u00e9dagogique fort.<\/p>\n\n\n\n<p>Cela permet, sur la vielle, une compr\u00e9hension rapide des articulations entre rythme et m\u00e9lodie ainsi qu\u2019une connaissance plus fine de la relation musique\/mouvement.<\/p>\n\n\n\n<p>Travail sur des m\u00e9lodies \u00e0 danser, autour d\u2019un \u201cr\u00e9pertoire pr\u00e9texte\u201d, approche des sp\u00e9cificit\u00e9s rythmiques et m\u00e9lodiques qui les caract\u00e9risent&nbsp;:<\/p>\n\n\n\n<ul class=\"wp-block-list\">\n<li>doigt\u00e9s, ornementations, phras\u00e9s\u2026<\/li>\n\n\n\n<li>coups de poign\u00e9e et de poignet, cadence\u2026<\/li>\n<\/ul>\n\n\n\n<p>La vielle, avec ses bourdons, est un instrument plus \u201cModal\u201d que \u201cTonal\u201d&nbsp;! Petite approche th\u00e9oriquo-pratique de ces notions.<br>Tout cela permettant de trouver des pistes de travail personnalis\u00e9es.<\/p>\n\n\n\n<p><em>Une approche de diff\u00e9rentes solutions de r\u00e9glage de l\u2019instrument se fera \u00e0 la demande.<\/em><\/p>\n\n\n\n<h3 class=\"wp-block-heading\" id=\"materiel\"><strong>Mat\u00e9riel<a href=\"https:\/\/assembllees-galezes.bzh\/festival\/stages\/vielle#materiel\"><\/a><\/strong><\/h3>\n\n\n\n<p>Pr\u00e9voir (outre l&rsquo;instrument) de quoi \u00e9crire et enregistrer\u2026<\/p>\n\n\n\n<h3 class=\"wp-block-heading\"><strong>Enseignants : Marc Anthony et Ingrid Blasco<\/strong><\/h3>\n\n\n\n<h3 class=\"wp-block-heading\"><strong>Marc Anthony<\/strong><\/h3>\n\n\n\n<figure class=\"wp-block-image size-large is-resized\"><img loading=\"lazy\" decoding=\"async\" width=\"797\" height=\"1024\" src=\"https:\/\/benvoulants.assembllees-galezes.bzh\/wp-content\/uploads\/2025\/03\/anthony_m-5-797x1024.jpg\" alt=\"\" class=\"wp-image-617\" style=\"width:291px;height:auto\" srcset=\"https:\/\/assembllees-galezes.bzh\/wp-content\/uploads\/2025\/03\/anthony_m-5-797x1024.jpg 797w, https:\/\/assembllees-galezes.bzh\/wp-content\/uploads\/2025\/03\/anthony_m-5-233x300.jpg 233w, https:\/\/assembllees-galezes.bzh\/wp-content\/uploads\/2025\/03\/anthony_m-5-768x987.jpg 768w, https:\/\/assembllees-galezes.bzh\/wp-content\/uploads\/2025\/03\/anthony_m-5-1195x1536.jpg 1195w, https:\/\/assembllees-galezes.bzh\/wp-content\/uploads\/2025\/03\/anthony_m-5-156x200.jpg 156w, https:\/\/assembllees-galezes.bzh\/wp-content\/uploads\/2025\/03\/anthony_m-5.jpg 1245w\" sizes=\"auto, (max-width: 797px) 100vw, 797px\" \/><\/figure>\n\n\n\n<p><\/p>\n\n\n\n<p>La vielle \u00e0 roue peut \u00eatre facilement, pour certains, identifi\u00e9e \u00e0 une aire culturelle voire historique. Pour d&rsquo;autres son aspect, tout en donnant l&rsquo;image d&rsquo;un instrument complexe, \u00e9voque une \u00e9tranget\u00e9 baroque et futuriste. <strong>C&rsquo;est un instrument \u00e9nergum\u00e8ne&nbsp;!<\/strong><\/p>\n\n\n\n<p>J&rsquo;imagine, pour lui, une musique la plus libre possible des identifications convenues. Que l&rsquo;on peut entendre en concert, en bal ou en spectacle&nbsp;:<\/p>\n\n\n\n<ul class=\"wp-block-list\">\n<li>Solo \u00ab<em><a href=\"https:\/\/www.marcanthony-vielle.com\" target=\"_blank\" rel=\"noreferrer noopener\">Autre Chose<\/a><\/em>\u00bb&nbsp;;<\/li>\n\n\n\n<li>\u00ab<em><a href=\"https:\/\/arthoduo.jimdo.com\/\" target=\"_blank\" rel=\"noreferrer noopener\">ARTHO duo<\/a><\/em>\u00bb (Duo Julie Garnier\/Marc Anthony);<\/li>\n\n\n\n<li>\u00ab<em><a href=\"https:\/\/faits-et-geste.com\/\" target=\"_blank\" rel=\"noreferrer noopener\">Faits &amp; Geste<\/a><\/em>\u00bb (Duo Roland Brou\/Marc Anthony);<\/li>\n\n\n\n<li>\u00ab<em><a href=\"https:\/\/www.marcanthony-vielle.com\" target=\"_blank\" rel=\"noreferrer noopener\">Caf\u00e9-Charbons<\/a><\/em>\u00bb (JF.Vrod\/D.Paris\/M.Anthony);<\/li>\n\n\n\n<li>\u00ab<em><a href=\"https:\/\/www.marcanthony-vielle.com\" target=\"_blank\" rel=\"noreferrer noopener\">Petra Ouchnock<\/a><\/em>\u00bb (Maude Madec\/Guillaume Le Guern\/Marc Anthony);<\/li>\n\n\n\n<li>\u00ab<em><a href=\"https:\/\/www.marcanthony-vielle.com\" target=\"_blank\" rel=\"noreferrer noopener\">Marino Mapihan<\/a><\/em>\u00bb (Duo Marino Le Mapihan\/Marc Anthony);<\/li>\n\n\n\n<li>\u00ab<em><a href=\"https:\/\/www.tvb.com.fr\/\" target=\"_blank\" rel=\"noreferrer noopener\">Bal Trio Gallo<\/a><\/em>\u00bb (B.Subert\/P.Lemou\/M.Anthony);<\/li>\n\n\n\n<li>\u00ab<em><a href=\"https:\/\/www.marcanthony-vielle.com\" target=\"_blank\" rel=\"noreferrer noopener\">Perceval,la l\u00e9gende du Graal(conte musical)<\/a><\/em>\u00bb (Duo Pascal Fauliot\/Marc Anthony);<\/li>\n<\/ul>\n\n\n\n<p>En compl\u00e9ment de mon activit\u00e9 de musicien de sc\u00e8ne, j&rsquo;ai consacr\u00e9, d\u00e8s mes d\u00e9buts, un temps au travail et \u00e0 la r\u00e9flexion p\u00e9dagogique sur l&rsquo;enseignement des techniques de jeu pour la vielle \u00e0 roue.<\/p>\n\n\n\n<p><em>\u201cL&rsquo;immersion, depuis plus d&rsquo;une trentaine d&rsquo;ann\u00e9es, dans les traditions musicales populaires m&rsquo;a appris, le go\u00fbt de la libert\u00e9 d&rsquo;ex\u00e9cution dans un cadre d\u00e9fini, l&rsquo;ornementation libre au service de la m\u00e9lodie et du rythme, l&rsquo;expression individuelle forte dans le respect de la forme. Voici comment je pense ma d\u00e9marche p\u00e9dagogique&nbsp;: L&rsquo;enseignement est personnalis\u00e9. J&rsquo;essaie de me mettre \u00e0 l&rsquo;\u00e9coute du d\u00e9sir de musique de l&rsquo;\u00e9l\u00e8ve et lui donner des \u00e9l\u00e9ments musicaux, rythmiques, musculaires, corporels\u0085 pour les mettre au service d&rsquo;une expression personnelle o\u00f9 le sensible passe avant la technique et la th\u00e9orie. C&rsquo;est un travail bas\u00e9 sur l&rsquo;oralit\u00e9,et sur le caract\u00e8re incontournable de la vielle \u00e0 roue&nbsp;: la modalit\u00e9. On apprend en \u00e9coutant, dans un \u00e9change de paroles et de gestes. Les traditions populaires, ont mis longtemps, souvent plusieurs g\u00e9n\u00e9rations \u00e0 peaufiner une relation tr\u00e8s \u00e9troite entre geste et musique, il faut essayer de comprendre en quoi ce lien consiste. Le rapport \u00e0 la danse est un axe de travail important et original ainsi qu&rsquo;un cadre p\u00e9dagogique fort. D\u00e9velopper l&rsquo;oreille et sa propre aptitude \u00e0 entendre en profondeur la musique\u201d.<\/em><\/p>\n\n\n\n<p>Sp\u00e9cialiste \u00e9galement du r\u00e9glage, de la mise au point et de l&rsquo;optimisation des diff\u00e9rents mod\u00e8les de vielles \u00e0 roue.<\/p>\n\n\n\n<h3 class=\"wp-block-heading\"><strong>Ingrid Blasco<\/strong><\/h3>\n\n\n\n<figure class=\"wp-block-image size-full is-resized\"><img loading=\"lazy\" decoding=\"async\" width=\"480\" height=\"536\" src=\"https:\/\/benvoulants.assembllees-galezes.bzh\/wp-content\/uploads\/2025\/03\/blasco_i.jpg\" alt=\"\" class=\"wp-image-616\" style=\"width:288px;height:auto\" srcset=\"https:\/\/assembllees-galezes.bzh\/wp-content\/uploads\/2025\/03\/blasco_i.jpg 480w, https:\/\/assembllees-galezes.bzh\/wp-content\/uploads\/2025\/03\/blasco_i-269x300.jpg 269w, https:\/\/assembllees-galezes.bzh\/wp-content\/uploads\/2025\/03\/blasco_i-179x200.jpg 179w\" sizes=\"auto, (max-width: 480px) 100vw, 480px\" \/><\/figure>\n\n\n\n<p><\/p>\n\n\n\n<p>D&rsquo;abord arriv\u00e9e aux musiques traditionnelles par la danse, Ingrid Blasco est devenue musicienne de sc\u00e8ne dans des styles tr\u00e8s divers allant des musiques anciennes \u00e0 la musique acousmatique en passant par les musiques traditionnelles, toujours accompagn\u00e9e de sa vielle \u00e0 roue, instrument m\u00e9lodique ou vecteur sonore selon le propos.<\/p>\n\n\n\n<p>Par le pass\u00e9 elle a enseign\u00e9 l&rsquo;usage de cet instrument dans diff\u00e9rentes \u00e9coles de musique des C\u00f4tes d&rsquo;Armor. Depuis 2013 c&rsquo;est ponctuellement dans des stages qu&rsquo;elle participe \u00e0 la transmission de ses connaissances autour de la vielle \u00e0 roue.<\/p>\n\n\n\n<p>On peut l\u2019entendre sur sc\u00e8ne dans ces formations&nbsp;:<\/p>\n\n\n\n<ul class=\"wp-block-list\">\n<li><strong>Concert Diogo<\/strong>, musiques espagnoles (2023)<\/li>\n\n\n\n<li><strong>Carnets de Dames<\/strong>, compositions autour des ballades de Christine de Pizan (2023)<\/li>\n\n\n\n<li><strong>Concert Trobairitz<\/strong>, compositions musicales autour de femmes po\u00e9tesses des XIIe et XIIIe si\u00e8cles (2022).<\/li>\n\n\n\n<li><strong>Cin\u00e9-concert<\/strong> autour de films d&rsquo;animation de Fr\u00e9d\u00e9ric Back (2021).<\/li>\n\n\n\n<li>Reprise de <strong>M\u00e9moire de femmes<\/strong> (2020) d\u00e9voile l&rsquo;intimit\u00e9 de femmes au temps du franquisme en Espagne, spectacle mis en espace parmi le public.<\/li>\n\n\n\n<li><strong>Concert Ib\u00e9rie<\/strong>, musiques du monde sur des th\u00e8mes musicaux du Moyen age espagnol (2019).<\/li>\n\n\n\n<li><strong>R\u00e9surgence<\/strong>, sieste po\u00e9tique et musicale. Musique acousmatique et po\u00e8mes de Louise Labb\u00e9 (2018)<\/li>\n\n\n\n<li><strong>Fuite en avant<\/strong>, musique acoustique et danse But\u00f4 sur le th\u00e8me de l&rsquo;exil (2016)<\/li>\n\n\n\n<li><strong>M\u00e9moire de femmes<\/strong> version plateau (2015)<\/li>\n\n\n\n<li><strong>Les Trois Ours<\/strong>, cr\u00e9ation de musiques \u00e9lectroniques (2013)<\/li>\n\n\n\n<li><strong>Disfrutar<\/strong>, musiques s\u00e9farades, arabo-andalouses, chr\u00e9tiennes, du Moyen Age espagnol (2013)<\/li>\n\n\n\n<li><strong>Duolivine<\/strong>, musiques \u00e0 danser, duo avec Olivier Depoix<\/li>\n<\/ul>\n\n\n\n<p>Et bien d&rsquo;autres qui ne sont actuellement plus jou\u00e9s \u2026<\/p>\n\n\n\n<p>Elle participe \u00e9galement \u00e0 l&rsquo;ensemble <strong>Capriol &amp; Compagnie<\/strong> qui se consacre \u00e0 la musique et \u00e0 la danse de la Renaissance, depuis sa cr\u00e9ation en 2012<\/p>\n\n\n\n<p><br><\/p>\n\n\n\n<h2 class=\"wp-block-heading\"><\/h2>\n\n\n\n<div class=\"wp-block-columns is-layout-flex wp-container-core-columns-is-layout-9d6595d7 wp-block-columns-is-layout-flex\">\n<div class=\"wp-block-column is-layout-flow wp-block-column-is-layout-flow\">\n<figure class=\"wp-block-image size-large\"><a href=\"https:\/\/assembllees-galezes.bzh\/index.php\/inscription-moyen-de-paiement\/\"><img loading=\"lazy\" decoding=\"async\" width=\"1024\" height=\"149\" src=\"https:\/\/assembllees-galezes.bzh\/wp-content\/uploads\/2026\/01\/3-3-1024x149.png\" alt=\"\" class=\"wp-image-1180\" srcset=\"https:\/\/assembllees-galezes.bzh\/wp-content\/uploads\/2026\/01\/3-3-1024x149.png 1024w, https:\/\/assembllees-galezes.bzh\/wp-content\/uploads\/2026\/01\/3-3-300x44.png 300w, https:\/\/assembllees-galezes.bzh\/wp-content\/uploads\/2026\/01\/3-3-768x112.png 768w, https:\/\/assembllees-galezes.bzh\/wp-content\/uploads\/2026\/01\/3-3-1536x223.png 1536w, https:\/\/assembllees-galezes.bzh\/wp-content\/uploads\/2026\/01\/3-3-2048x298.png 2048w, https:\/\/assembllees-galezes.bzh\/wp-content\/uploads\/2026\/01\/3-3-941x137.png 941w\" sizes=\"auto, (max-width: 1024px) 100vw, 1024px\" \/><\/a><\/figure>\n<\/div>\n\n\n\n<div class=\"wp-block-column is-layout-flow wp-block-column-is-layout-flow\">\n<figure class=\"wp-block-image size-large\"><a href=\"https:\/\/assembllees-galezes.bzh\/index.php\/informations-pratiques-des-stages\/\"><img loading=\"lazy\" decoding=\"async\" width=\"1024\" height=\"149\" src=\"https:\/\/assembllees-galezes.bzh\/wp-content\/uploads\/2026\/01\/4-3-1024x149.png\" alt=\"\" class=\"wp-image-1181\" srcset=\"https:\/\/assembllees-galezes.bzh\/wp-content\/uploads\/2026\/01\/4-3-1024x149.png 1024w, https:\/\/assembllees-galezes.bzh\/wp-content\/uploads\/2026\/01\/4-3-300x44.png 300w, https:\/\/assembllees-galezes.bzh\/wp-content\/uploads\/2026\/01\/4-3-768x112.png 768w, https:\/\/assembllees-galezes.bzh\/wp-content\/uploads\/2026\/01\/4-3-1536x223.png 1536w, https:\/\/assembllees-galezes.bzh\/wp-content\/uploads\/2026\/01\/4-3-2048x298.png 2048w, https:\/\/assembllees-galezes.bzh\/wp-content\/uploads\/2026\/01\/4-3-941x137.png 941w\" sizes=\"auto, (max-width: 1024px) 100vw, 1024px\" \/><\/a><\/figure>\n<\/div>\n<\/div>\n","protected":false},"excerpt":{"rendered":"<p>Derouine Atelier collectif et individualis\u00e9, tous accords, tous niveaux, m\u00eame d\u00e9butant. Stage d\u00e9doubl\u00e9 si l&rsquo;effectif est suffisant. Programme Le rapport \u00e0 la danse est un axe de travail important et original ainsi qu&rsquo;un cadre p\u00e9dagogique fort. Cela permet, sur la vielle, une compr\u00e9hension rapide des articulations entre rythme et m\u00e9lodie &hellip;<\/p>\n","protected":false},"author":2,"featured_media":0,"parent":114,"menu_order":15,"comment_status":"closed","ping_status":"closed","template":"","meta":{"footnotes":""},"class_list":["post-308","page","type-page","status-publish","hentry"],"_links":{"self":[{"href":"https:\/\/assembllees-galezes.bzh\/index.php\/wp-json\/wp\/v2\/pages\/308","targetHints":{"allow":["GET"]}}],"collection":[{"href":"https:\/\/assembllees-galezes.bzh\/index.php\/wp-json\/wp\/v2\/pages"}],"about":[{"href":"https:\/\/assembllees-galezes.bzh\/index.php\/wp-json\/wp\/v2\/types\/page"}],"author":[{"embeddable":true,"href":"https:\/\/assembllees-galezes.bzh\/index.php\/wp-json\/wp\/v2\/users\/2"}],"replies":[{"embeddable":true,"href":"https:\/\/assembllees-galezes.bzh\/index.php\/wp-json\/wp\/v2\/comments?post=308"}],"version-history":[{"count":7,"href":"https:\/\/assembllees-galezes.bzh\/index.php\/wp-json\/wp\/v2\/pages\/308\/revisions"}],"predecessor-version":[{"id":1587,"href":"https:\/\/assembllees-galezes.bzh\/index.php\/wp-json\/wp\/v2\/pages\/308\/revisions\/1587"}],"up":[{"embeddable":true,"href":"https:\/\/assembllees-galezes.bzh\/index.php\/wp-json\/wp\/v2\/pages\/114"}],"wp:attachment":[{"href":"https:\/\/assembllees-galezes.bzh\/index.php\/wp-json\/wp\/v2\/media?parent=308"}],"curies":[{"name":"wp","href":"https:\/\/api.w.org\/{rel}","templated":true}]}}