{"id":377,"date":"2025-02-09T17:49:00","date_gmt":"2025-02-09T16:49:00","guid":{"rendered":"https:\/\/benvoulants.assembllees-galezes.bzh\/index.php\/le-festival\/programmation\/youpe\/"},"modified":"2025-03-15T19:15:36","modified_gmt":"2025-03-15T18:15:36","slug":"youpe","status":"publish","type":"page","link":"https:\/\/assembllees-galezes.bzh\/index.php\/le-festival\/programmation\/archives-prog\/youpe\/","title":{"rendered":"Youp\u00eb"},"content":{"rendered":"\n<div class=\"wp-block-columns is-layout-flex wp-container-core-columns-is-layout-9d6595d7 wp-block-columns-is-layout-flex\">\n<div class=\"wp-block-column is-layout-flow wp-block-column-is-layout-flow\">\n<h2 class=\"wp-block-heading\">Youp\u00eb<\/h2>\n\n\n\n<p>Youp\u00eb est un trio f\u00e9minin de musique bretonne compos\u00e9 de Ma\u00eblle Gedouin (chant), Jeanne Lemoine (accord\u00e9on diatonique) et Sarah Van Der Vlist (fl\u00fbtes). Elles revisitent le r\u00e9pertoire traditionnel en y apportant une \u00e9nergie contemporaine et des harmonies originales.<\/p>\n\n\n\n<p>Laur\u00e9ates du concours de trio libre \u00e0 la Freiz&rsquo;Noz 2025, elles ont \u00e9t\u00e9 invit\u00e9es aux festivals Yaouank \u00e0 Rennes et Cornouaille \u00e0 Quimper. Sur sc\u00e8ne, leur complicit\u00e9 et leur dynamisme captivent le public, offrant un m\u00e9lange subtil de tradition et de modernit\u00e9.<\/p>\n<\/div>\n\n\n\n<div class=\"wp-block-column is-layout-flow wp-block-column-is-layout-flow\">\n<figure class=\"wp-block-image size-full\"><img loading=\"lazy\" decoding=\"async\" width=\"840\" height=\"435\" src=\"https:\/\/benvoulants.assembllees-galezes.bzh\/wp-content\/uploads\/2025\/02\/Youpe.jpg\" alt=\"\" class=\"wp-image-330\" srcset=\"https:\/\/assembllees-galezes.bzh\/wp-content\/uploads\/2025\/02\/Youpe.jpg 840w, https:\/\/assembllees-galezes.bzh\/wp-content\/uploads\/2025\/02\/Youpe-300x155.jpg 300w, https:\/\/assembllees-galezes.bzh\/wp-content\/uploads\/2025\/02\/Youpe-768x398.jpg 768w, https:\/\/assembllees-galezes.bzh\/wp-content\/uploads\/2025\/02\/Youpe-386x200.jpg 386w\" sizes=\"auto, (max-width: 840px) 100vw, 840px\" \/><\/figure>\n<\/div>\n<\/div>\n\n\n\n<h2 class=\"wp-block-heading\"><\/h2>\n\n\n\n<figure class=\"wp-block-embed is-type-video is-provider-youtube wp-block-embed-youtube wp-embed-aspect-16-9 wp-has-aspect-ratio\"><div class=\"wp-block-embed__wrapper\">\n<iframe loading=\"lazy\" title=\"LA BOGUE 2023 Fest deiz - YOUPE - Passe pied\" width=\"1505\" height=\"847\" src=\"https:\/\/www.youtube.com\/embed\/g16SvZF6vW8?feature=oembed\" frameborder=\"0\" allow=\"accelerometer; autoplay; clipboard-write; encrypted-media; gyroscope; picture-in-picture; web-share\" referrerpolicy=\"strict-origin-when-cross-origin\" allowfullscreen><\/iframe>\n<\/div><\/figure>\n","protected":false},"excerpt":{"rendered":"<p>Youp\u00eb Youp\u00eb est un trio f\u00e9minin de musique bretonne compos\u00e9 de Ma\u00eblle Gedouin (chant), Jeanne Lemoine (accord\u00e9on diatonique) et Sarah Van Der Vlist (fl\u00fbtes). Elles revisitent le r\u00e9pertoire traditionnel en y apportant une \u00e9nergie contemporaine et des harmonies originales. Laur\u00e9ates du concours de trio libre \u00e0 la Freiz&rsquo;Noz 2025, elles &hellip;<\/p>\n","protected":false},"author":2,"featured_media":0,"parent":1472,"menu_order":8,"comment_status":"closed","ping_status":"closed","template":"","meta":{"footnotes":""},"class_list":["post-377","page","type-page","status-publish","hentry"],"_links":{"self":[{"href":"https:\/\/assembllees-galezes.bzh\/index.php\/wp-json\/wp\/v2\/pages\/377","targetHints":{"allow":["GET"]}}],"collection":[{"href":"https:\/\/assembllees-galezes.bzh\/index.php\/wp-json\/wp\/v2\/pages"}],"about":[{"href":"https:\/\/assembllees-galezes.bzh\/index.php\/wp-json\/wp\/v2\/types\/page"}],"author":[{"embeddable":true,"href":"https:\/\/assembllees-galezes.bzh\/index.php\/wp-json\/wp\/v2\/users\/2"}],"replies":[{"embeddable":true,"href":"https:\/\/assembllees-galezes.bzh\/index.php\/wp-json\/wp\/v2\/comments?post=377"}],"version-history":[{"count":4,"href":"https:\/\/assembllees-galezes.bzh\/index.php\/wp-json\/wp\/v2\/pages\/377\/revisions"}],"predecessor-version":[{"id":667,"href":"https:\/\/assembllees-galezes.bzh\/index.php\/wp-json\/wp\/v2\/pages\/377\/revisions\/667"}],"up":[{"embeddable":true,"href":"https:\/\/assembllees-galezes.bzh\/index.php\/wp-json\/wp\/v2\/pages\/1472"}],"wp:attachment":[{"href":"https:\/\/assembllees-galezes.bzh\/index.php\/wp-json\/wp\/v2\/media?parent=377"}],"curies":[{"name":"wp","href":"https:\/\/api.w.org\/{rel}","templated":true}]}}