{"id":501,"date":"2025-02-17T15:07:03","date_gmt":"2025-02-17T14:07:35","guid":{"rendered":"https:\/\/benvoulants.assembllees-galezes.bzh\/?page_id=501"},"modified":"2026-03-30T15:05:33","modified_gmt":"2026-03-30T13:05:33","slug":"jeunes","status":"publish","type":"page","link":"https:\/\/assembllees-galezes.bzh\/index.php\/le-festival\/jeunes\/","title":{"rendered":"Jeunes &#8211; ACM"},"content":{"rendered":"\n<p>Depuis des d\u00e9cennies, les Assembll\u00e9es Gal\u00e8zes ont \u00e0 c\u0153ur de faciliter l&rsquo;accueil des jeunes qui veulent se plonger dans la culture de Haute-Bretagne. Pour ce faire, nous g\u00e9rons en parall\u00e8le du festival un ACM (Accueil Collectif de mineurs, \u00e9galement appel\u00e9 \u00ab\u00a0CVL\u00a0\u00bb selon l&rsquo;ancienne d\u00e9nomination officielle) qui nous permet d&rsquo;accueillir des jeunes de 6 \u00e0 17 ans en pension compl\u00e8te sous tentes. L&rsquo;accueil des enfants est possible d\u00e8s le dimanche <strong>12 juillet \u00e0 partir de 17h<\/strong> \u2013 fin des camps le <strong>samedi 18 juillet \u00e0 18h<\/strong>.<\/p>\n\n\n\n<h4 class=\"wp-block-heading\" id=\"le-cvl-pour-les-jeunes-stagiaires-de-musique\">L&rsquo;ACM pour les jeunes stagiaires de musique<\/h4>\n\n\n\n<div class=\"wp-block-columns is-layout-flex wp-container-core-columns-is-layout-9d6595d7 wp-block-columns-is-layout-flex\">\n<div class=\"wp-block-column is-layout-flow wp-block-column-is-layout-flow\" style=\"flex-basis:100%\">\n<div class=\"wp-block-columns is-layout-flex wp-container-core-columns-is-layout-9d6595d7 wp-block-columns-is-layout-flex\">\n<div class=\"wp-block-column is-layout-flow wp-block-column-is-layout-flow\">\n<figure class=\"wp-block-image size-large\"><img loading=\"lazy\" decoding=\"async\" width=\"1024\" height=\"684\" src=\"https:\/\/assembllees-galezes.bzh\/wp-content\/uploads\/2026\/02\/19072025-_DSC4444-2-1024x684.jpg\" alt=\"\" class=\"wp-image-1482\" srcset=\"https:\/\/assembllees-galezes.bzh\/wp-content\/uploads\/2026\/02\/19072025-_DSC4444-2-1024x684.jpg 1024w, https:\/\/assembllees-galezes.bzh\/wp-content\/uploads\/2026\/02\/19072025-_DSC4444-2-300x200.jpg 300w, https:\/\/assembllees-galezes.bzh\/wp-content\/uploads\/2026\/02\/19072025-_DSC4444-2-768x513.jpg 768w, https:\/\/assembllees-galezes.bzh\/wp-content\/uploads\/2026\/02\/19072025-_DSC4444-2-1536x1025.jpg 1536w, https:\/\/assembllees-galezes.bzh\/wp-content\/uploads\/2026\/02\/19072025-_DSC4444-2-2048x1367.jpg 2048w\" sizes=\"auto, (max-width: 1024px) 100vw, 1024px\" \/><\/figure>\n<\/div>\n\n\n\n<div class=\"wp-block-column is-layout-flow wp-block-column-is-layout-flow\">\n<p>Durant toute la semaine, une \u00e9quipe d&rsquo;animateur\u00b7icess dipl\u00f4m\u00e9s accueille les enfants et les jeunes en dehors des horaires de stage&nbsp;; ils prennent en charge la vie quotidienne, repas, sommeil, mais proposent \u00e9galement des activit\u00e9s ludiques ou sportives et de d\u00e9couverte de l&rsquo;environnement.<\/p>\n\n\n\n<p><br>Dans le calendrier des stages, une apr\u00e8s-midi de d\u00e9tente est pr\u00e9vue en milieu de semaine, obligatoire pour les plus jeunes, optionnelle pour les adolescent\u00b7es.<\/p>\n\n\n\n<p><br>L&rsquo;ACM est aussi l&rsquo;occasion pour les jeunes qui pratiquent diff\u00e9rents instruments de se rencontrer et d&rsquo;\u00e9changer&nbsp;; ainsi, ces derni\u00e8res ann\u00e9es, plusieurs groupes se sont constitu\u00e9s \u00e0 partir de ces \u00e9changes.<\/p>\n\n\n\n<p><\/p>\n\n\n\n<p><\/p>\n<\/div>\n<\/div>\n\n\n\n<h2 class=\"wp-block-heading\"><\/h2>\n\n\n\n<div class=\"wp-block-columns is-layout-flex wp-container-core-columns-is-layout-9d6595d7 wp-block-columns-is-layout-flex\">\n<div class=\"wp-block-column is-layout-flow wp-block-column-is-layout-flow\">\n<figure class=\"wp-block-image size-large\"><a href=\"https:\/\/assembllees-galezes.bzh\/index.php\/inscription-moyen-de-paiement\/\"><img loading=\"lazy\" decoding=\"async\" width=\"1024\" height=\"149\" src=\"https:\/\/assembllees-galezes.bzh\/wp-content\/uploads\/2026\/01\/3-3-1024x149.png\" alt=\"\" class=\"wp-image-1180\" srcset=\"https:\/\/assembllees-galezes.bzh\/wp-content\/uploads\/2026\/01\/3-3-1024x149.png 1024w, https:\/\/assembllees-galezes.bzh\/wp-content\/uploads\/2026\/01\/3-3-300x44.png 300w, https:\/\/assembllees-galezes.bzh\/wp-content\/uploads\/2026\/01\/3-3-768x112.png 768w, https:\/\/assembllees-galezes.bzh\/wp-content\/uploads\/2026\/01\/3-3-1536x223.png 1536w, https:\/\/assembllees-galezes.bzh\/wp-content\/uploads\/2026\/01\/3-3-2048x298.png 2048w, https:\/\/assembllees-galezes.bzh\/wp-content\/uploads\/2026\/01\/3-3-941x137.png 941w\" sizes=\"auto, (max-width: 1024px) 100vw, 1024px\" \/><\/a><\/figure>\n<\/div>\n\n\n\n<div class=\"wp-block-column is-layout-flow wp-block-column-is-layout-flow\">\n<figure class=\"wp-block-image size-large\"><a href=\"https:\/\/assembllees-galezes.bzh\/index.php\/informations-pratiques-des-stages\/\"><img loading=\"lazy\" decoding=\"async\" width=\"1024\" height=\"149\" src=\"https:\/\/assembllees-galezes.bzh\/wp-content\/uploads\/2026\/01\/4-3-1024x149.png\" alt=\"\" class=\"wp-image-1181\" srcset=\"https:\/\/assembllees-galezes.bzh\/wp-content\/uploads\/2026\/01\/4-3-1024x149.png 1024w, https:\/\/assembllees-galezes.bzh\/wp-content\/uploads\/2026\/01\/4-3-300x44.png 300w, https:\/\/assembllees-galezes.bzh\/wp-content\/uploads\/2026\/01\/4-3-768x112.png 768w, https:\/\/assembllees-galezes.bzh\/wp-content\/uploads\/2026\/01\/4-3-1536x223.png 1536w, https:\/\/assembllees-galezes.bzh\/wp-content\/uploads\/2026\/01\/4-3-2048x298.png 2048w, https:\/\/assembllees-galezes.bzh\/wp-content\/uploads\/2026\/01\/4-3-941x137.png 941w\" sizes=\"auto, (max-width: 1024px) 100vw, 1024px\" \/><\/a><\/figure>\n<\/div>\n<\/div>\n<\/div>\n<\/div>\n\n\n\n<p><\/p>\n","protected":false},"excerpt":{"rendered":"<p>Depuis des d\u00e9cennies, les Assembll\u00e9es Gal\u00e8zes ont \u00e0 c\u0153ur de faciliter l&rsquo;accueil des jeunes qui veulent se plonger dans la culture de Haute-Bretagne. Pour ce faire, nous g\u00e9rons en parall\u00e8le du festival un ACM (Accueil Collectif de mineurs, \u00e9galement appel\u00e9 \u00ab\u00a0CVL\u00a0\u00bb selon l&rsquo;ancienne d\u00e9nomination officielle) qui nous permet d&rsquo;accueillir des &hellip;<\/p>\n","protected":false},"author":2,"featured_media":0,"parent":67,"menu_order":5,"comment_status":"closed","ping_status":"closed","template":"","meta":{"footnotes":""},"class_list":["post-501","page","type-page","status-publish","hentry"],"_links":{"self":[{"href":"https:\/\/assembllees-galezes.bzh\/index.php\/wp-json\/wp\/v2\/pages\/501","targetHints":{"allow":["GET"]}}],"collection":[{"href":"https:\/\/assembllees-galezes.bzh\/index.php\/wp-json\/wp\/v2\/pages"}],"about":[{"href":"https:\/\/assembllees-galezes.bzh\/index.php\/wp-json\/wp\/v2\/types\/page"}],"author":[{"embeddable":true,"href":"https:\/\/assembllees-galezes.bzh\/index.php\/wp-json\/wp\/v2\/users\/2"}],"replies":[{"embeddable":true,"href":"https:\/\/assembllees-galezes.bzh\/index.php\/wp-json\/wp\/v2\/comments?post=501"}],"version-history":[{"count":13,"href":"https:\/\/assembllees-galezes.bzh\/index.php\/wp-json\/wp\/v2\/pages\/501\/revisions"}],"predecessor-version":[{"id":1717,"href":"https:\/\/assembllees-galezes.bzh\/index.php\/wp-json\/wp\/v2\/pages\/501\/revisions\/1717"}],"up":[{"embeddable":true,"href":"https:\/\/assembllees-galezes.bzh\/index.php\/wp-json\/wp\/v2\/pages\/67"}],"wp:attachment":[{"href":"https:\/\/assembllees-galezes.bzh\/index.php\/wp-json\/wp\/v2\/media?parent=501"}],"curies":[{"name":"wp","href":"https:\/\/api.w.org\/{rel}","templated":true}]}}