{"id":759,"date":"2025-03-17T20:34:30","date_gmt":"2025-03-17T19:34:30","guid":{"rendered":"https:\/\/benvoulants.assembllees-galezes.bzh\/?page_id=759"},"modified":"2026-02-18T14:33:01","modified_gmt":"2026-02-18T13:33:01","slug":"informations-pratiques-des-stages","status":"publish","type":"page","link":"https:\/\/assembllees-galezes.bzh\/index.php\/le-festival\/informations-pratiques-des-stages\/","title":{"rendered":"Informations pratiques des stages"},"content":{"rendered":"\n<h1 class=\"wp-block-heading has-text-align-center\">Informations pratiques des stages<\/h1>\n\n\n\n<h2 class=\"wp-block-heading\"><strong>Tarifs<\/strong><\/h2>\n\n\n\n<ul class=\"wp-block-list\">\n<li>Les tarifs sont valables et identiques pour tous les stages <em>sauf le stage de gallo<\/em>&nbsp;; le tarif de base pour 2025 est de <strong>330 \u20ac<\/strong> auxquels s&rsquo;ajoute l&rsquo;adh\u00e9sion obligatoire \u00e0 l&rsquo;association (15\u20ac qui couvre aussi la responsabilit\u00e9 civile de toustes les participant\u00b7es).<\/li>\n<\/ul>\n\n\n\n<p>Pour chaque stage, <strong>quatre forfaits<\/strong> sont propos\u00e9s&nbsp;:<\/p>\n\n\n\n<ul class=\"wp-block-list\">\n<li><strong>stage seul<\/strong>,<\/li>\n\n\n\n<li><strong>forfait demi-pension<\/strong> qui comprend le repas de midi du lundi au samedi<\/li>\n\n\n\n<li><strong>forfait tous repas<\/strong> qui comprend les repas et le petit d\u00e9jeuner (sans h\u00e9bergement) du lundi midi au samedi midi<\/li>\n\n\n\n<li><strong>forfait <em>CVL<\/em><\/strong>, exclusivement pour les jeunes de 7 \u00e0 17 ans, en pension compl\u00e8te avec h\u00e9bergement sous tente et accompagnement par des animateur\u00b7ices.<\/li>\n<\/ul>\n\n\n\n<p>Une premi\u00e8re <strong>r\u00e9duction de 20%<\/strong> s&rsquo;applique pour les \u00e9tudiant\u00b7es et demandeur\u00b7ses d&#8217;emploi : c&rsquo;est le \u00ab\u00a0<strong>Tarif r\u00e9duit<\/strong>\u00ab\u00a0.<\/p>\n\n\n\n<p>Une <strong>\u00ab\u00a0r\u00e9duction famille\u00a0\u00bb<\/strong> <strong>de 10%<\/strong> s&rsquo;applique par ailleurs pour toutes les inscriptions \u00e9manant de la m\u00eame famille (conjoint\u00b7es, enfants). Si jamais vous \u00eates demandeur\u00b7se d&#8217;emploi ou \u00e9tudiant\u00b7e et souhaitez b\u00e9n\u00e9ficiez de la r\u00e9duction famille \u00e9galement, veuillez vous inscrire en tarif r\u00e9duit, puis nous contacter \u00e0 l&rsquo;adresse inscriptions@assembllees-galezes.bzh. Nous vous rembourserons alors la diff\u00e9rence.<\/p>\n\n\n\n<h4 class=\"wp-block-heading\" id=\"tarif_des_stages_de_musique_danse_et_vannerie\">Tarif des stages de musique, poterie et vannerie<a href=\"https:\/\/assembllees-galezes.bzh\/festival\/tarifs#tarif_des_stages_de_musique_danse_et_vannerie\"><\/a><\/h4>\n\n\n\n<figure class=\"wp-block-table aligncenter\"><table class=\"has-fixed-layout\"><thead><tr><th class=\"has-text-align-center\" data-align=\"center\">Inscription<\/th><th class=\"has-text-align-center\" data-align=\"center\">Stage seul (adh\u00e9sion comprise)<\/th><th class=\"has-text-align-center\" data-align=\"center\">Demi-pension<\/th><th class=\"has-text-align-center\" data-align=\"center\">Tous repas<\/th><th class=\"has-text-align-center\" data-align=\"center\">CVL<\/th><\/tr><tr><td class=\"has-text-align-center\" data-align=\"center\"><em><strong>Tarif de base<\/strong><\/em><\/td><th class=\"has-text-align-center\" data-align=\"center\"><strong>345 \u20ac<\/strong><\/th><th class=\"has-text-align-center\" data-align=\"center\"><strong>420 \u20ac<\/strong><\/th><th class=\"has-text-align-center\" data-align=\"center\"><strong>495 \u20ac<\/strong><\/th><th class=\"has-text-align-center\" data-align=\"center\"><strong>565 \u20ac<\/strong><\/th><\/tr><tr><th class=\"has-text-align-center\" data-align=\"center\"><em>Tarif r\u00e9duit<\/em><\/th><th class=\"has-text-align-center\" data-align=\"center\">276 \u20ac<\/th><th class=\"has-text-align-center\" data-align=\"center\">336 \u20ac<\/th><th class=\"has-text-align-center\" data-align=\"center\">396 \u20ac<\/th><th class=\"has-text-align-center\" data-align=\"center\">452 \u20ac<\/th><\/tr><\/thead><\/table><\/figure>\n\n\n\n<p><\/p>\n\n\n\n<h4 class=\"wp-block-heading\" id=\"tarif_des_stages_de_gallo\">Tarif des stages en langue gall\u00e8se<\/h4>\n\n\n\n<p>Les stages de gallo, qui b\u00e9n\u00e9ficient d&rsquo;une subvention de la R\u00e9gion Bretagne au titre du soutien \u00e0 la langue gall\u00e8se, sont \u00e0 un tarif plus r\u00e9duit. Le stage <strong>De la terre au jeu et au conte en gallo<\/strong> r\u00e9serv\u00e9 aux jeunes de 7 \u00e0 12 ans n&rsquo;est possible qu&rsquo;avec l&rsquo;h\u00e9bergement en CVL.<\/p>\n\n\n\n<figure class=\"wp-block-table\"><table class=\"has-fixed-layout\"><thead><tr><th>Stage<\/th><th>Stage seul (adh\u00e9sion comprise)<\/th><th>Demi-pension<\/th><th>Tous repas<\/th><th>CVL<\/th><\/tr><tr><th><em>Gallo (langue)<\/em> &amp; <em>De la terre au jeu et au conte en gallo (7-12 ans)<\/em><\/th><th><strong>185 \u20ac<\/strong><\/th><th><strong>260 \u20ac<\/strong><\/th><th><strong>335 \u20ac<\/strong><\/th><th><strong>405 \u20ac<\/strong><\/th><\/tr><tr><th><em>Tarif r\u00e9duit<\/em><\/th><th>148 \u20ac<\/th><th>208 \u20ac<\/th><th>268 \u20ac<\/th><th>324 \u20ac<\/th><\/tr><\/thead><\/table><\/figure>\n\n\n\n<p><\/p>\n\n\n\n<h2 class=\"wp-block-heading\">Tarif de l&rsquo;atelier danse<\/h2>\n\n\n\n<p>L&rsquo;atelier danse est ouvert \u00e0 toustes, pas besoin d&rsquo;\u00eatre stagiaire aux Gal\u00e8zes. Mais participer \u00e0 l&rsquo;atelier danse, c&rsquo;est adh\u00e9rer \u00e0 l&rsquo;asso ! Le prix de l&rsquo;atelier lui-m\u00eame est libre : chacun\u00b7e met selon ses moyens. Le prix minimum est donc de 15\u20ac, c&rsquo;est-\u00e0-dire le co\u00fbt de l&rsquo;adh\u00e9sion. Par ailleurs, un prix libre \u00e0 52,5\u20ac minimum est \u00e9galement propos\u00e9, incluant les prix des trois d\u00eeners suivants les ateliers (mardi, jeudi et vendredi soir).<\/p>\n\n\n\n<p><\/p>\n\n\n\n<h4 class=\"wp-block-heading\">Tarifs des spectacles pour les stagiaires<\/h4>\n\n\n\n<p>L&rsquo;entr\u00e9e aux spectacles n&rsquo;est pas comprise dans le forfait stage. <\/p>\n\n\n\n<p>Les billetteries de tous les spectacles sont \u00e0 prix libre.<\/p>\n\n\n\n<h2 class=\"wp-block-heading\"><strong>Emploi du temps de la semaine<\/strong><\/h2>\n\n\n<div class=\"wp-block-image\">\n<figure class=\"aligncenter size-large\"><img loading=\"lazy\" decoding=\"async\" width=\"1024\" height=\"576\" src=\"https:\/\/assembllees-galezes.bzh\/wp-content\/uploads\/2026\/02\/Janvier-1024x576.png\" alt=\"\" class=\"wp-image-1551\" srcset=\"https:\/\/assembllees-galezes.bzh\/wp-content\/uploads\/2026\/02\/Janvier-1024x576.png 1024w, https:\/\/assembllees-galezes.bzh\/wp-content\/uploads\/2026\/02\/Janvier-300x169.png 300w, https:\/\/assembllees-galezes.bzh\/wp-content\/uploads\/2026\/02\/Janvier-768x432.png 768w, https:\/\/assembllees-galezes.bzh\/wp-content\/uploads\/2026\/02\/Janvier-1536x864.png 1536w, https:\/\/assembllees-galezes.bzh\/wp-content\/uploads\/2026\/02\/Janvier-356x200.png 356w, https:\/\/assembllees-galezes.bzh\/wp-content\/uploads\/2026\/02\/Janvier.png 1920w\" sizes=\"auto, (max-width: 1024px) 100vw, 1024px\" \/><\/figure>\n<\/div>\n\n\n<p><\/p>\n\n\n\n<p>La semaine d\u00e9bute le lundi matin par l&rsquo;accueil et l&rsquo;apprentissage d&rsquo;un morceau commun \u00e0 l&rsquo;ensemble des stagiaires. Pour les stagiaires en demi-pension (le midi) ou en pension compl\u00e8te (petit-d\u00e9jeuner, repas du midi et du soir), les repas sont pris \u00e0 la salle communale \u00c9on de l&rsquo;\u00c9toile. Les temps d&rsquo;ateliers (mardi, jeudi et vendredi en fin d&rsquo;apr\u00e8s-midi) seront propos\u00e9s par les enseignant\u00b7es (un ou deux encadrant\u00b7es par th\u00e9matique) sur des th\u00e8mes transversaux au choix, permettant aux stagiaires des diff\u00e9rentes disciplines de se rencontrer.<\/p>\n\n\n\n<p><\/p>\n\n\n\n<h2 class=\"wp-block-heading\"><strong>H\u00e9bergement<\/strong><\/h2>\n\n\n\n<p>L&rsquo;h\u00e9bergement n&rsquo;est pas compris dans les formules des stages. Pour ceux qui ont besoin d&rsquo;un h\u00e9bergement, voici plusieurs pistes : <\/p>\n\n\n\n<h6 class=\"wp-block-heading\" id=\"campings\">Campings :<a href=\"https:\/\/assembllees-galezes.bzh\/festival\/vie_pratique#campings\"><\/a><\/h6>\n\n\n\n<p>Le camping de Concoret (\u00e0 moins de 100m du lieu du Festival) est maintenant en gestion priv\u00e9e&nbsp;; il y a gagn\u00e9 l\u2019offre d\u2019h\u00e9bergements en dur (mobile-homes, caravanes, cabanes). Comme les ann\u00e9es pass\u00e9es, nous avons r\u00e9serv\u00e9 des emplacements pour l\u2019h\u00e9bergement des jeunes accueilli\u00b7es en CVL, des enseignant\u00b7es et des b\u00e9n\u00e9voles, mais il peut aussi accueillir des stagiaires (voir le <a href=\"https:\/\/camping-fees.fr\" target=\"_blank\" rel=\"noreferrer noopener\">Camping du Val aux F\u00e9es<\/a>)&nbsp;; il y a au moins trois autres campings dans un rayon de 15km \u00e0 Saint-L\u00e9ry, Paimpont et Saint-Malon sur Mel.<br>Le festival se tiendra en pleine saison touristique, <strong><em>ne tardez pas \u00e0 faire vos r\u00e9servations<\/em><\/strong>, surtout pour les h\u00e9bergements en dur.<\/p>\n\n\n\n<h6 class=\"wp-block-heading\" id=\"h\u00f4tels-chambres-dh\u00f4tes-et-g\u00eetes\">H\u00f4tels, chambres d\u2019h\u00f4tes et g\u00eetes :<a href=\"https:\/\/assembllees-galezes.bzh\/festival\/vie_pratique#h\u00f4tels-chambres-dh\u00f4tes-et-g\u00eetes\"><\/a><\/h6>\n\n\n\n<p>La r\u00e9gion de la For\u00eat de Broc\u00e9liande est tr\u00e8s touristique et offre de nombreuses possibilit\u00e9s d\u2019h\u00e9bergement \u00e0 Concoret et dans les communes environnantes. Il est par exemple possible de consulter le site <strong><a href=\"https:\/\/www.broceliande-vacances.com\/preparer-vacances\/ou-dormir\/\" target=\"_blank\" rel=\"noreferrer noopener\">https:\/\/www.broceliande-vacances.com\/preparer-vacances\/ou-dormir\/<\/a><\/strong> .<\/p>\n","protected":false},"excerpt":{"rendered":"<p>Informations pratiques des stages Tarifs Pour chaque stage, quatre forfaits sont propos\u00e9s&nbsp;: Une premi\u00e8re r\u00e9duction de 20% s&rsquo;applique pour les \u00e9tudiant\u00b7es et demandeur\u00b7ses d&#8217;emploi : c&rsquo;est le \u00ab\u00a0Tarif r\u00e9duit\u00ab\u00a0. Une \u00ab\u00a0r\u00e9duction famille\u00a0\u00bb de 10% s&rsquo;applique par ailleurs pour toutes les inscriptions \u00e9manant de la m\u00eame famille (conjoint\u00b7es, enfants). Si jamais &hellip;<\/p>\n","protected":false},"author":2,"featured_media":0,"parent":67,"menu_order":1,"comment_status":"closed","ping_status":"closed","template":"","meta":{"footnotes":""},"class_list":["post-759","page","type-page","status-publish","hentry"],"_links":{"self":[{"href":"https:\/\/assembllees-galezes.bzh\/index.php\/wp-json\/wp\/v2\/pages\/759","targetHints":{"allow":["GET"]}}],"collection":[{"href":"https:\/\/assembllees-galezes.bzh\/index.php\/wp-json\/wp\/v2\/pages"}],"about":[{"href":"https:\/\/assembllees-galezes.bzh\/index.php\/wp-json\/wp\/v2\/types\/page"}],"author":[{"embeddable":true,"href":"https:\/\/assembllees-galezes.bzh\/index.php\/wp-json\/wp\/v2\/users\/2"}],"replies":[{"embeddable":true,"href":"https:\/\/assembllees-galezes.bzh\/index.php\/wp-json\/wp\/v2\/comments?post=759"}],"version-history":[{"count":35,"href":"https:\/\/assembllees-galezes.bzh\/index.php\/wp-json\/wp\/v2\/pages\/759\/revisions"}],"predecessor-version":[{"id":1612,"href":"https:\/\/assembllees-galezes.bzh\/index.php\/wp-json\/wp\/v2\/pages\/759\/revisions\/1612"}],"up":[{"embeddable":true,"href":"https:\/\/assembllees-galezes.bzh\/index.php\/wp-json\/wp\/v2\/pages\/67"}],"wp:attachment":[{"href":"https:\/\/assembllees-galezes.bzh\/index.php\/wp-json\/wp\/v2\/media?parent=759"}],"curies":[{"name":"wp","href":"https:\/\/api.w.org\/{rel}","templated":true}]}}