{"id":817,"date":"2025-03-22T17:34:44","date_gmt":"2025-03-22T16:34:44","guid":{"rendered":"https:\/\/benvoulants.assembllees-galezes.bzh\/?page_id=817"},"modified":"2026-02-11T21:40:27","modified_gmt":"2026-02-11T20:40:27","slug":"adherer","status":"publish","type":"page","link":"https:\/\/assembllees-galezes.bzh\/index.php\/lassociation\/adherer\/","title":{"rendered":"Adh\u00e9rer"},"content":{"rendered":"\n<h1 class=\"wp-block-heading\" id=\"adherer_aux_assembllees_galezes\">Adh\u00e9rer aux Assembll\u00e9es Gal\u00e8zes<a href=\"https:\/\/assembllees-galezes.bzh\/association\/adhesion#adherer_aux_assembllees_galezes\"><\/a><\/h1>\n\n\n\n<p>R\u00e9glementairement, toutes les personnes inscrites en stage (et un parent des enfants mineurs) sont adh\u00e9rentes pour l&rsquo;ann\u00e9e en cours (le co\u00fbt de ces adh\u00e9sions est compris dans le prix du stage), mais vous pouvez tout \u00e0 fait \u00eatre adh\u00e9rent m\u00eame si vous ne faites pas de stage.<\/p>\n\n\n\n<h2 class=\"wp-block-heading\" id=\"pourquoi_adherer\">Pourquoi adh\u00e9rer ?<a href=\"https:\/\/assembllees-galezes.bzh\/association\/adhesion#pourquoi_adherer\"><\/a><\/h2>\n\n\n\n<p>Depuis leur cr\u00e9ation, les Assembll\u00e9es d\u00e9fendent une certaine id\u00e9e de la culture populaire et de sa diffusion. Le Festival n&rsquo;a pas de vocation commerciale ni \u00e0 devenir une grosse machine m\u00e9diatique, il privil\u00e9gie la rencontre vraie, l&rsquo;\u00e9change mutuel dans le respect et la convivialit\u00e9 tout en gardant une exigence de qualit\u00e9 sur les formations et spectacles propos\u00e9s.<\/p>\n\n\n\n<p>Adh\u00e9rer aux Assembll\u00e9s Gal\u00e8zes, c&rsquo;est d&rsquo;abord nous t\u00e9moigner votre soutien.<\/p>\n\n\n\n<p>Mais ceci vous permet \u00e9galement&nbsp;:<\/p>\n\n\n\n<ul class=\"wp-block-list\">\n<li>d&rsquo;acc\u00e9der au site priv\u00e9 des Assembll\u00e9es qui regorge de ressources photos, vid\u00e9os, sons et partitions et vous permet de garder le contact avec les personnes que vous avez connu en stage,<\/li>\n\n\n\n<li>de participer activement \u00e0 la vie de l&rsquo;association,<\/li>\n\n\n\n<li>de recevoir chaque ann\u00e9e une invitation \u00e0 l&rsquo;Assembl\u00e9e G\u00e9n\u00e9rale et son compte-rendu.<\/li>\n<\/ul>\n\n\n\n<h2 class=\"wp-block-heading\" id=\"comment_adherer\">Comment adh\u00e9rer ?<a href=\"https:\/\/assembllees-galezes.bzh\/association\/adhesion#comment_adherer\"><\/a><\/h2>\n\n\n\n<p><\/p>\n\n\n\n<p>Les adh\u00e9sions sont maintenant g\u00e9r\u00e9es sur le site de paiement <strong><a href=\"https:\/\/www.helloasso.com\/associations\/les-assembllees-galezes\/adhesions\/adhesion-assembllees-galezes-2026\" target=\"_blank\" rel=\"noreferrer noopener\">HelloAsso<\/a>\u00a0<\/strong>; que ce soit pour une premi\u00e8re adh\u00e9sion ou pour renouveler votre cotisation, en cliquant sur le lien vous pourrez remplir le formulaire et payer la cotisation en ligne.<\/p>\n\n\n\n<p><br><strong><em>Note<\/em><\/strong>&nbsp;: le formulaire vous permet de prendre plusieurs adh\u00e9sions ensemble et d&rsquo;associer un don d\u00e9fiscalis\u00e9 \u00e0 votre(vos) adh\u00e9sion(s), la d\u00e9fiscalisation s&rsquo;applique \u00e0 la somme adh\u00e9sion(s) + don <em>(si vous prenez 2 adh\u00e9sions \u00e0 15\u20ac et faites un don de 60\u20ac, l&rsquo;attestation de d\u00e9fiscalisation portera sur le total de 90\u20ac)<\/em>.<br>Il est possible de prendre d\u00e8s le mois de d\u00e9cembre une adh\u00e9sion, de soutien uniquement, pour l&rsquo;ann\u00e9e suivante, ainsi le remboursement de la partie d\u00e9fiscalis\u00e9e intervient plus t\u00f4t.<\/p>\n\n\n\n<p><strong><em>Allergique au paiement en ligne&nbsp;:<\/em><\/strong> vous pouvez \u00e9galement r\u00e9gler votre cotisation par <strong>Virement FR76 1558 9569 8909 6153 9574 054<\/strong> (BIC&nbsp;: CMBRFR2BXXX) ou <strong>ch\u00e8que<\/strong> au nom des <em>Assembll\u00e9es Gal\u00e8zes<\/em>, envoy\u00e9 \u00e0 notre adresse postale : Assembll\u00e9es Gal\u00e8zes, 1 place de l&rsquo;Audience 56430 Concoret.<br>Merci de pr\u00e9ciser vos nom, pr\u00e9nom, date de naissance, adresse, num\u00e9ro de t\u00e9l\u00e9phone et adresse de courriel \u2026 et \u00e9ventuellement vos pratiques culturelles et musicales.<\/p>\n\n\n\n<h2 class=\"wp-block-heading\"><\/h2>\n\n\n<p><iframe id=\"haWidget\" allowtransparency=\"true\" scrolling=\"auto\" src=\"https:\/\/www.helloasso.com\/associations\/les-assembllees-galezes\/adhesions\/adhesion-assembllees-galezes-2026\/widget\" style=\"width: 100%; height: 750px; border: none;\" onload=\"window.addEventListener('message', e => {const dataHeight = e.data.height; const haWidgetElement = document.getElementById(&lsquo;haWidget&rsquo;); haWidgetElement.height = dataHeight + &lsquo;px&rsquo;;})\u00a0\u00bb><\/iframe><\/p>\n","protected":false},"excerpt":{"rendered":"<p>Adh\u00e9rer aux Assembll\u00e9es Gal\u00e8zes R\u00e9glementairement, toutes les personnes inscrites en stage (et un parent des enfants mineurs) sont adh\u00e9rentes pour l&rsquo;ann\u00e9e en cours (le co\u00fbt de ces adh\u00e9sions est compris dans le prix du stage), mais vous pouvez tout \u00e0 fait \u00eatre adh\u00e9rent m\u00eame si vous ne faites pas de &hellip;<\/p>\n","protected":false},"author":2,"featured_media":0,"parent":2,"menu_order":0,"comment_status":"closed","ping_status":"closed","template":"","meta":{"footnotes":""},"class_list":["post-817","page","type-page","status-publish","hentry"],"_links":{"self":[{"href":"https:\/\/assembllees-galezes.bzh\/index.php\/wp-json\/wp\/v2\/pages\/817","targetHints":{"allow":["GET"]}}],"collection":[{"href":"https:\/\/assembllees-galezes.bzh\/index.php\/wp-json\/wp\/v2\/pages"}],"about":[{"href":"https:\/\/assembllees-galezes.bzh\/index.php\/wp-json\/wp\/v2\/types\/page"}],"author":[{"embeddable":true,"href":"https:\/\/assembllees-galezes.bzh\/index.php\/wp-json\/wp\/v2\/users\/2"}],"replies":[{"embeddable":true,"href":"https:\/\/assembllees-galezes.bzh\/index.php\/wp-json\/wp\/v2\/comments?post=817"}],"version-history":[{"count":9,"href":"https:\/\/assembllees-galezes.bzh\/index.php\/wp-json\/wp\/v2\/pages\/817\/revisions"}],"predecessor-version":[{"id":1542,"href":"https:\/\/assembllees-galezes.bzh\/index.php\/wp-json\/wp\/v2\/pages\/817\/revisions\/1542"}],"up":[{"embeddable":true,"href":"https:\/\/assembllees-galezes.bzh\/index.php\/wp-json\/wp\/v2\/pages\/2"}],"wp:attachment":[{"href":"https:\/\/assembllees-galezes.bzh\/index.php\/wp-json\/wp\/v2\/media?parent=817"}],"curies":[{"name":"wp","href":"https:\/\/api.w.org\/{rel}","templated":true}]}}